{"id":1607,"date":"2019-11-17T17:23:00","date_gmt":"2019-11-17T15:23:00","guid":{"rendered":"http:\/\/kodlyoko.pl\/?page_id=1607"},"modified":"2021-06-13T19:06:27","modified_gmt":"2021-06-13T17:06:27","slug":"o-3-miejsce-2-aiyana-storm-vs-melanie-dunbar","status":"publish","type":"page","link":"https:\/\/kodlyoko.pl\/index.php\/artykuly\/tworczosc-niekonwencjonalna\/arena\/edycja-1\/walki\/edycja-1-pozostale\/o-3-miejsce-2-aiyana-storm-vs-melanie-dunbar\/","title":{"rendered":"[O 3. miejsce 2] Aiyana Storm vs Melanie Dunbar"},"content":{"rendered":"\n<p><strong>Dwa tygodnie po wygranej Charlesa<\/strong><\/p>\n\n\n\n<p><em>Przegra\u0142a.<\/em>&nbsp;Doskonale zdawa\u0142a sobie spraw\u0119, \u017ce nie pokona tak silnie psychicznie osoby.<\/p>\n\n\n\n<p><em>Przegra\u0142a<\/em>. Zak\u0142ady m\u00f3wi\u0142y same za siebie, znaczna wi\u0119kszo\u015b\u0107 zag\u0142osuje na przeciwnika.<\/p>\n\n\n\n<p><em>Przegra\u0142a<\/em>. Jeden b\u0142\u0105d, jakim by\u0142o to spotkanie, sprawi\u0142, \u017ce odpad\u0142a na samym starcie.<\/p>\n\n\n\n<p><em>Przegra\u0142a<\/em>. Tak przynajmniej ka\u017cdy uwa\u017ca, kto ogl\u0105da\u0142.<br><\/p>\n\n\n\n<p>M\u0142oda dziewczyna, kt\u00f3rej cz\u0119\u015b\u0107 twarzy mo\u017cna zobaczy\u0107 jedynie pod \u015bwiat\u0142em latarni, czeka od pi\u0119tnastu minut na swojego klienta. Ryzykuje tym spotkaniem bardzo du\u017co. W ka\u017cdej chwili mo\u017ce plan okaza\u0107 si\u0119 totalnym fiaskiem. Wszystko jest zaplanowane.<\/p>\n\n\n\n<p>&#8211; Mam nadziej\u0119, \u017ce to wa\u017cne. Moja dziewczyna musi zna\u0107 konkretne wyt\u0142umaczenie, dlaczego zrezygnowa\u0142em z randki.<\/p>\n\n\n\n<p>&#8211; Prze\u017cyje to.<\/p>\n\n\n\n<p>Gdy ona mu odpowiedzia\u0142a, zrozumia\u0142, kto si\u0119 z nim um\u00f3wi\u0142. Nie \u017cadna Eva, kt\u00f3ra mia\u0142a mu sprzeda\u0107 kilka cennych informacji.<\/p>\n\n\n\n<p>&#8211; Nigdy nie pogodzisz si\u0119 z tym, \u017ce ci zniszczy\u0142em cudown\u0105 wizj\u0119.<\/p>\n\n\n\n<p>Dziewczyna podchodzi do swojej ofiary, a nast\u0119pnie otwiera oczy. Widzi jej czerwone oczy, kt\u00f3re nie wygl\u0105daj\u0105, jakby co\u015b bra\u0142a. To te\u017c nie s\u0105 soczewki. Chocia\u017c\u2026 mo\u017ce to prawda?<\/p>\n\n\n\n<p>&#8211; Zrozum, \u017ce jeste\u015b nikim bez tego pier\u015bcionka. Wszyscy wiedz\u0105, \u017ce tylko\u2026<\/p>\n\n\n\n<p>&#8211; Bez tego? \u2013 po tych s\u0142owach pokazuje m\u0119\u017cczy\u017anie praw\u0105 d\u0142o\u0144. Nie mo\u017ce uwierzy\u0107 w\u0142asnym oczom.<\/p>\n\n\n\n<p><em>Ona ma go normalnie na d\u0142oni.<\/em><\/p>\n\n\n\n<p><em>Nie zosta\u0142 on zniszczony.<\/em><\/p>\n\n\n\n<p><em>Zagrywka nie zadzia\u0142a.<\/em><\/p>\n\n\n\n<p><em>To nie jest ten pier\u015bcionek!<\/em><\/p>\n\n\n\n<p><em>Czym by\u0142 zatem tamten?<\/em><\/p>\n\n\n\n<p>&#8211; Jak\u2026<\/p>\n\n\n\n<p>&#8211; Mo\u017ce jestem najm\u0142odsza z p\u00f3\u0142finalist\u00f3w. Mo\u017ce przesz\u0142am dzi\u0119ki swojemu szcz\u0119\u015bciu.<\/p>\n\n\n\n<p>&#8211; Bo tak by\u0142o! \u2013 krzyczy, nie rozumiej\u0105c nic z tej sytuacji.<\/p>\n\n\n\n<p>&#8211; Ale nie jestem na tyle g\u0142upia.<\/p>\n\n\n\n<p>&#8211; Da\u0142a\u015b si\u0119 ogra\u0107 jak male\u0144kie dziecko.<\/p>\n\n\n\n<p>S\u0142ysz\u0105c co, dziewczyna wybucha \u015bmiechem. Jakby nie swoim. Jakby wst\u0105pi\u0142 w ni\u0105 jaki\u015b demon lub jedna z kordianowskich czarownic. Po kilku sekundach sk\u0142ada d\u0142onie jak do modlitwy i stuka opuszkami. Nadal nie mo\u017ce odwr\u00f3ci\u0107 uwagi od tych nienaturalnie czerwonych oczu. Ca\u0142y czas na nie patrzy.<\/p>\n\n\n\n<p><em>Ona nie jest sob\u0105.<\/em><\/p>\n\n\n\n<p><em>Kto\u015b j\u0105 op\u0119ta\u0142.<\/em><\/p>\n\n\n\n<p><em>Czy ten ca\u0142y Xana nadal \u017cyje?<\/em><\/p>\n\n\n\n<p>&#8211; Wszystkie chwyty s\u0105 dozwolone.<\/p>\n\n\n\n<p>&#8211; Nie ty jeste\u015b w finale, szczylu jeden.<\/p>\n\n\n\n<p>&#8211; Wiem o tym \u2013 odpowiada, nie przejmuj\u0105c si\u0119 znacznie tym okre\u015bleniem. \u2013 Za to ty nie umiesz gra\u0107 fair play.<\/p>\n\n\n\n<p>&#8211; U\u017cywasz mocy, kt\u00f3re dawno powinna znikn\u0105\u0107 z tego \u015bwiata.<\/p>\n\n\n\n<p>&#8211; Zosta\u0142o mi to dane.<\/p>\n\n\n\n<p>&#8211; Organizatorzy si\u0119 dowiedz\u0105\u2026<\/p>\n\n\n\n<p>&#8211; \u017be kantowa\u0142e\u015b? \u2013 przerywa gro\u017ab\u0119. U\u015bmiecha si\u0119 szyderczo, po czym dopowiada \u2013 Nie wygrasz tego. Chyba, \u017ce znowu sobie u\u0142atwisz\u2026<\/p>\n\n\n\n<p>&#8211; Wszystkie chwyty s\u0105 dozwolone \u2013 przedrze\u017ania \u201epann\u0119 Ev\u0119\u201d.<\/p>\n\n\n\n<p>&#8211; I tak tego nie wygrasz.<\/p>\n\n\n\n<p>Po tych s\u0142owach dziewczyna nak\u0142ada kaptur bardziej na twarz i odchodzi, nie patrz\u0105c na zmieszanego finalist\u0119.<\/p>\n\n\n\n<p>Jutro jej ostatnia walka<em>. Nareszcie<\/em>. Przypomina sobie o rywalce.<\/p>\n\n\n\n<p>Aiyana Storm, lat siedemna\u015bcie. Uprzedzona do bogatych i zach\u0142annych ludzi. Znana ze swojej zmiany w trzy duchowe zwierz\u0119ta. Wzi\u0119\u0142a udzia\u0142, \u017ceby zdoby\u0107 pieni\u0105dze dla swojego plemienia. Doskonale strzela z \u0142uku.<\/p>\n\n\n\n<p><em>Doskonale strzela z \u0142uku.<\/em><br><\/p>\n\n\n\n<p><strong>Dzie\u0144 walki<\/strong><br><\/p>\n\n\n\n<p>Aiyana siedzi na male\u0144kiej szafce, stukaj\u0105c paznokciami o metalow\u0105 posadzk\u0119. Nudzi j\u0105 to ci\u0105g\u0142e czekanie, w dodatku na m\u0142od\u0105 rywalk\u0119, kt\u00f3ra potrafi jedynie ucieka\u0107 od problem\u00f3w. Dodatkowo dysponowa\u0142a dziwn\u0105 moc\u0105, kt\u00f3ra zapewni\u0142a p\u00f3\u0142fina\u0142.<\/p>\n\n\n\n<p>&#8211; Jaka szkoda, \u017ce kto\u015b ci utar\u0142 nosa\u2026 &#8211; m\u00f3wi do samej siebie, \u015bmiej\u0105c si\u0119. Pokona j\u0105 bez \u017cadnych problem\u00f3w. Liczy\u0142a si\u0119 z podium. Potrzebuje pieni\u0119dzy jak najszybciej. Ca\u0142e plemi\u0119 j\u0105 wspiera. Nie mo\u017ce nikogo zawie\u015b\u0107. Zw\u0142aszcza swojej rodziny.<\/p>\n\n\n\n<p>Wtem wchodzi wysoka dziewczyna, kt\u00f3r\u0105 szybko zauwa\u017ca Indianka. Ta z kolei j\u0105 ignoruje. Szybko zmienia ziemski str\u00f3j w cyfrowy. Nadal nie rozumie, dlaczego ma takie d\u0142ugie, czarne w\u0142osy w Lyoko, chocia\u017c w realnym \u015bwiecie nie ma nawet po\u0142owy tej d\u0142ugo\u015bci. Szkoda.<\/p>\n\n\n\n<p>&#8211; My\u015bla\u0142am, \u017ce si\u0119 poddasz \u2013 komentuje Aiyana.<\/p>\n\n\n\n<p>&#8211; Podium tak \u0142atwo nie przychodzi \u2013 odgra\u017ca si\u0119 Dunbar, nie patrz\u0105c na rywalk\u0119.<\/p>\n\n\n\n<p>&#8211; Przecie\u017c tego nie wygrasz. Charles rozgryz\u0142 tw\u00f3j talizman \u2013 po tych s\u0142owach dziewczyna aktorsko wzdycha i kontynuuje. \u2013 Jaka szkoda.<\/p>\n\n\n\n<p><em>Kolejna to m\u00f3wi. Nudzi mnie to.<\/em><\/p>\n\n\n\n<p>&#8211; Do zobaczenia, Melanie. Pami\u0119taj. Gardz\u0119 takimi lud\u017ami, jak ty.<\/p>\n\n\n\n<p>Dziewczyna nie odpowiada, jedynie wzrusza ramionami. Spogl\u0105da na lustro, kt\u00f3re jest schowane w ma\u0142ej wn\u0119ce.<\/p>\n\n\n\n<p><em>Cholera jasna.<\/em><\/p>\n\n\n\n<p><em>Nie zdj\u0119\u0142am soczewek.<\/em><\/p>\n\n\n\n<p><em>Chocia\u017c\u2026 czy to \u017ale?<\/em><\/p>\n\n\n\n<p>Po chwili u\u015bmiecha si\u0119 do siebie.<br><\/p>\n\n\n\n<p>Sektor le\u015bny to ulubione miejsce do walki dla wszystkich wojownik\u00f3w. Ka\u017cdemu zale\u017cy, \u017ceby rozegra\u0107 tam pojedynek. To jedyne miejsce, gdzie nic nie powinno \u017cadnego z nich zaskoczy\u0107. \u017badne niepewne ska\u0142y, czy nowo powsta\u0142e ska\u0142y.<\/p>\n\n\n\n<p>Na cyfrowy grunt l\u0105duj\u0105 dwie uczestniczki.<\/p>\n\n\n\n<p>&#8211; Zako\u0144czymy to szybko, prawda? \u2013 pyta Melanie.<\/p>\n\n\n\n<p>&#8211; Jak sobie \u017cyczysz \u2013 odpowiada zadowolona Indianka. O to chodzi\u0142o. Mia\u0142a jak najszybciej pokona\u0107 dziewczynk\u0119, dosta\u0107 swoj\u0105 wygran\u0105 i pewien dodatkowy bonus\u2026<br><\/p>\n\n\n\n<p><strong>&gt;&gt; Macie trzy minuty na walk\u0119 &lt;&lt;<\/strong><br><\/p>\n\n\n\n<p>Storm jedynie prycha szyderczo, po czym zaczyna strzela\u0107 w swojego przeciwnika. Problemu wielkiego nie mia\u0142a Dunbar, aby unikn\u0105\u0107 zab\u00f3jczych grot\u00f3w, kt\u00f3re czai\u0142y si\u0119 na jej g\u0142ow\u0119. Dziewczyna strzela jeszcze gorzej, ni\u017c ona sama!&nbsp;<em>To by\u0142o w og\u00f3le mo\u017cliwe?<\/em><\/p>\n\n\n\n<p>&#8211; Czyli trzeba zagra\u0107 inaczej\u2026 &#8211; zastanawia si\u0119 dziewczyna. Po chwili przywo\u0142uje pierwsze zwierz\u0119.&nbsp;<em>Na pocz\u0105tek, co\u015b \u0142atwego, niech zrozumie, \u017ce nie ma tutaj miejsca dla oszustek.<\/em><\/p>\n\n\n\n<p>Czarny nied\u017awied\u017a l\u0105duje w lesie. Idealnie dla niego warunki. Zwierz\u0119 wydaje ogromny ryk na ca\u0142y sektor i rusza do ataku na dziewczyn\u0119. Melanie zaczyna tworzy\u0107 swoje schodki, \u017ceby by\u0107 du\u017co wy\u017cej od pot\u0119\u017cnego misia. Atakuje go stopniowo raz lewymi, raz prawymi atakami z d\u0142oni, chwilami zwi\u0119kszaj\u0105c pr\u0119dko\u015b\u0107 poprzez obroty.<\/p>\n\n\n\n<p>&#8211; Doskonale\u2026 g\u0142upsza, ni\u017c ustawa przewiduje \u2013 m\u00f3wi do siebie Aiyana. Podbiega bezszelestnie za dziewczyn\u0119. Jest na tyle skupiona walk\u0105 z nied\u017awiedziem, \u017ce nie zauwa\u017ca braku obecno\u015bci Indianki. Chowa si\u0119 za stary pie\u0144, a nast\u0119pnie wyci\u0105ga jedn\u0105 strza\u0142\u0119. Naci\u0105ga ci\u0119ciw\u0119 \u0142uku i pr\u00f3buje nakierowa\u0107 na g\u0142ow\u0119 dziewczyny.<\/p>\n\n\n\n<p>Zdaje sobie spraw\u0119, \u017ce to jest wyj\u0105tkowo nieczyste zachowanie.&nbsp;<em>Dura lex, sed lex.<\/em><\/p>\n\n\n\n<p>Odrobin\u0119 w g\u00f3r\u0119, w lewo\u2026 nie. W prawo. Idealnie.<\/p>\n\n\n\n<p>Melanie w idealnej chwili odwraca si\u0119 i zauwa\u017ca nakierowan\u0105 prosto na ni\u0105 strza\u0142\u0119. Robi sus w g\u00f3r\u0119, a strza\u0142a atakuje nied\u017awiedzia.<\/p>\n\n\n\n<p>&#8211; Cholera jasna\u2026<\/p>\n\n\n\n<p>Spadaj\u0105c w d\u00f3\u0142, dziewczyna atakuje swoimi pn\u0105czami czarnego zwierzaka. Na ca\u0142y sektor rozchodzi si\u0119 ryk rozpaczy i b\u00f3lu. Przez chwil\u0119 nie wie, co ma dalej robi\u0107. Po chwili nied\u017awied\u017a znika. Aiyana wychodzi z ukrycia i strzela bez opami\u0119tania, a Melanie pr\u00f3buje ci\u0105gle jej ataki odpycha\u0107. Jedna strza\u0142a trafia w jej d\u0142o\u0144.<br><\/p>\n\n\n\n<p><strong>&gt;&gt; Utrata 15 punkt\u00f3w! &lt;&lt;<\/strong><br><\/p>\n\n\n\n<p>&#8211; Chocia\u017c tyle.. \u2013 m\u00f3wi do samej siebie Aiyana.<br><\/p>\n\n\n\n<p><strong>&gt;&gt; Macie dwie minuty &lt;&lt;<\/strong><br><\/p>\n\n\n\n<p>Jak j\u0105 rozgry\u017a\u0107? Ma jeszcze dwa zwierz\u0119ta do wyboru\u2026<\/p>\n\n\n\n<p>Melanie przebiega obok niej, strzelaj\u0105c w najr\u00f3\u017cniejsze punkty cia\u0142a rywalki. Raz noga, raz g\u0142owa, raz bark, raz brzuch. Trafia przy drugim podej\u015bciu. Indianka traci 30 punkt\u00f3w.<\/p>\n\n\n\n<p>Do cyfrowego lasu wbiega kuguar. Ameryka\u0144ska puma st\u0105pa tak samo cicho, jak Aiyana. Po kilku sekundach skacze w kierunku zielonej wojowniczki. Biegnie w stron\u0119 zwierz\u0119cia, po czym schyla si\u0119, a pn\u0105cza dra\u017cni\u0105 du\u017cego kota.<\/p>\n\n\n\n<p>&#8211; Bestia ci\u0119 chyba nic nie nauczy\u0142a \u2013 komentuje Melanie, a nast\u0119pnie wzdycha teatralnie, jak Indianka przed starciem i dodaje \u2013 Jaka szkoda.<\/p>\n\n\n\n<p>Wtem Aiyana zauwa\u017ca niepokoj\u0105cy element na jej d\u0142oni.<\/p>\n\n\n\n<p><em>Ten pier\u015bcionek nie zosta\u0142 zniszczony.<\/em><\/p>\n\n\n\n<p><em>Oszuka\u0142 mnie!<\/em><br><\/p>\n\n\n\n<p><strong>&gt;&gt; Zosta\u0142a minuta &lt;&lt;<\/strong><br><\/p>\n\n\n\n<p>&#8211; To jeszcze nie koniec\u2026 &#8211; m\u00f3wi w\u015bciek\u0142a Storm i wo\u0142a swoj\u0105 ostatni\u0105 desk\u0119 ratunku. Melanie s\u0142yszy krzyk jastrz\u0119bia. Nim si\u0119 orientuje, jej przeciwnik znika, a na niebie dryfuj\u0105 dwa ptaki. Du\u017co mniejszy sok\u00f3\u0142 non stop krzyczy, pr\u00f3buj\u0105c zmyli\u0107 dziewczyn\u0119.<\/p>\n\n\n\n<p><em>Jeden z nich to musi by\u0107 ona.<\/em><\/p>\n\n\n\n<p><em>Sok\u00f3\u0142 czy jastrz\u0105b?<\/em><\/p>\n\n\n\n<p><em>Czym si\u0119 sta\u0142a \u017c\u0105dna pieni\u0119dzy dziewczyna?<\/em><\/p>\n\n\n\n<p><em>Strzelaj w dw\u00f3ch naraz.<\/em><\/p>\n\n\n\n<p>Ptaki otaczaj\u0105 dziewczyn\u0119. Jastrz\u0105b pr\u00f3buje poderwa\u0107 j\u0105 do g\u00f3ry, a sok\u00f3\u0142 nadal kr\u0105\u017cy.<\/p>\n\n\n\n<p>&#8211; To musi by\u0107 ona.<\/p>\n\n\n\n<p>Nagle Melanie rozk\u0142ada r\u0119ce w prost\u0105 lini\u0119 i zamyka oczy. Jastrz\u0105b korzysta z okazji i swoimi szponami haczy ramiona Dunbar. Strzela non stop w soko\u0142a, kt\u00f3ry kolistymi ruchami omija zielonego wroga.<\/p>\n\n\n\n<p>Pr\u00f3buje stworzy\u0107 wok\u00f3\u0142 siebie schodki, ale szarpi\u0105cy j\u0105 jastrz\u0105b nie pozwala na to. Musi pozby\u0107 si\u0119 trzeciego zwierz\u0119cia. A czasu zosta\u0142o coraz mniej\u2026<br><\/p>\n\n\n\n<p><strong>&gt;&gt; Zosta\u0142o trzydzie\u015bci sekund &lt;&lt;<\/strong><br><\/p>\n\n\n\n<p>Strzela w skrzyd\u0142a swojego oprawcy. Zwierz\u0119 puszcza dziewczyn\u0119, kt\u00f3ra od razu tworzy wok\u00f3\u0142 siebie schodki. Zauwa\u017ca soko\u0142a. Strzela w niego bez opami\u0119tania, jakby by\u0142a w jakim\u015b amoku.&nbsp;<em>Deja vu?<\/em><\/p>\n\n\n\n<p>Gdy zbli\u017ca si\u0119 do w\u0105skiego gruntu, spokojnie l\u0105duje razem z Aiyan\u0105. Nim dziewczyna wyci\u0105ga strza\u0142\u0119, zostaje zasypana deszczem pn\u0105czy.<\/p>\n\n\n\n<p>Zosta\u0142o jej dziesi\u0119\u0107 punkt\u00f3w \u017cycia.<\/p>\n\n\n\n<p>Ostatnia trafiona strza\u0142a jest prosto w serce Melanie, kt\u00f3ra j\u0105 odpycha do ty\u0142u. Zosta\u0142o jej pi\u0119\u0107 punkt\u00f3w. Ka\u017cda z nich mo\u017ce wygra\u0107.<br><\/p>\n\n\n\n<p><strong>&gt;&gt; Zosta\u0142o dziesi\u0119\u0107 sekund &lt;&lt;<\/strong><br><\/p>\n\n\n\n<p>Melanie stara si\u0119 podnie\u015b\u0107, ale trafienie parali\u017cuje j\u0105 od pasa w d\u00f3\u0142. Widzi skacz\u0105c\u0105 na ni\u0105 Aiyan\u0119 z na\u0142o\u017con\u0105 na ci\u0119ciw\u0119 strza\u0142a. Korzysta ze swojej ostatniej broni.<\/p>\n\n\n\n<p>Pier\u015bcionek tworzy tarcz\u0119, kt\u00f3ra chroni jej ca\u0142y tu\u0142\u00f3w. Groty odbijaj\u0105 si\u0119 i spadaj\u0105 w nieznan\u0105 nikomu otch\u0142a\u0144. Zdezorientowana Indianka szybko zamienia si\u0119 w w\u0119drownego soko\u0142a, aby nie zaliczy\u0107 bliskiego spotkania z tarcz\u0105.<\/p>\n\n\n\n<p>Melanie chowa d\u0142o\u0144 i strzela po raz ostatni.<\/p>\n\n\n\n<p>Zaatakowany sok\u00f3\u0142 zmienia si\u0119 w Aiyan\u0119, a po uderzeniu w cyfrowy teren zaczyna zmienia\u0107 si\u0119 w proch. Dewirutalizuje si\u0119 dwie sekundy przed ko\u0144cem walki.<\/p>\n\n\n\n<p>Zanim znika z le\u015bnego sektora, wstaje zdyszana potyczk\u0105. Jest z siebie bardzo dumna. Treningi nie posz\u0142y na marne, a pewno\u015b\u0107 przeciwnika doprowadzi\u0142a go do zag\u0142ady.<br><\/p>\n\n\n\n<p><strong>Godzina po walce p\u00f3\u0142finalistek<\/strong><br><\/p>\n\n\n\n<p>Dziewczyna wchodzi pewnie do podziemia. Jest w\u015bciek\u0142a na swoj\u0105 g\u0142upot\u0119. Jak mog\u0142a mu zaufa\u0107? By\u0142a tak pewna siebie, \u017ce liczy\u0142a na prost\u0105 walk\u0119. Tymczasem co? Przegra\u0142a z najs\u0142abszym ogniwem p\u00f3\u0142fina\u0142u!<\/p>\n\n\n\n<p>&#8211; S\u0142abo co\u015b ci posz\u0142o \u2013 komentuje m\u0119\u017cczyzna, pal\u0105c cygaro.<\/p>\n\n\n\n<p>&#8211; Zamknij si\u0119. Oszuka\u0142e\u015b mnie.<\/p>\n\n\n\n<p>&#8211; Nie ja ciebie, tylko ona mnie. Nie s\u0105dzi\u0142em, \u017ce zniszcz\u0119 atrap\u0119.<\/p>\n\n\n\n<p>&#8211; Daj mi to, co trzeba i id\u0119 st\u0105d.<\/p>\n\n\n\n<p>&#8211; Chyba sobie \u017cartujesz \u2013 m\u0119\u017cczyzna \u015bmieje si\u0119 na s\u0142owa czarnow\u0142osej.<\/p>\n\n\n\n<p>&#8211; Obieca\u0142e\u015b\u2026<\/p>\n\n\n\n<p>&#8211; Obieca\u0142em ci, ze cz\u0119\u015b\u0107 pieni\u0119dzy z mojej wygranej dostaniesz, jak wygrasz.<\/p>\n\n\n\n<p>&#8211; Ty k\u0142amco!<\/p>\n\n\n\n<p>Dziewczyna rzuca si\u0119 na m\u0119\u017cczyzn\u0119. Przygniata go do \u015bciany, jednak zdrowy rozs\u0105dek zabrania jej jakiejkolwiek kroku dalej. To finalista. W ka\u017cdej chwili mo\u017ce j\u0105 zniszczy\u0107.<\/p>\n\n\n\n<p>&#8211; By\u0142o wygra\u0107, moja droga.<\/p>\n\n\n\n<p>&#8211; Doigrasz si\u0119. Nikt nie pozwoli ci wygra\u0107 \u2013 Indianka wychodzi z pomieszczenia. M\u0119\u017cczyzna jedynie podnosi cygaro i poprawia czarn\u0105 koszul\u0119. Nast\u0119pnie dopija szkock\u0105 whisky ze szklanki i spokojnie siada. Musi sobie wszystko przemy\u015ble\u0107.<\/p>\n\n\n\n<p><em>Czy faktycznie Indianka przeszkodzi mi na fina\u0142?<\/em><\/p>\n\n\n\n<p><em>Jak ona przemy\u015bla\u0142a m\u00f3j plan?<\/em><\/p>\n\n\n\n<p><em>Gdzie jest ten prawdziwy pier\u015bcionek?<\/em><br><\/p>\n\n\n\n<p><strong>Dwie godziny po walce p\u00f3\u0142finalistek<\/strong><br><\/p>\n\n\n\n<p>Melanie siedzi nadal przy grobie, gdzie wcze\u015bniej zaprowadzi\u0142 j\u0105 by\u0142y przeciwnik. Spogl\u0105da na zniszczon\u0105 p\u0142yt\u0119, kt\u00f3r\u0105 w\u0142adze nawet si\u0119 nie zainteresowa\u0142y.<\/p>\n\n\n\n<p>Gdy tylko przypomina sobie dzie\u0144 spotkania, przechodz\u0105 j\u0105 dreszcze. Desperacja tego cz\u0142owieka jest jeszcze wi\u0119ksza, ni\u017c jej w\u0142asna. Nie s\u0105dzi\u0142a, \u017ce co\u015b takiego mo\u017ce si\u0119 zdarzy\u0107 przez zwyk\u0142y turniej.<\/p>\n\n\n\n<p>Jesienna aura otacza to miejsce, tworz\u0105c je jeszcze bardziej tajemniczym dla nieznanych rzekomo mocy.<\/p>\n\n\n\n<p>Wyci\u0105ga lew\u0105 d\u0142o\u0144 przed siebie. W ciemno\u015bciach sygnet b\u0142yszczy. Tylko b\u0142yszczy. Nic si\u0119 z nim nie dzieje. A siedzi podobno przy fizycznym ciele Xany.<\/p>\n\n\n\n<p>&#8211;&nbsp;<em>Quo Vadis<\/em>, Xana? \u2013 pyta Melanie zniszczony nagrobek. \u2013&nbsp;<em>Quo Vadis\u2026<\/em><\/p>\n","protected":false},"excerpt":{"rendered":"<p>Dwa tygodnie po wygranej Charlesa Przegra\u0142a.&nbsp;Doskonale zdawa\u0142a sobie spraw\u0119, \u017ce nie pokona tak silnie psychicznie osoby. Przegra\u0142a. Zak\u0142ady m\u00f3wi\u0142y same za siebie, znaczna wi\u0119kszo\u015b\u0107 zag\u0142osuje na przeciwnika. Przegra\u0142a. Jeden b\u0142\u0105d, jakim by\u0142o to spotkanie, sprawi\u0142, \u017ce odpad\u0142a na samym starcie. Przegra\u0142a. Tak przynajmniej ka\u017cdy uwa\u017ca, kto ogl\u0105da\u0142. M\u0142oda dziewczyna, kt\u00f3rej cz\u0119\u015b\u0107 twarzy mo\u017cna zobaczy\u0107 jedynie &hellip;<br \/><a href=\"https:\/\/kodlyoko.pl\/index.php\/artykuly\/tworczosc-niekonwencjonalna\/arena\/edycja-1\/walki\/edycja-1-pozostale\/o-3-miejsce-2-aiyana-storm-vs-melanie-dunbar\/\" class=\"more-link pen_button pen_element_default pen_icon_arrow_double\">Read more<\/a><\/p>\n","protected":false},"author":7,"featured_media":0,"parent":2457,"menu_order":15,"comment_status":"open","ping_status":"closed","template":"","meta":{"footnotes":""},"categories":[20],"tags":[],"class_list":["post-1607","page","type-page","status-publish","hentry","category-artykuly-areny"],"_links":{"self":[{"href":"https:\/\/kodlyoko.pl\/index.php\/wp-json\/wp\/v2\/pages\/1607","targetHints":{"allow":["GET"]}}],"collection":[{"href":"https:\/\/kodlyoko.pl\/index.php\/wp-json\/wp\/v2\/pages"}],"about":[{"href":"https:\/\/kodlyoko.pl\/index.php\/wp-json\/wp\/v2\/types\/page"}],"author":[{"embeddable":true,"href":"https:\/\/kodlyoko.pl\/index.php\/wp-json\/wp\/v2\/users\/7"}],"replies":[{"embeddable":true,"href":"https:\/\/kodlyoko.pl\/index.php\/wp-json\/wp\/v2\/comments?post=1607"}],"version-history":[{"count":1,"href":"https:\/\/kodlyoko.pl\/index.php\/wp-json\/wp\/v2\/pages\/1607\/revisions"}],"predecessor-version":[{"id":1608,"href":"https:\/\/kodlyoko.pl\/index.php\/wp-json\/wp\/v2\/pages\/1607\/revisions\/1608"}],"up":[{"embeddable":true,"href":"https:\/\/kodlyoko.pl\/index.php\/wp-json\/wp\/v2\/pages\/2457"}],"wp:attachment":[{"href":"https:\/\/kodlyoko.pl\/index.php\/wp-json\/wp\/v2\/media?parent=1607"}],"wp:term":[{"taxonomy":"category","embeddable":true,"href":"https:\/\/kodlyoko.pl\/index.php\/wp-json\/wp\/v2\/categories?post=1607"},{"taxonomy":"post_tag","embeddable":true,"href":"https:\/\/kodlyoko.pl\/index.php\/wp-json\/wp\/v2\/tags?post=1607"}],"curies":[{"name":"wp","href":"https:\/\/api.w.org\/{rel}","templated":true}]}}