{"id":1603,"date":"2019-11-11T18:40:00","date_gmt":"2019-11-11T16:40:00","guid":{"rendered":"http:\/\/kodlyoko.pl\/?page_id=1603"},"modified":"2021-06-13T19:05:34","modified_gmt":"2021-06-13T17:05:34","slug":"dodatkowa-1-2-loyyd-sten-vs-tamara-benedette","status":"publish","type":"page","link":"https:\/\/kodlyoko.pl\/index.php\/artykuly\/tworczosc-niekonwencjonalna\/arena\/edycja-1\/walki\/edycja-1-pozostale\/dodatkowa-1-2-loyyd-sten-vs-tamara-benedette\/","title":{"rendered":"[Dodatkowa 1-2] Loyyd Sten vs Tamara Benedette"},"content":{"rendered":"\n<p>Dwaj bohaterowie zostali przeniesieni do Kory. Ch\u0142opak si\u0119 schowa\u0142, a dziewczyna uderzy\u0142a w ziemi\u0119 i przez ca\u0142\u0105 kor\u0119 przelecia\u0142a fala d\u017awi\u0119kowa. Przez chwil\u0119 nic si\u0119 nie sta\u0142o. Nagle wojownikowi zacz\u0119\u0142o si\u0119 kr\u0119ci\u0107 w g\u0142owie i zupe\u0142nie nic nie s\u0142ysza\u0142. Postanowi\u0142 znale\u017a\u0107 jaki\u015b kamie\u0144, by zdezorientowa\u0107 Tamar\u0119. Gdy znalaz\u0142 kamie\u0144, ucieszy\u0142 si\u0119 i odzyska\u0142 s\u0142uch oraz m\u00f3g\u0142 swobodnie obmy\u015bli\u0107 plan dzia\u0142ania.<\/p>\n\n\n\n<p>&#8211; No to tak. Rzuc\u0119 kamie\u0144 w jakie\u015b g\u0119ste miejsce, ona tam pobiegnie, ja j\u0105 od ty\u0142u zajd\u0119 i przy okazji u\u017cyj\u0119 niewidzialno\u015bci. Ale najpierw musz\u0119 si\u0119 wspi\u0105\u0107 na ten blok.<\/p>\n\n\n\n<p>Ch\u0142opak wyj\u0105\u0142 dwa no\u017ce i zacz\u0105\u0142 wspinaczk\u0119. Dziewczyna chodzi\u0142a pomi\u0119dzy blokami i szepc\u0105c sobie pod nosem:<\/p>\n\n\n\n<p>&#8211; Na pewno jest gdzie\u015b tu!<\/p>\n\n\n\n<p>Nagle zobaczy\u0142a wyryty napis \u201eNa pewno nie poszed\u0142em w prawo!\u201d<\/p>\n\n\n\n<p>&#8211; Pff, to ja id\u0119 w lewo \u2013 o\u015bwiadczy\u0142a dziewczyna i wyj\u0119\u0142a trzy no\u017ce. Zobaczy\u0142a sylwetk\u0119, rzuci\u0142a w ni\u0105 trzema no\u017cami.<\/p>\n\n\n\n<p>Posta\u0107 si\u0119 w og\u00f3le nie ruszy\u0142a, ale wtedy zabrzmia\u0142 g\u0142os:<\/p>\n\n\n\n<p>&#8211; My\u015blisz, \u017ce ci tak \u0142atwo p\u00f3jdzie?<\/p>\n\n\n\n<p>&#8211; No jasne, a co ty sobie my\u015blisz? \u2013 odpowiedzia\u0142 i wys\u0142a\u0142a fal\u0119 d\u017awi\u0119ku. Ch\u0142opak odskoczy\u0142 i rzuci\u0142 w bohaterk\u0119 mieczem. Szybko si\u0119 rzuci\u0142a, by unikn\u0105\u0107 ostrza.<\/p>\n\n\n\n<p>Niestety nie uda\u0142o si\u0119 jej unikn\u0105\u0107 obra\u017ce\u0144.<\/p>\n\n\n\n<p>Samuraj si\u0119 za\u015bmia\u0142 i stwierdzi\u0142:<\/p>\n\n\n\n<p>&#8211; To co, 1 do 1?<\/p>\n\n\n\n<p>Dziewczyna si\u0119 u\u015bmiechn\u0119\u0142a:<\/p>\n\n\n\n<p>&#8211; Jak na takiego niskiego ludzika walczysz ca\u0142kiem nie\u017ale!<\/p>\n\n\n\n<p>Oboje rzucili si\u0119 po swoje bronie, gdy wci\u0105gn\u0119li je za \u015bcian, wyskoczyli na \u015bciany i zacz\u0119li uderza\u0107 si\u0119 mieczami. Oboje walczyli po r\u00f3wno, przez co ani razu nikt nie dozna\u0142 obra\u017cenia.<\/p>\n\n\n\n<p>Nagle zabrzmia\u0142y jakie\u015b dziwne d\u017awi\u0119ki i wszystko zacz\u0119\u0142o si\u0119 trz\u0105\u015b\u0107.<\/p>\n\n\n\n<p>&#8211; Co\u015b ty zrobi\u0142a? \u2013 zapyta\u0142 przera\u017cony.<\/p>\n\n\n\n<p>&#8211; J\u2026 Ja nic nie zrobi\u0142am! \u2013 odpowiedzia\u0142a.<\/p>\n\n\n\n<p>Wtedy pod nimi zacz\u0119\u0142y si\u0119 rozdziela\u0107 platformy. Bohaterowie zastygli ze strachu. Wtem pod nimi by\u0142o cyfrowe morze i ci zacz\u0119li spada\u0107. Loyyd zachowa\u0142 zimn\u0105 krew i rzuci\u0142 dwa miecze w \u015bcian\u0119. Z\u0142apa\u0142 si\u0119 ich. Tamara nie mia\u0142a tyle szcz\u0119\u015bcia i spada\u0142a. Wtem prowadz\u0105ca postanowi\u0142a zgasi\u0107 \u015bwiat\u0142a dla klimatu i nikt nie widzia\u0142, co si\u0119 sta\u0142o.<\/p>\n\n\n\n<p>Loyyd mia\u0142 ma\u0142o na wyb\u00f3r.<\/p>\n\n\n\n<p>Uratowa\u0107 Tamar\u0119, czy da\u0107 jej spa\u015b\u0107.<\/p>\n\n\n\n<p>&#8211; Kurde, jak dam jej spa\u015b\u0107, to wygram, ale b\u0119d\u0119 mia\u0142 j\u0105 na sumieniu i nie b\u0119dzie, \u017ce j\u0105 pokona\u0142em.<\/p>\n\n\n\n<p>Ch\u0142opak wyj\u0105\u0142 swojego asa w r\u0119kawie, a by\u0142 nim shuriken przyci\u0105gany do sznurka. Szybko rzuci\u0142 shurikenem w stron\u0119 dziewczyny i krzykn\u0105\u0142:<\/p>\n\n\n\n<p>&#8211; Tamara, orient!<\/p>\n\n\n\n<p>Dziewczyna z\u0142apa\u0142a sznurek, a ch\u0142opak zacz\u0105\u0142 si\u0119 wspina\u0107, ci\u0105gn\u0105c dziewczyn\u0119 za sob\u0105. Gdy dotarli na g\u00f3r\u0119, dziewczyna podzi\u0119kowa\u0142a i spyta\u0142a, co dalej. Na to on:<\/p>\n\n\n\n<p>&#8211; No co, walczymy dalej \u2013 u\u015bmiechn\u0105\u0142 si\u0119 i wyci\u0105gn\u0105\u0142 miecze i rzuci\u0142 si\u0119 na ni\u0105. Ona wyci\u0105gn\u0119\u0142a sw\u00f3j miecz i zacz\u0119\u0142a do atakowa\u0107. Ch\u0142opak u\u017cy\u0142 niewidzialno\u015bci i skoczy\u0142 za dziewczyn\u0119, ko\u0144cz\u0105c akcj\u0119 rzutem shurikenem i mieczem, co zdewirtualizowa\u0142o dziewczyn\u0119. Ch\u0142opak us\u0142ysza\u0142 g\u0142os:<\/p>\n\n\n\n<p>&gt;&gt; Gratulacje, wygra\u0142e\u015b rund\u0119 pokazow\u0105 przed Wielkim Fina\u0142em! &lt;&lt;<\/p>\n\n\n\n<p>Ch\u0142opak wyj\u0105\u0142 miecz i go podni\u00f3s\u0142 na znak zwyci\u0119stwa. Potem poszed\u0142 odpocz\u0105\u0107 po m\u0119cz\u0105cej walce.<\/p>\n","protected":false},"excerpt":{"rendered":"<p>Dwaj bohaterowie zostali przeniesieni do Kory. Ch\u0142opak si\u0119 schowa\u0142, a dziewczyna uderzy\u0142a w ziemi\u0119 i przez ca\u0142\u0105 kor\u0119 przelecia\u0142a fala d\u017awi\u0119kowa. Przez chwil\u0119 nic si\u0119 nie sta\u0142o. Nagle wojownikowi zacz\u0119\u0142o si\u0119 kr\u0119ci\u0107 w g\u0142owie i zupe\u0142nie nic nie s\u0142ysza\u0142. Postanowi\u0142 znale\u017a\u0107 jaki\u015b kamie\u0144, by zdezorientowa\u0107 Tamar\u0119. Gdy znalaz\u0142 kamie\u0144, ucieszy\u0142 si\u0119 i odzyska\u0142 s\u0142uch oraz &hellip;<br \/><a href=\"https:\/\/kodlyoko.pl\/index.php\/artykuly\/tworczosc-niekonwencjonalna\/arena\/edycja-1\/walki\/edycja-1-pozostale\/dodatkowa-1-2-loyyd-sten-vs-tamara-benedette\/\" class=\"more-link pen_button pen_element_default pen_icon_arrow_double\">Read more<\/a><\/p>\n","protected":false},"author":7,"featured_media":0,"parent":2457,"menu_order":13,"comment_status":"open","ping_status":"closed","template":"","meta":{"footnotes":""},"categories":[20],"tags":[],"class_list":["post-1603","page","type-page","status-publish","hentry","category-artykuly-areny"],"_links":{"self":[{"href":"https:\/\/kodlyoko.pl\/index.php\/wp-json\/wp\/v2\/pages\/1603","targetHints":{"allow":["GET"]}}],"collection":[{"href":"https:\/\/kodlyoko.pl\/index.php\/wp-json\/wp\/v2\/pages"}],"about":[{"href":"https:\/\/kodlyoko.pl\/index.php\/wp-json\/wp\/v2\/types\/page"}],"author":[{"embeddable":true,"href":"https:\/\/kodlyoko.pl\/index.php\/wp-json\/wp\/v2\/users\/7"}],"replies":[{"embeddable":true,"href":"https:\/\/kodlyoko.pl\/index.php\/wp-json\/wp\/v2\/comments?post=1603"}],"version-history":[{"count":1,"href":"https:\/\/kodlyoko.pl\/index.php\/wp-json\/wp\/v2\/pages\/1603\/revisions"}],"predecessor-version":[{"id":1604,"href":"https:\/\/kodlyoko.pl\/index.php\/wp-json\/wp\/v2\/pages\/1603\/revisions\/1604"}],"up":[{"embeddable":true,"href":"https:\/\/kodlyoko.pl\/index.php\/wp-json\/wp\/v2\/pages\/2457"}],"wp:attachment":[{"href":"https:\/\/kodlyoko.pl\/index.php\/wp-json\/wp\/v2\/media?parent=1603"}],"wp:term":[{"taxonomy":"category","embeddable":true,"href":"https:\/\/kodlyoko.pl\/index.php\/wp-json\/wp\/v2\/categories?post=1603"},{"taxonomy":"post_tag","embeddable":true,"href":"https:\/\/kodlyoko.pl\/index.php\/wp-json\/wp\/v2\/tags?post=1603"}],"curies":[{"name":"wp","href":"https:\/\/api.w.org\/{rel}","templated":true}]}}