{"id":1601,"date":"2019-11-11T18:15:00","date_gmt":"2019-11-11T16:15:00","guid":{"rendered":"http:\/\/kodlyoko.pl\/?page_id=1601"},"modified":"2021-06-13T19:04:33","modified_gmt":"2021-06-13T17:04:33","slug":"dodatkowa-1-1-loyyd-sten-vs-tamara-benedette","status":"publish","type":"page","link":"https:\/\/kodlyoko.pl\/index.php\/artykuly\/tworczosc-niekonwencjonalna\/arena\/edycja-1\/walki\/edycja-1-pozostale\/dodatkowa-1-1-loyyd-sten-vs-tamara-benedette\/","title":{"rendered":"[Dodatkowa 1-1] Loyyd Sten vs Tamara Benedette"},"content":{"rendered":"\n<p>Tamara przykucn\u0119\u0142a na p\u0119dz\u0105cej w g\u00f3r\u0119 platformie, staraj\u0105c si\u0119 chwil\u0119 odsapn\u0105\u0107. Walka trwa\u0142a od dobrych kilkunastu minut i nic nie wskazywa\u0142o na to, by ktokolwiek mia\u0142 j\u0105 wygra\u0107. Mieli podobn\u0105 ilo\u015b\u0107 punkt\u00f3w. Od kiedy wytr\u0105ci\u0142a Loyydowi jeden z mieczy, gdy platformy rusza\u0142y si\u0119 po raz pierwszy, nie zadali sobie ani jednego obra\u017cenia. Odbijali nawzajem swoje ciosy, a wszystko dzia\u0142o si\u0119 na tyle szybko, \u017ce dziewczyna nie mia\u0142a szansy wyj\u0105\u0107 no\u017cy. Loyyd by\u0142 ca\u0142kiem niez\u0142y, jak na trzynastolatka. Musia\u0142 nie\u017ale trenowa\u0107, po tym jak przegra\u0142 z Melanie. Zreszt\u0105 Tamara te\u017c. Przetrzepali j\u0105 porz\u0105dnie. Je\u015bli tym razem te\u017c przegra, mo\u017ce zapomnie\u0107 o udziale w kolejnych edycjach.<br>Kora przesta\u0142a si\u0119 rusza\u0107, wi\u0119c dziewczyna wsta\u0142a. Rozejrza\u0142a si\u0119 wok\u00f3\u0142 i roztoczy\u0142a wok\u00f3\u0142 siebie g\u0142o\u015bn\u0105 fal\u0119 d\u017awi\u0119kow\u0105. By\u0142a prawie pewna, \u017ce Loyyda nie ma na platformie, bo raczej by to wykorzysta\u0142, ale wola\u0142a nie ryzykowa\u0107. Podesz\u0142a do kraw\u0119dzi, spojrza\u0142a w d\u00f3\u0142. Nie by\u0142o daleko do ni\u017cszych platform. W razie potrzeby zdo\u0142a bez przeszk\u00f3d zej\u015b\u0107 na d\u00f3\u0142. Wyj\u0119\u0142a n\u00f3\u017c, wzdychaj\u0105c ci\u0119\u017cko. Powinna najpierw namierzy\u0107 przeciwnika, zanim zacznie dzia\u0142a\u0107. D\u017awi\u0119k nie dawa\u0142 jej zbyt du\u017cych mo\u017cliwo\u015bci ataku. Poza tym ju\u017c zdradzi\u0142a swoj\u0105 pozycj\u0119. Wystarczy\u0142o poczeka\u0107. Liczy\u0142a, \u017ce Loyyd spr\u00f3buje j\u0105 podej\u015b\u0107. Wtedy og\u0142uszy go regeneruj\u0105c\u0105 si\u0119 od jakiego\u015b czasu si\u0142\u0105 ataku, i wyko\u0144czy go mieczem, czy tam no\u017cem. Od biedy, je\u015bli zauwa\u017cy go wystarczaj\u0105co wcze\u015bnie, mo\u017ce po prostu trafi\u0107 go no\u017cami. Trzech strza\u0142\u00f3w w g\u0142ow\u0119 na pewno nie przetrzyma.<br>Ch\u0142opak pojawi\u0142 si\u0119 dosy\u0107 szybko. Widzia\u0142a k\u0105tem oka, jak wspina si\u0119 po platformach, staraj\u0105c nie da\u0107 si\u0119 zauwa\u017cy\u0107. Liczy\u0142 na to, \u017ce z tej odleg\u0142o\u015bci Tamara nie zwr\u00f3ci na niego uwagi. C\u00f3\u017c. Kolejny plus dla niej &#8211; zwr\u00f3ci\u0142a. I w razie potrzeby mia\u0142a inn\u0105 drog\u0119 ucieczki. A schodzi\u0107 w d\u00f3\u0142 jest o wiele szybciej, ni\u017c wspina\u0107 si\u0119 pod g\u00f3r\u0119. W ko\u0144cu Loyyd za\u0142\u0105czy\u0142 swoja umiej\u0119tno\u015b\u0107, wi\u0119c nale\u017ca\u0142o chwilowo si\u0119 wycofa\u0107. Dziewczyna zeskoczy\u0142a na ni\u017csz\u0105 platform\u0119, pobieg\u0142a do kolejnej. Mia\u0142a nadziej\u0119, \u017ce Loyyd nie b\u0119dzie na tyle bystry, by si\u0119 cofa\u0107, tylko pobiegnie za ni\u0105. W ko\u0144cu od kt\u00f3rego\u015b momentu b\u0119dzie schodzi\u0142a t\u0105 sam\u0105 drog\u0105, po kt\u00f3rej on przed chwil\u0105 szed\u0142. \u0179le, \u017ce nie mog\u0142a go zobaczy\u0107. Musia\u0142a by\u0107 czujna. Dresiarz. Jak ona nienawidzi\u0142a dresiarzy. W mie\u015bcie, w kt\u00f3rym mia\u0142a siedzib\u0119 jej Gildia by\u0142a taka grupka. Szcz\u0119\u015bciarze, mieli naprawd\u0119 przydatne moce. Dobrze, \u017ce niekt\u00f3rych nie da\u0142o si\u0119 u\u017cywa\u0107 w miastach&#8230;<br>Tamara rozproszy\u0142a si\u0119 na tyle, \u017ce nie zauwa\u017cy\u0142a za\u0142amania wirtualnego powietrza. Ataku unikn\u0119\u0142a tylko dzi\u0119ki cichemu \u015bwistowi. Szybko podnios\u0142a miecz i odepchn\u0119\u0142a ostrze. Loyyd, ju\u017c w pe\u0142ni widoczny, sta\u0142 tu\u017c obok.<br>~Bystry dzieciak ~ pomy\u015bla\u0142a.\u00a0 ~ Zauwa\u017cy\u0142.<br>Odskoczy\u0142a i przyj\u0119\u0142a pozycj\u0119 obronn\u0105. Czeka\u0142a na jego ruch. Rzeczywi\u015bcie zaatakowa\u0142. Mimo wszystko nie domy\u015bli\u0142 si\u0119, \u017ce to pu\u0142apka. Tamara wyda\u0142a polecenie. Przera\u017aliwy pisk rozleg\u0142 si\u0119 w Korze. Ch\u0142opak stan\u0105\u0142 jak s\u0142up. Oczy wychodzi\u0142y mu z orbit, usta u\u0142o\u017cy\u0142y si\u0119 w niemym krzyku. Tamara mia\u0142a tylko kilka sekund. Rzuci\u0142a no\u017cem mi\u0119dzy oczy i pobieg\u0142a w jego stron\u0119, wyci\u0105gaj\u0105c drugi. Ci\u0119\u0142a mieczem, potem wbi\u0142a mu n\u00f3\u017c w serce, mimo, \u017ce ju\u017c chwil\u0119 wcze\u015bniej pojawi\u0142a si\u0119 animacja dewirtualizacji. Przekr\u0119ci\u0142a go jeszcze. Oddycha\u0142a szybko. Czu\u0142a satysfakcj\u0119. Ch\u0119tnie wbi\u0142aby n\u00f3\u017c w Charlesa. Prosto w serce. Przebi\u0142aby go na wylot&#8230;<\/p>\n","protected":false},"excerpt":{"rendered":"<p>Tamara przykucn\u0119\u0142a na p\u0119dz\u0105cej w g\u00f3r\u0119 platformie, staraj\u0105c si\u0119 chwil\u0119 odsapn\u0105\u0107. Walka trwa\u0142a od dobrych kilkunastu minut i nic nie wskazywa\u0142o na to, by ktokolwiek mia\u0142 j\u0105 wygra\u0107. Mieli podobn\u0105 ilo\u015b\u0107 punkt\u00f3w. Od kiedy wytr\u0105ci\u0142a Loyydowi jeden z mieczy, gdy platformy rusza\u0142y si\u0119 po raz pierwszy, nie zadali sobie ani jednego obra\u017cenia. Odbijali nawzajem swoje &hellip;<br \/><a href=\"https:\/\/kodlyoko.pl\/index.php\/artykuly\/tworczosc-niekonwencjonalna\/arena\/edycja-1\/walki\/edycja-1-pozostale\/dodatkowa-1-1-loyyd-sten-vs-tamara-benedette\/\" class=\"more-link pen_button pen_element_default pen_icon_arrow_double\">Read more<\/a><\/p>\n","protected":false},"author":7,"featured_media":0,"parent":2457,"menu_order":12,"comment_status":"open","ping_status":"closed","template":"","meta":{"footnotes":""},"categories":[20],"tags":[],"class_list":["post-1601","page","type-page","status-publish","hentry","category-artykuly-areny"],"_links":{"self":[{"href":"https:\/\/kodlyoko.pl\/index.php\/wp-json\/wp\/v2\/pages\/1601","targetHints":{"allow":["GET"]}}],"collection":[{"href":"https:\/\/kodlyoko.pl\/index.php\/wp-json\/wp\/v2\/pages"}],"about":[{"href":"https:\/\/kodlyoko.pl\/index.php\/wp-json\/wp\/v2\/types\/page"}],"author":[{"embeddable":true,"href":"https:\/\/kodlyoko.pl\/index.php\/wp-json\/wp\/v2\/users\/7"}],"replies":[{"embeddable":true,"href":"https:\/\/kodlyoko.pl\/index.php\/wp-json\/wp\/v2\/comments?post=1601"}],"version-history":[{"count":1,"href":"https:\/\/kodlyoko.pl\/index.php\/wp-json\/wp\/v2\/pages\/1601\/revisions"}],"predecessor-version":[{"id":1602,"href":"https:\/\/kodlyoko.pl\/index.php\/wp-json\/wp\/v2\/pages\/1601\/revisions\/1602"}],"up":[{"embeddable":true,"href":"https:\/\/kodlyoko.pl\/index.php\/wp-json\/wp\/v2\/pages\/2457"}],"wp:attachment":[{"href":"https:\/\/kodlyoko.pl\/index.php\/wp-json\/wp\/v2\/media?parent=1601"}],"wp:term":[{"taxonomy":"category","embeddable":true,"href":"https:\/\/kodlyoko.pl\/index.php\/wp-json\/wp\/v2\/categories?post=1601"},{"taxonomy":"post_tag","embeddable":true,"href":"https:\/\/kodlyoko.pl\/index.php\/wp-json\/wp\/v2\/tags?post=1601"}],"curies":[{"name":"wp","href":"https:\/\/api.w.org\/{rel}","templated":true}]}}