{"id":1414,"date":"2018-11-09T13:19:00","date_gmt":"2018-11-09T11:19:00","guid":{"rendered":"http:\/\/kodlyoko.pl\/?page_id=1414"},"modified":"2021-04-25T13:27:21","modified_gmt":"2021-04-25T11:27:21","slug":"rozdzial-0-prolog","status":"publish","type":"page","link":"https:\/\/kodlyoko.pl\/index.php\/artykuly\/opowiadania\/serie\/fake-love\/rozdzial-0-prolog\/","title":{"rendered":"Rozdzia\u0142 0 &#8211; Prolog"},"content":{"rendered":"\n<p class=\"has-drop-cap\">Dwudziestoletnia kobieta przynosi do ogromnego salonu tac\u0119, na kt\u00f3rej znajduje si\u0119 porcelanowy imbryk, dwie fili\u017canki wype\u0142nione gor\u0105c\u0105 herbat\u0105 oraz przezroczysty talerzyk z pi\u0119cioma kruchymi ciasteczkami. Niesie w miar\u0119 sprawnie, jednak delikatnie trz\u0119s\u0105 jej si\u0119 r\u0119ce przed obaw\u0105 upuszczenia przygotowanego zestawu. Nie chce, aby pani Vallat si\u0119 na niej zawiod\u0142a \u2013 uwa\u017ca j\u0105 za swoj\u0105 ulubion\u0105 pomocnic\u0119 w swojej posiad\u0142o\u015bci. Wa\u017cna jest dla niej ta praca, inaczej znowu b\u0119dzie musia\u0142a prosi\u0107 o pomoc Jeremiego. Pragn\u0119\u0142a samodzielno\u015bci.<\/p>\n\n\n\n<p>&nbsp;&nbsp;&nbsp;&nbsp;&nbsp;&nbsp;&nbsp;&nbsp;&nbsp;&nbsp;&nbsp; &#8211; Dzi\u0119kuj\u0119 ci, Aelito \u2013 komentuje prze\u0142o\u017cona dziewczyny z u\u015bmiechem. \u2013 Ci\u0105gle nie mog\u0119 przesta\u0107 zachwyca\u0107 si\u0119 twoim r\u00f3\u017cowym kolorem w\u0142os\u00f3w, tylko dodaje ci uroku.<\/p>\n\n\n\n<p>&nbsp;&nbsp;&nbsp;&nbsp;&nbsp;&nbsp;&nbsp;&nbsp;&nbsp;&nbsp;&nbsp; &#8211; Mi\u0142o mi to s\u0142ysze\u0107 \u2013 odpowiada z lekkim zaczerwieniem na twarzy. Spogl\u0105da na now\u0105 klientk\u0119. Siedzi po turecku, ca\u0142a roztrz\u0119siona i smutna. Nieznajoma jest bardzo wysoka i szczup\u0142a. Ma urod\u0119 azjatyck\u0105, jednak wyra\u017ane zm\u0119czenie widoczne na jej twarzy przygn\u0119bia lekko Aelit\u0119. Nie znosi patrze\u0107 na ludzkie cierpienie. Gdyby tylko mog\u0142a, z pewno\u015bci\u0105 by pomog\u0142a nieznajomej dziewczynie. Ale jest to praca prze\u0142o\u017conej.<\/p>\n\n\n\n<p>&nbsp;&nbsp;&nbsp;&nbsp;&nbsp;&nbsp;&nbsp;&nbsp;&nbsp;&nbsp;&nbsp; &#8211; No dobrze, zatem zacznijmy spotkanie. Jeste\u015b gotowa? \u2013 pyta pani Vallat. Dziewczyna przytakuje nie\u015bmia\u0142o g\u0142ow\u0105. Aelita na znak szefowej wychodzi z gabinetu, jednak nie domyka drzwi. &nbsp;&nbsp;&nbsp;&nbsp;&nbsp;&nbsp; \u201e<em>Ona mi kogo\u015b przypomina. Nie mam poj\u0119cia, kim jest. Mam wra\u017cenie, \u017ce j\u0105 znam.\u201d<\/em><\/p>\n\n\n\n<p>&nbsp;&nbsp;&nbsp;&nbsp;&nbsp;&nbsp;&nbsp;&nbsp;&nbsp;&nbsp;&nbsp; Wiedzia\u0142a doskonale, \u017ce nie wolno jej pods\u0142uchiwa\u0107 rozm\u00f3w z pacjentami. Walczy\u0142a z sam\u0105 sob\u0105, aby tak post\u0105pi\u0107. Zdawa\u0142a sobie spraw\u0119, \u017ce w ten spos\u00f3b ryzykuje utrat\u0105 pracy. Jednak g\u0142os m\u00f3wi\u0142, aby wys\u0142ucha\u0142a chocia\u017c cz\u0119\u015b\u0107 rozmowy z intryguj\u0105c\u0105 dziewczyn\u0105.<\/p>\n\n\n\n<p>&nbsp;&nbsp;&nbsp;&nbsp;&nbsp;&nbsp;&nbsp;&nbsp;&nbsp;&nbsp;&nbsp; &#8211; Z tego, co widz\u0119, to zdiagnozowali u ciebie depresj\u0119. &nbsp; Zaufaj mi, jestem tutaj, aby ci pom\u00f3c \u2013 m\u00f3wi ciep\u0142ym g\u0142osem pani Vallat, co kontrastuje z jej wygl\u0105dem surowej nauczycielki z collage.<\/p>\n\n\n\n<p>&nbsp;&nbsp;&nbsp;&nbsp;&nbsp;&nbsp;&nbsp;&nbsp;&nbsp;&nbsp;&nbsp; &#8211; Wszystko zacz\u0119\u0142o si\u0119, odk\u0105d zacz\u0119\u0142am uczy\u0107 si\u0119 w Kadic\u2026<\/p>\n","protected":false},"excerpt":{"rendered":"<p>Dwudziestoletnia kobieta przynosi do ogromnego salonu tac\u0119, na kt\u00f3rej znajduje si\u0119 porcelanowy imbryk, dwie fili\u017canki wype\u0142nione gor\u0105c\u0105 herbat\u0105 oraz przezroczysty talerzyk z pi\u0119cioma kruchymi ciasteczkami. Niesie w miar\u0119 sprawnie, jednak delikatnie trz\u0119s\u0105 jej si\u0119 r\u0119ce przed obaw\u0105 upuszczenia przygotowanego zestawu. Nie chce, aby pani Vallat si\u0119 na niej zawiod\u0142a \u2013 uwa\u017ca j\u0105 za swoj\u0105 ulubion\u0105 &hellip;<br \/><a href=\"https:\/\/kodlyoko.pl\/index.php\/artykuly\/opowiadania\/serie\/fake-love\/rozdzial-0-prolog\/\" class=\"more-link pen_button pen_element_default pen_icon_arrow_double\">Read more<\/a><\/p>\n","protected":false},"author":4,"featured_media":0,"parent":1394,"menu_order":0,"comment_status":"open","ping_status":"closed","template":"","meta":{"footnotes":""},"categories":[44],"tags":[],"class_list":["post-1414","page","type-page","status-publish","hentry","category-artykuly-fake-love"],"_links":{"self":[{"href":"https:\/\/kodlyoko.pl\/index.php\/wp-json\/wp\/v2\/pages\/1414","targetHints":{"allow":["GET"]}}],"collection":[{"href":"https:\/\/kodlyoko.pl\/index.php\/wp-json\/wp\/v2\/pages"}],"about":[{"href":"https:\/\/kodlyoko.pl\/index.php\/wp-json\/wp\/v2\/types\/page"}],"author":[{"embeddable":true,"href":"https:\/\/kodlyoko.pl\/index.php\/wp-json\/wp\/v2\/users\/4"}],"replies":[{"embeddable":true,"href":"https:\/\/kodlyoko.pl\/index.php\/wp-json\/wp\/v2\/comments?post=1414"}],"version-history":[{"count":2,"href":"https:\/\/kodlyoko.pl\/index.php\/wp-json\/wp\/v2\/pages\/1414\/revisions"}],"predecessor-version":[{"id":1423,"href":"https:\/\/kodlyoko.pl\/index.php\/wp-json\/wp\/v2\/pages\/1414\/revisions\/1423"}],"up":[{"embeddable":true,"href":"https:\/\/kodlyoko.pl\/index.php\/wp-json\/wp\/v2\/pages\/1394"}],"wp:attachment":[{"href":"https:\/\/kodlyoko.pl\/index.php\/wp-json\/wp\/v2\/media?parent=1414"}],"wp:term":[{"taxonomy":"category","embeddable":true,"href":"https:\/\/kodlyoko.pl\/index.php\/wp-json\/wp\/v2\/categories?post=1414"},{"taxonomy":"post_tag","embeddable":true,"href":"https:\/\/kodlyoko.pl\/index.php\/wp-json\/wp\/v2\/tags?post=1414"}],"curies":[{"name":"wp","href":"https:\/\/api.w.org\/{rel}","templated":true}]}}