{"id":1376,"date":"2019-09-23T21:53:00","date_gmt":"2019-09-23T19:53:00","guid":{"rendered":"http:\/\/kodlyoko.pl\/?page_id=1376"},"modified":"2021-06-13T19:19:47","modified_gmt":"2021-06-13T17:19:47","slug":"cwiercfinal-4-1-charles-soule-vs-tamara-benedette","status":"publish","type":"page","link":"https:\/\/kodlyoko.pl\/index.php\/artykuly\/tworczosc-niekonwencjonalna\/arena\/edycja-1\/walki\/edycja-1-cwiercfinaly\/cwiercfinal-4-1-charles-soule-vs-tamara-benedette\/","title":{"rendered":"[RUNDA 4-1] Charles Soule vs Tamara Benedette"},"content":{"rendered":"\n<p class=\"has-drop-cap\">&gt;&gt;180 sekund do rozpocz\u0119cia&lt;&lt;<br>&#8211; Cze\u015b\u0107.<br>&#8211; Cze\u015b\u0107 &#8211; odpar\u0142a nieufnie Tamara przygl\u0105daj\u0105c si\u0119 uwa\u017cnie swojemu przysz\u0142emu przeciwnikowi.<br>Charles Soule zjawi\u0142 si\u0119 w hali wyj\u015bcia praktycznie w ostatniej chwili. Nie sprawia\u0142 jednak wra\u017cenia roztargnionego czy zdenerwowanego sp\u00f3\u017anieniem, wr\u0119cz przeciwnie. Podszed\u0142 spokojnie do jednego z wielu dost\u0119pnych terminali i bez po\u015bpiechu si\u0119 zalogowa\u0142, by za\u0142o\u017cy\u0107 sw\u00f3j str\u00f3j bojowy. Awatar m\u0119\u017cczyzny prze\u0142adowa\u0142 si\u0119 w kilka sekund i po chwili Charles by\u0142 gotowy do walki &#8211; ciemny jeans i czarn\u0105 koszul\u0119 zast\u0105pi\u0142y wirtualny kombinezon ze spiralnym motywem i niewielkie os\u0142aniaj\u0105ce oczy gogle.<br>&#8211; Powodzenia &#8211; rzuci\u0142 jeszcze, ale na to Tamara zdecydowa\u0142a si\u0119 ju\u017c nie odpowiada\u0107, tylko skupi\u0142a si\u0119 na sprawdzeniu jeszcze raz swoich broni. Dziewczyna spotyka\u0142a si\u0119 ju\u017c z takim zachowaniem przed walk\u0105. Mog\u0142a to by\u0107 zwyczajna uprzejmo\u015b\u0107, ale bardziej prawdopodobne, \u017ce jej przeciwnik pr\u00f3bowa\u0142 zdoby\u0107 cho\u0107 troch\u0119 sympatii wojowniczki, by ta podczas starcia zawaha\u0142a si\u0119 w krytycznym momencie. Nawet je\u015bli nie taki plan przy\u015bwieca\u0142 Souler17;owi, Tamara i tak nie zamierza\u0142a ryzykowa\u0107 wpadni\u0119cia w t\u0105 prost\u0105 pu\u0142apk\u0119 zastawion\u0105 przez jej psychik\u0119.<br>&gt;&gt;60 sekund do rozpocz\u0119cia&lt;&lt;<br>Charles tymczasem si\u0119gn\u0105\u0142 po stoj\u0105c\u0105 na biegn\u0105cym obok blacie butelk\u0119 jakiego\u015b orze\u017awiaj\u0105cego napoju i przystawi\u0142 do ust, k\u0105tem oka zerkaj\u0105c na profesjonalnie przygotowuj\u0105c\u0105 si\u0119 do walki dziewczyn\u0119. Po kilku sekundach butelka by\u0142a pusta, Charles dalej zerka\u0142 na przysz\u0142\u0105 przeciwniczk\u0119, a ta dalej sprawdza\u0142a bro\u0144 i przypomina\u0142a sobie szermiercze pozy. M\u0119\u017cczyzna powoli odstawi\u0142 naczyni\u0119 i zacz\u0105\u0142 si\u0119 metodycznie rozci\u0105ga\u0107, jednocze\u015bnie dobywaj\u0105c no\u017ca.<br>Nagle rozleg\u0142 si\u0119 przeci\u0105g\u0142y pisk, a z ziemi zacz\u0119\u0142y si\u0119 unosi\u0107 czarne kwadraty, kt\u00f3re szybko odgrodzi\u0142y walcz\u0105cych i zamkn\u0119\u0142y ich w dw\u00f3ch osobnych klatkach. Zapad\u0142a ciemno\u015b\u0107, zak\u0142\u00f3cana tylko migocz\u0105cym w oddali purpurowym blaskiem.<br>Charles spojrza\u0142 t\u0119pym wzrokiem na trzymane w r\u0119ku ciemne ostrze i prychn\u0105\u0142, rozbawiony w\u0142asnym zachowaniem. Ostrze wychodzi\u0142o z pochwy tak g\u0142adko jak zawsze, m\u0119\u017cczyzna rozgrza\u0142 si\u0119 te\u017c w drodze do hali wyj\u015bcia.<br>&#8211; Martwienie si\u0119 o to, \u017ceby nie wyj\u015b\u0107 na dyletanta przed szesnastk\u0105. Prawdziwa profeska &#8211; rzuci\u0142 w ciemn\u0105 pustk\u0119, parskaj\u0105c przy tym \u015bmiechem.<br>&gt;&gt;30 sekund do rozpocz\u0119cia&lt;&lt;<br>&gt;&gt;Witaj, Charlesie. Twoim wrogiem b\u0119dzie Tamara Benedette. Walczy\u0107 b\u0119dziecie w sektorze pustynnym, a\u017c do fina\u0142owej dewirtualizacji. Powodzenia!&lt;&lt;<br>&#8211; No dobra!<br>Migaj\u0105ce \u015bwiat\u0142o zacz\u0119\u0142o poch\u0142ania\u0107 ciemno\u015b\u0107 doko\u0142a i po chwili wszystko uton\u0119\u0142o w bieli, a oboje walcz\u0105cy zostali przeniesieni na aren\u0119. Jednak wcze\u015bniej Charles zd\u0105\u017cy\u0142 przypa\u015b\u0107 do ziemi w pozycji startuj\u0105cego sprintera.<br>Tamara Benedette by\u0142a gro\u017an\u0105 wojowniczk\u0105. Nie wybitnie uzdolnion\u0105, ale zestaw umiej\u0119tno\u015bci nabytych w gildii Tizia w po\u0142\u0105czeniu z kilkuletnim do\u015bwiadczeniem w walkach w wirtualnym \u015bwiecie czyni\u0142 z niej nie\u0142atwego przeciwnika. Dziewczyna walczy\u0142a nie tylko mieczem, ale ca\u0142ym cia\u0142em, a jej wszechstronna moc pozwala\u0142a zniwelowa\u0107 prawie ka\u017cd\u0105 przewag\u0119, jak\u0105 m\u00f3g\u0142by mie\u0107 jej oponent. U\u017cywa\u0142a jej inteligentnie w starannie wybranych momentach, ostro\u017cnie i z wyczuciem. By\u0142a kompetentn\u0105 wojowniczk\u0105, niemal niepokonan\u0105.<br>Tylko jak ostro\u017cnie i z wyczuciem mo\u017cna post\u0119powa\u0107, gdy tw\u00f3j przeciwnik mo\u017ce u\u017cy\u0107 twojej mocy pierwszy?<br>W Lyoko nigdy nie by\u0142o wiadomo, gdzie jest s\u0142o\u0144ce, ani nawet czy w og\u00f3le istnieje jakiekolwiek faktyczne \u017ar\u00f3d\u0142o \u015bwiat\u0142a. Na niebie nie by\u0142o niczego, padaj\u0105ce cienie nie oferowa\u0142y \u017cadnej wskaz\u00f3wki co do swojego pochodzenia, wszystko po prostu by\u0142o o\u015bwietlone i widoczne. A jednak, na Pustyni zawsze odnosi\u0142o si\u0119 wra\u017cenie, \u017ce gdziekolwiek to tajemnicze s\u0142o\u0144ce by nie by\u0142o, pra\u017cy\u0142o niemi\u0142osiernie, a chodzenie po martwych cyfrowych platformach przywo\u0142ywa\u0142o wspomnienie rozgrzanych asfaltowych dr\u00f3g w upalne dni.<br>W\u0142a\u015bnie w sektorze pustynnym pojawi\u0142a si\u0119 dw\u00f3jka wojownik\u00f3w. Ich awatary zacz\u0119\u0142y materializowa\u0107 si\u0119 kilka metr\u00f3w nad ziemi\u0105, oba od razu w pozach przygotowanych do l\u0105dowania. Po kilku d\u0142ugich sekundach profile graczy w ko\u0144cu ca\u0142kowicie za\u0142adowa\u0142y si\u0119 do sektora i awatary zacz\u0119\u0142y opada\u0107. Jeszcze jedna sekunda, i oba jednocze\u015bnie dotkn\u0119\u0142y ziemi, a wtedy:<br>&#8211; Inferno!<br>&#8211; Inferno!<br>P\u00f3\u017aniej, na nagraniu, Charles dostrze\u017ce, \u017ce sp\u00f3\u017ani\u0142 si\u0119 jedynie o 13 milisekund. Zbyt ma\u0142o, by ludzki m\u00f3zg zdo\u0142a\u0142 rozpozna\u0107 op\u00f3\u017anienie, ale a\u017c nadto, by zdo\u0142a\u0142 je rozpozna\u0107 komputer.<br>Tamara swoje walki na Pustyni cz\u0119sto zaczyna\u0142a od pot\u0119\u017cnego ataku otwieraj\u0105cego. Ziemia pod nogami jej przeciwnika eksplodowa\u0142a z fal\u0105 uderzeniow\u0105 ci\u0105gn\u0105c\u0105 za sob\u0105 burz\u0119 ognia, jak granat wrzucony do beczki z benzyn\u0105. Zale\u017cnie od ilo\u015b\u0107 energii, jak\u0105 u\u017cy\u0142a, rInfernor1; mog\u0142o odebra\u0107 nawet po\u0142ow\u0119 punkt\u00f3w \u017cycia. Wojowniczka z regu\u0142y jednak zostawia\u0142a sobie nieco mocy w zapasie, by wykorzysta\u0107 j\u0105 p\u00f3\u017aniej w bardziej precyzyjny, niespodziewany spos\u00f3b. Ta strategia oczywi\u015bcie nie by\u0142a najrozs\u0105dniejsza przeciwko wrogowi, kt\u00f3ry m\u00f3g\u0142 zrobi\u0107 u\u017cytek z tej pozostawionej mocy.<br>Do podobnych wniosk\u00f3w doszed\u0142 tak\u017ce Charles. Starcie mog\u0142o si\u0119 wi\u0119c rozpocz\u0105\u0107 jedynie na dwa sposoby &#8211; albo Soule zdo\u0142a u\u017cy\u0107 ataku Tamary przeciwko jej samej, albo&#8230;<br>Charles wyskoczy\u0142 do biegu, dzi\u0119ki czemu kula ognia, kt\u00f3ra uformowa\u0142a mu si\u0119 pod nogami, zamiast poch\u0142on\u0105\u0107 go ca\u0142ego nada\u0142a mu dodatkowego p\u0119du. Dzi\u0119ki temu przyspieszeniu ch\u0142opak pokona\u0142 dziel\u0105cy go od przeciwniczki dystans 25 metr\u00f3w w 3 sekundy.<br>Tamara zamruga\u0142a ze zdziwienia widz\u0105c p\u0119dz\u0105cego na ni\u0105 z niespodziewan\u0105 pr\u0119dko\u015bci\u0105 przeciwnika, ale wci\u0105\u017c zd\u0105\u017cy\u0142a ze spokojem doby\u0107 broni i stan\u0105\u0107 w pozycji obronnej. Rozp\u0119dzony Soule wyszarpn\u0105\u0142 n\u00f3\u017c z pochwy i zamaszy\u015bcie ci\u0105\u0142 od lewej staraj\u0105c si\u0119 trafi\u0107 w ostrze dziewczyny. Benedette odskoczy\u0142a na bok, a Charles gwa\u0142townie wyhamowa\u0142 i b\u0142yskawicznie obr\u00f3ci\u0142 si\u0119 do rywalki. Ta ju\u017c ci\u0119\u0142a czubkiem klingi z g\u00f3ry. Ostrze no\u017ca ruszy\u0142o na spotkanie wrogiego miecza&#8230;<br>I min\u0119\u0142o je o centymetry. Wojowniczka spi\u0119\u0142a si\u0119 i szarpn\u0119\u0142a ca\u0142ym cia\u0142em do ty\u0142u, b\u0142yskawicznie wycofuj\u0105c w\u0142asn\u0105 bro\u0144. Charles d\u0105\u017cy\u0142 do rozbrojenia &#8211; widzia\u0142a to ju\u017c w jego poprzednich walkach. W momencie, w kt\u00f3rym czarny n\u00f3\u017c zdo\u0142a dotkn\u0105\u0107 jej miecza, straci kolejn\u0105 przewag\u0119 nad przeciwnikiem, d\u0142u\u017csze ostrze. Cho\u0107 po pewnym czasie odzyska bro\u0144, to zdecydowanie zbyt p\u00f3\u017ano. Parowanie nie wchodzi\u0142o zatem w gr\u0119.<br>Walcz\u0105cy nie spuszczali z siebie wzroku, a w nast\u0119pnej chwili Tamara zn\u00f3w ruszy\u0142a do ataku.<br>Zrobi\u0142a wypad z mieczem w prawej d\u0142oni, a gdy Soule postanowi\u0142 zbi\u0107 atak z g\u00f3ry, raz jeszcze odskoczy\u0142a, tym razem w p\u00f3\u0142obrocie, ci\u0105gn\u0105c ostrze w lewo po ziemi. Nagle przerzuci\u0142a r\u0119koje\u015b\u0107 do lewej r\u0119ki, a praw\u0105 wyrzuci\u0142a do przodu.<br>Ognisty j\u0119zyk jak w\u0105\u017c wystrzeli\u0142 w ataku niemo\u017cliwym do unikni\u0119cia. Soule bez mrugni\u0119cia ci\u0105\u0142 do prawej, jakby wypatroszenie p\u0142omienia mog\u0142o w czymkolwiek pom\u00f3c.<br>A jednak, n\u00f3\u017c przebi\u0142 ognist\u0105 smug\u0119, a kraw\u0119dzie czarnej klingi w niewyja\u015bniony spos\u00f3b zdawa\u0142y si\u0119 poch\u0142ania\u0107 ca\u0142y \u017car i blask, jakby przecina\u0142y samo ciep\u0142o p\u0142omienia Benedetty.<br>Tamara by\u0142a tym nieco zaskoczona, ale wcale nie \u0142udzi\u0142a si\u0119, \u017ce ten atak b\u0119dzie decyduj\u0105cym. W ko\u0144cu \u0142adowa\u0142 si\u0119 raptem kilka sekund, m\u00f3g\u0142 odebra\u0107 co najwy\u017cej 7-8 punkt\u00f3w. Wojowniczka liczy\u0142a tylko, \u017ce jej przeciwnik instynktownie spr\u00f3buje si\u0119 przed nim zas\u0142oni\u0107, i nie zawiod\u0142a si\u0119.<br>Charles sta\u0142 na ugi\u0119tych nogach, z no\u017cem w prawej d\u0142oni wyrzuconej do ty\u0142u. Tamara w podskoku, skr\u0119cona w p\u00f3\u0142 z mieczem w lewej r\u0119ce.<br>Dziewczyna zapar\u0142a si\u0119 nog\u0105 i nie wytracaj\u0105c pr\u0119dko\u015bci doko\u0144czy\u0142a obr\u00f3t. Teraz jej ostrze pru\u0142o na Charlesa od lewej. Zbyt szybko, by unikn\u0105\u0107. Zbyt daleko, by sparowa\u0107.<br>Klinga g\u0142adko przeci\u0119\u0142a cienki kombinezon Soule&#8217;a i zacz\u0119\u0142a si\u0119 zag\u0142\u0119bia\u0107 w mi\u0119kkie cyfrowe cia\u0142o, koniec ko\u0144c\u00f3w r\u00f3wnie kruche, co te materialne.<br>A potem zamigota\u0142a. I znikn\u0119\u0142a.<br>Miecz Benedetty zdo\u0142a\u0142 wbi\u0107 si\u0119 w rami\u0119 Charlesa na p\u00f3\u0142 centymetra. Potem wiruj\u0105ce czarne ostrze pos\u0142ane w powietrze jednym wy\u0107wiczonym ruchem nadgarstka przeci\u0119\u0142o si\u0119 przez kling\u0119 jak przez mas\u0142o, rozbijaj\u0105c j\u0105 w cyfrowy proch.<br>N\u00f3\u017c Charlesa w normalnych warunkach nie nadawa\u0142by si\u0119 do rzucania, by\u0142 za d\u0142ugi i za ci\u0119\u017cki. Jednak w \u015bwiecie wirtualnym parametry niezwyk\u0142ej broni zosta\u0142y zmienione &#8211; op\u00f3r cyfrowego powietrza, \u015brodek masy i bezw\u0142adno\u015b\u0107 dostosowane tak, by u\u0142atwi\u0107 rzucanie i podkr\u0119canie. Tamara to wszystko wiedzia\u0142a, by\u0142a tak\u017ce \u015bwiadoma doskona\u0142ego refleksu swojego przeciwnika. Wci\u0105\u017c jednak by\u0142a na tyle zaskoczona, \u017ce pod\u0105\u017cy\u0142a wzrokiem za wiruj\u0105cym ostrzem.<br>Ten kr\u00f3tki moment nieuwagi wystarczy\u0142, by Soule zdo\u0142a\u0142 zrobi\u0107 krok i wystrzeli\u0107 pi\u0119\u015bci\u0105 do przodu, prosto w twarz dziewczyny. Jednak cho\u0107 Tamara nie by\u0142a w stanie pochwali\u0107 si\u0119 takim czasem reakcji jak atakuj\u0105cy j\u0105 m\u0119\u017cczyzna, nadal by\u0142a sprawn\u0105 wojowniczk\u0105. W ostatniej chwili schyli\u0142a si\u0119 i wesz\u0142a pod przeciwnika. Jeszcze czuj\u0105c ocieraj\u0105ce si\u0119 o policzek kostki podbi\u0142a go do g\u00f3ry \u0142okciem i wykorzystuj\u0105c jego pr\u0119dko\u015b\u0107 i si\u0142\u0119 w\u0142asnych mi\u0119\u015bni karku przerzuci\u0142a go nad sob\u0105. Obr\u00f3cony niespodziewanie w powietrzu Soule upad\u0142 ci\u0119\u017cko na plecy za Tamar\u0105. Dziewczyna nie planowa\u0142a da\u0107 mu chwili oddechu i sama po efektownym salcie w ty\u0142 wyl\u0105dowa\u0142a okrakiem na m\u0119\u017cczy\u017anie, doby\u0142a no\u017ca, chwyci\u0142a go w obie d\u0142onie i wycelowa\u0142a w pier\u015b rywala.<br>Charles uni\u00f3s\u0142 jedn\u0105 brew w wyrazie zdziwienia, cho\u0107 p\u00f3\u017aniej ogl\u0105daj\u0105c nagranie stwierdzi, \u017ce mina sprawia\u0142a wra\u017cenie raczej kpi\u0105cej. Tamara Benedette by\u0142a wysportowanym szermierzem, ale jednak kobiet\u0105, nie, dziewczyn\u0105, tylko szesnastoletni\u0105. On za to doros\u0142ym m\u0119\u017cczyzn\u0105. Nie \u017cadnym kulturyst\u0105, ale wci\u0105\u017c wojownikiem, kt\u00f3rego mi\u0119\u015bnie zosta\u0142y wzmocnione godzinami trening\u00f3w. Kiedy wi\u0119c Tamara spr\u00f3bowa\u0142a wbi\u0107 w niego niewielkie ostrze no\u017ca do rzucania, zwyczajnie chwyci\u0142 za przeguby d\u0142oni dziewczyny i zablokowa\u0142 cios. Nic nie zmieni\u0142a pr\u00f3ba w\u0142o\u017cenia w pchni\u0119cie si\u0142y ca\u0142ego ci\u0119\u017caru cia\u0142a. Ostrze zawis\u0142o nieruchomo kilkana\u015bcie centymetr\u00f3w nad piersi\u0105 Soule&#8217;a.<br>Min\u0119\u0142y dwa d\u0142ugie oddechy, a oboje walcz\u0105cy zdali sobie spraw\u0119, \u017ce w tej sytuacji m\u0119\u017cczyzna zdobywa przewag\u0119. Do Soule&#8217;a dotar\u0142o to u\u0142amek sekundy za p\u00f3\u017ano. Tamara szarpn\u0119\u0142a ca\u0142ym cia\u0142em i zeskoczy\u0142a z przeciwnika, wyrywaj\u0105c mu si\u0119 niespodziewanym ruchem.<br>Charles jednym przewrotem przez plecy stan\u0105\u0142 na nogi i &#8211; chwyci\u0142 n\u00f3\u017c, p\u0119dz\u0105cy prostym torem ku jego g\u0142owie. Tamara a\u017c zacisn\u0119\u0142a usta w podziwie dla refleksu przeciwnika i doby\u0142a kolejnego ostrza. Soule tylko odpowiedzia\u0142 u\u015bmiechem i ustawi\u0142 si\u0119 w pozycji do pojedynku na no\u017ce, podobnie jak jego przeciwniczka.<br>Jednak jego weso\u0142a mina by\u0142a tylko mask\u0105. Od rozpocz\u0119cia walki min\u0119\u0142o 20 sekund, mo\u017ce troch\u0119 wi\u0119cej. Jeszcze z 10 i b\u0119dzie tyle, ile potrzeba na za\u0142adowanie ognistej mocy, \u017ceby si\u0119 uda\u0142o. Z drugiej strony, przecie\u017c Benedette u\u017cy\u0142a p\u0142omienia jeszcze raz, w ramach dywersji. Tylko ile mocy m\u00f3g\u0142 poch\u0142on\u0105\u0107 ten atak? Chyba niewiele, ale czy wystarczaj\u0105co? No i no\u017ce. Dziewczyna jest obeznana z tym typem walki, on nie zdo\u0142a zako\u0144czy\u0107 tego starcia w konwencjonalny spos\u00f3b w 15 sekund, ani nawet w 20. A mniej wi\u0119cej po tym czasie Benedette odzyska swoj\u0105 g\u0142\u00f3wn\u0105 bro\u0144. Czarny n\u00f3\u017c le\u017cy dwa metry na lewo. Za daleko.<br>Ech&#8230;<br>No dobra, spr\u00f3bujmy.<br>Charles ruszy\u0142 do przodu. Tamara si\u0119 cofn\u0119\u0142a, utrzymuj\u0105c dystans. Kolejny krok, w lewo, w stron\u0119 czarnego ostrza, wbitego w ziemi\u0119 po sam\u0105 r\u0119koje\u015b\u0107. Benedette nie porusza si\u0119. Jeszcze jeden krok. Teraz ostro\u017cnie rusza do przodu, nie planuj\u0105c pozwoli\u0107 przeciwnikowi odzyska\u0107 swoj\u0105 pot\u0119\u017cn\u0105 bro\u0144.<br>Kolejny krok bli\u017cej oznacza zwarcie. Soule markuje ruch w stron\u0119 czarnego ostrza.<br>Tamara nie da\u0142a si\u0119 zmyli\u0107, ale i tak ruszy\u0142a do przodu. Do ataku.<br>P\u0142ynnym ruchem zacz\u0119\u0142a szlachtowanie od g\u00f3ry, by przej\u015b\u0107 do ci\u0119cia od boku. Soule zrobi\u0142 lew\u0105 cz\u0119\u015bci\u0105 cia\u0142a wypad do przodu, ostrze trzymaj\u0105c w odwodzie blisko przy torsie, a r\u0119k\u0105 chronion\u0105 pochw\u0105 na bro\u0144 &#8211; jedynym elementem pancerza w jego stroju &#8211; si\u0119gn\u0105\u0142 by zablokowa\u0107 wrogi atak. Tamara da\u0142a zbi\u0107 sobie d\u0142o\u0144 i szybkim ruchem bez wahania cofn\u0119\u0142a r\u0119k\u0119 z no\u017cem&#8230; i rzuci\u0142a nim w przeciwnika. Charles bez trudu unikn\u0105\u0142 jeszcze bardziej odchylaj\u0105c si\u0119 do lewej. Jednocze\u015bnie Benedette dalej nadaj\u0105c walce zab\u00f3jcze tempo lew\u0105 r\u0119k\u0105 doby\u0142a ostatniego pozosta\u0142ego jej no\u017ca i d\u017agn\u0119\u0142a nim w ods\u0142oni\u0119ty bok. Soule szybkim pchni\u0119ciem zablokowa\u0142 cios, po czym w i\u015bcie cyrkowym manewrze wypu\u015bci\u0142 n\u00f3\u017c, chwyci\u0142 go lew\u0105 r\u0119k\u0105, a praw\u0105 woln\u0105 ju\u017c d\u0142oni\u0105 z\u0142apa\u0142 przegub uzbrojonej ko\u0144czyny Tamary. Wci\u0105\u017c w wypadzie w prz\u00f3d ci\u0105\u0142 p\u0142asko na zewn\u0105trz po boku dziewczyny. Ta wygi\u0119\u0142a si\u0119 ty\u0142 w skutecznym uniku.<br>N\u00f3\u017c mia\u0142 w lewej d\u0142oni, nieblokowany. Nie by\u0142a to co prawda jego bro\u0144, a on by\u0142 prawor\u0119czny, ale z takiej odleg\u0142o\u015bci to nie powinien by\u0107 \u017caden problem. Dziewczyna by\u0142a p\u00f3\u0142 metra od niego, nie blokowa\u0142a go, za to on trzyma\u0142 jej przedrami\u0119. No i min\u0119\u0142o ju\u017c kolejne 10 sekund. Powinno by\u0107 dobrze.<br>&#8211; Inferno!<br>Strumie\u0144 ognia poderwa\u0142 si\u0119 z ziemi i poch\u0142on\u0105\u0142 Soule&#8217;a. Atak by\u0142 szalenie precyzyjny &#8211; skupia\u0142 wszystkie obra\u017cenia ogniowe w centrum, na m\u0119\u017cczy\u017anie, dzi\u0119ki temu wzmagaj\u0105c efekt kinetyczny i szokowy. Kiedy wi\u0119c Charles wypchn\u0105\u0142 dziewczyn\u0119 poza epicentrum wybuchu, fala uderzeniowa,&nbsp; kt\u00f3ra wojownikowi tylko zmierzwi\u0142a czupryn\u0119, Tamar\u0105 rzuci\u0142a do ty\u0142u jak szmacian\u0105 laleczk\u0105.<br>Benedette wykaza\u0142a si\u0119 doskona\u0142\u0105 koordynacj\u0105 l\u0105duj\u0105 dwa metry dalej na ugi\u0119tych nogach.<br>&gt;&gt;Charles Soule. Obra\u017cenia efektu poparzenia &#8211; krytyczne!&lt;&lt;<br>&gt;&gt;5 sekund do dewirtualizacji!&lt;&lt;<br>Po awatarze Charlesa ta\u0144czy\u0142y male\u0144kie p\u0142omyki, jeden z dodatkowych efekt\u00f3w pustynnych mocy jego przeciwniczki. Atak ogniowy poza bezpo\u015brednimi obra\u017ceniami potrafi\u0142 pozostawi\u0107 po sobie efekt poparzenia, wypalaj\u0105cy przez kr\u00f3tki czas dodatkowe kilka punkt\u00f3w \u017cycia. Tym razem dok\u0142adnie tyle, ile Soule&#8217;owi zosta\u0142o. Nie przeszkadza\u0142o mu to jednak sta\u0107 zrelaksowanym i u\u015bmiechni\u0119tym.<br>Tamara Benedette wpatrywa\u0142a si\u0119 z niedowierzaniem na wbity po sam\u0105 r\u0119koje\u015b\u0107 w jej klatk\u0119 piersiow\u0105 n\u00f3\u017c, kt\u00f3ry jeszcze przed chwil\u0105 znajdowa\u0142 si\u0119 w d\u0142oni jej przeciwnika. Brzegi rany l\u015bni\u0142y blaskiem, kt\u00f3ry powoli zacz\u0105\u0142 poch\u0142ania\u0107 tekstur\u0119 na awatarze, po chwili pozostawiaj\u0105c sam wirtualny szkielet.<br>&gt;&gt;3&#8230;&lt;&lt;<br>&gt;&gt;2&#8230;&lt;&lt;<br>&gt;&gt;1&#8230;&lt;&lt;<br>Gdy p\u0142omienie zacz\u0119\u0142y zrywa\u0107 tekstur\u0119 z awatara Soule&#8217;a, po obecno\u015bci Tamary Benedette w sektorze pustynnym Lyoko nie pozosta\u0142 ju\u017c \u017caden \u015blad. Ostatnimi s\u0142owami, jakie s\u0142ysza\u0142a, by\u0142 prosty komunikat. &#8220;Zwyci\u0119zca: Charles Soule&#8221;<\/p>\n\n\n\n<p>S\u0105 takie momenty &#8211; niezwykle rzadkie, warto doda\u0107 &#8211; gdy &#8220;Pod zdech\u0142ym kotem&#8221; zapada cisza. To by\u0142 jeden z tych moment\u00f3w, ca\u0142e sze\u015b\u0107 sekund milczenia. A w si\u00f3dmej sekundzie&#8230;<br>&#8211; Co to, kurna, by\u0142o!?<br>Do brodatego biesiadnika, kt\u00f3ry krzycz\u0105c to a\u017c zerwa\u0142 si\u0119 z krzes\u0142a, podszed\u0142 drugi, ni\u017cszy i du\u017co m\u0142odszy i poufale obj\u0105\u0142 go ramieniem.<br>&#8211; Widzisz &#8211; zacz\u0105\u0142, wskazuj\u0105c kuflem na ekran pokazuj\u0105cy walk\u0119 z trybu trzecioosobowego &#8211; ten ostatni wybuch, to by\u0142 Soule&#8217;a, nie laski. Skupi\u0142 ca\u0142y atak na sobie po to, \u017ceby odrzut &#8211; przy tych s\u0142owach trzepn\u0105\u0142 rozm\u00f3wc\u0119 w pier\u015b otwart\u0105 d\u0142oni\u0105 tak mocno, \u017ce ten a\u017c z powrotem usiad\u0142 r11; trafi\u0142 w Benedette. Wtedy rzuci\u0142 no\u017cem, prosto mi\u0119dzy&#8230; &#8211; tu u\u0142o\u017cy\u0142 d\u0142onie w niepozostawiaj\u0105cy w\u0105tpliwo\u015bci gest.<br>&#8211; Kamikaze! &#8211; krzykn\u0105\u0142 kto\u015b z ty\u0142u.<br>&#8211; Tak, za\u0142atwi\u0142 siebie, ale wcze\u015bniej dorwa\u0142 j\u0105! &#8211; przytakn\u0105\u0142 m\u0142ody i usiad\u0142 na stole, a dopijaj\u0105c powoli piwo kontynuowa\u0142, bardziej jakby do siebie ni\u017c kogo innego:<br>&#8211; Co mnie zastanawia, to dystans. Od pocz\u0105tku d\u0105\u017cy\u0142 do skr\u00f3cenia dystansu, kiedy powinien robi\u0107 na odwr\u00f3t, inaczej ka\u017cda wymuszona aktywacja, kt\u00f3ra zrani bezpo\u015brednio dziewczyn\u0119, zrani te\u017c jego. Tymczasem on d\u0105\u017cy\u0142 do walki niemal\u017ce w zwarciu, co ka\u017ce s\u0105dzi\u0107, \u017ce pewnie taki od pocz\u0105tku by\u0142 jego plan. Tizia zareagowa\u0142a rozwa\u017cnie, ograniczaj\u0105c swoje ataki ogniowe do minimum, obawiaj\u0105c si\u0119, \u017ce Soule m\u00f3g\u0142by odpali\u0107 je przedwcze\u015bnie, neutralizuj\u0105c je w efekcie lub wr\u0119cz odwracaj\u0105c na jej niekorzy\u015b\u0107. Nie mog\u0142a si\u0119 spodziewa\u0107 czego\u015b takiego. Chocia\u017c taki jest poziom na fina\u0142ach, jak s\u0105dz\u0119.<br>Brodacz patrzy\u0142 na rozm\u00f3wc\u0119 siedz\u0105cego mu na stole spod przymru\u017conych oczu niewiele rozumiej\u0105cym wzrokiem.<br>&#8211; Taaak, pewnie. Kim ty w og\u00f3le jeste\u015b, zieloniutki?<br>&#8211; Nikim wa\u017cnym &#8211; odpar\u0142 z u\u015bmiechem Rysiek. &#8211; Nikim wa\u017cnym.<\/p>\n","protected":false},"excerpt":{"rendered":"<p>&gt;&gt;180 sekund do rozpocz\u0119cia&lt;&lt;&#8211; Cze\u015b\u0107.&#8211; Cze\u015b\u0107 &#8211; odpar\u0142a nieufnie Tamara przygl\u0105daj\u0105c si\u0119 uwa\u017cnie swojemu przysz\u0142emu przeciwnikowi.Charles Soule zjawi\u0142 si\u0119 w hali wyj\u015bcia praktycznie w ostatniej chwili. Nie sprawia\u0142 jednak wra\u017cenia roztargnionego czy zdenerwowanego sp\u00f3\u017anieniem, wr\u0119cz przeciwnie. Podszed\u0142 spokojnie do jednego z wielu dost\u0119pnych terminali i bez po\u015bpiechu si\u0119 zalogowa\u0142, by za\u0142o\u017cy\u0107 sw\u00f3j str\u00f3j bojowy. Awatar &hellip;<br \/><a href=\"https:\/\/kodlyoko.pl\/index.php\/artykuly\/tworczosc-niekonwencjonalna\/arena\/edycja-1\/walki\/edycja-1-cwiercfinaly\/cwiercfinal-4-1-charles-soule-vs-tamara-benedette\/\" class=\"more-link pen_button pen_element_default pen_icon_arrow_double\">Read more<\/a><\/p>\n","protected":false},"author":7,"featured_media":0,"parent":2451,"menu_order":6,"comment_status":"open","ping_status":"closed","template":"","meta":{"footnotes":""},"categories":[20],"tags":[],"class_list":["post-1376","page","type-page","status-publish","hentry","category-artykuly-areny"],"_links":{"self":[{"href":"https:\/\/kodlyoko.pl\/index.php\/wp-json\/wp\/v2\/pages\/1376","targetHints":{"allow":["GET"]}}],"collection":[{"href":"https:\/\/kodlyoko.pl\/index.php\/wp-json\/wp\/v2\/pages"}],"about":[{"href":"https:\/\/kodlyoko.pl\/index.php\/wp-json\/wp\/v2\/types\/page"}],"author":[{"embeddable":true,"href":"https:\/\/kodlyoko.pl\/index.php\/wp-json\/wp\/v2\/users\/7"}],"replies":[{"embeddable":true,"href":"https:\/\/kodlyoko.pl\/index.php\/wp-json\/wp\/v2\/comments?post=1376"}],"version-history":[{"count":2,"href":"https:\/\/kodlyoko.pl\/index.php\/wp-json\/wp\/v2\/pages\/1376\/revisions"}],"predecessor-version":[{"id":2474,"href":"https:\/\/kodlyoko.pl\/index.php\/wp-json\/wp\/v2\/pages\/1376\/revisions\/2474"}],"up":[{"embeddable":true,"href":"https:\/\/kodlyoko.pl\/index.php\/wp-json\/wp\/v2\/pages\/2451"}],"wp:attachment":[{"href":"https:\/\/kodlyoko.pl\/index.php\/wp-json\/wp\/v2\/media?parent=1376"}],"wp:term":[{"taxonomy":"category","embeddable":true,"href":"https:\/\/kodlyoko.pl\/index.php\/wp-json\/wp\/v2\/categories?post=1376"},{"taxonomy":"post_tag","embeddable":true,"href":"https:\/\/kodlyoko.pl\/index.php\/wp-json\/wp\/v2\/tags?post=1376"}],"curies":[{"name":"wp","href":"https:\/\/api.w.org\/{rel}","templated":true}]}}