{"id":1367,"date":"2019-09-06T23:09:00","date_gmt":"2019-09-06T21:09:00","guid":{"rendered":"http:\/\/kodlyoko.pl\/?page_id=1367"},"modified":"2021-06-13T19:17:44","modified_gmt":"2021-06-13T17:17:44","slug":"cwiercfinal-2-2-tadeusz-rozan-vs-sequill-pradd-dunbar","status":"publish","type":"page","link":"https:\/\/kodlyoko.pl\/index.php\/artykuly\/tworczosc-niekonwencjonalna\/arena\/edycja-1\/walki\/edycja-1-cwiercfinaly\/cwiercfinal-2-2-tadeusz-rozan-vs-sequill-pradd-dunbar\/","title":{"rendered":"[RUNDA 2-2] Tadeusz R\u00f3\u017can vs Sequill Pradd-Dunbar"},"content":{"rendered":"\n<p class=\"has-drop-cap\">G\u00f3rski sektor.<br>Za ka\u017cdym razem, ilekro\u0107 br\u0105zowow\u0142osy do niego trafia\u0142, mia\u0142 on nieodparte wra\u017cenie, \u017ce jest on jednym z najspokojniejszych rejon\u00f3w cyberprzestrzeni.<br>Jego wirtualna posta\u0107 w ko\u0144cu si\u0119 zmaterializowa\u0142a i stan\u0119\u0142a na ziemi. Odk\u0105d zdecydowa\u0142 si\u0119 wzi\u0105\u0107 udzia\u0142 w walkach w Lyoko, zastanawia\u0142 si\u0119, przeciwko komu b\u0119dzie mu dane walczy\u0107. Bacznie zacz\u0105\u0142 rozgl\u0105da\u0107 si\u0119 dooko\u0142a, w celu wypatrzenia swojego przeciwnika.<\/p>\n\n\n\n<p>Nagle powietrze cyberprzestrzeni przeszy\u0142 g\u0142o\u015bny ryk. Gdyby wirtualny avatar Sequilla m\u00f3g\u0142 dosta\u0107 ciarek, ju\u017c dawno czu\u0142by g\u0119si\u0105 sk\u00f3rk\u0119 na ca\u0142ym ciele.<br>r- Czy\u017cbym.. mia\u0142 si\u0119 zmierzy\u0107 z.. potworem..?r1; &#8211; spyta\u0142 samego siebie w my\u015blach i si\u0119gn\u0105\u0142 do swojej broni na plecach.<br>W jego d\u0142oniach roz\u015bwietli\u0142y si\u0119 dwa elektryczne miecze. Prawda, by\u0142y mi\u0142\u0105 odmian\u0105 od katan, jakie poprzednio dzier\u017cy\u0142 ze wzgl\u0119du na ich szeroko\u015b\u0107, ale zdarza\u0142y si\u0119 momenty, kiedy wola\u0142 nadal mie\u0107 swoje ostrza.<br>Nie chcia\u0142 ich jeszcze \u0142adowa\u0107 energi\u0105 elektryczn\u0105. Nie wiedzia\u0142, co jego przeciwnik b\u0119dzie w stanie zrobi\u0107.<\/p>\n\n\n\n<p>Nagle skoczy\u0142a na niego masywna, ogromna pantera. Ch\u0142opak w pierwszej chwili straci\u0142 czujno\u015b\u0107, dlatego pierwszy kontakt sko\u0144czy\u0142 si\u0119 ciosem pot\u0119\u017cnej \u0142apy, kt\u00f3ry bole\u015bnie wcisn\u0105\u0142 ch\u0142opaka w ziemi\u0119.<\/p>\n\n\n\n<p>&#8211; Chwila! Uczy\u0142 Ci\u0119 kto\u015b zasad fair play?! &#8211; krzykn\u0105\u0142. &#8211; Serio, tylko tyle umiesz?<br>Nie doczeka\u0142 si\u0119 \u017cadnej odpowiedzi. Nic w sumie dziwnego, kto by oczekiwa\u0142 po zwierz\u0119ciu, \u017ce wyda z siebie jakikolwiek odg\u0142os opr\u00f3cz ryczenia, kt\u00f3re, szczerze powiedziawszy, da\u0142o si\u0119 ju\u017c szybko Sequillowi we znaki.<br>Poderwa\u0142 si\u0119 po ciosie, ale wiedz\u0105c, \u017ce cios m\u00f3g\u0142 mu zredukowa\u0107 oko\u0142o 20 punkt\u00f3w \u017cycia, wykorzysta\u0142 moc elektro sprintu, by znacznie odsun\u0105\u0107 si\u0119 od swojego przeciwnika.<br>Ukry\u0142 si\u0119 za g\u00f3r\u0105, by tam spokojnie na\u0142adowa\u0107 bro\u0144, najpierw jednak uformowa\u0142 pojedyncz\u0105, elektryczn\u0105 kul\u0119, by spr\u00f3bowa\u0107 oszo\u0142omi\u0107 besti\u0119.<br>&#8211; Hej, kiciu. Szuka\u0142e\u015b mnie? To spr\u00f3buj tego. &#8211; ch\u0142opak wyszed\u0142 z kryj\u00f3wki i schowa\u0142 do pazuchy na plecach jedno ze swoich ostrzy, by \u0142atwiej by\u0142o mu zada\u0107 cios. Umiej\u0119tnie wycelowa\u0142 w zbroj\u0119 ochraniaj\u0105c\u0105 jego przeciwnika. My\u015bla\u0142, \u017ce odni\u00f3s\u0142 pora\u017ck\u0119, jednak wy\u0142adowanie okaza\u0142o si\u0119 wystarczaj\u0105ce, by unieruchomi\u0107 besti\u0119 na jaki\u015b czas.<br>Postanowi\u0142 wykorzysta\u0107 czasowe sparali\u017cowanie swojego wroga.<br>W tym celu szybko doby\u0142 drugi miecz i zacz\u0105\u0142 \u0142adowa\u0107 obydwa na raz energi\u0105 wychodz\u0105c\u0105 z jego d\u0142oni.<br>r- Nie dam si\u0119 tak \u0142atwo. Teraz jest m\u00f3j.r1; &#8211; pomy\u015bla\u0142, widz\u0105c, jak miecze zaczynaj\u0105 ja\u015bnie\u0107 wyra\u017an\u0105 aur\u0105.<br>r- Jeszcze troch\u0119.. teraz.r1; &#8211; miecze by\u0142y ju\u017c gotowe do zadania ostatecznego ciosu. Teraz ch\u0142opak musia\u0142 jedynie rozwa\u017cy\u0107, jak w\u015blizgn\u0105\u0107 si\u0119 pod brzuch, gdy\u017c kiedy go zaatakowa\u0142, dostrzeg\u0142, \u017ce tylko ta partia bestii jest nieos\u0142oni\u0119ta zbroj\u0105.<br>Akurat, jak na z\u0142o\u015b\u0107, czas parali\u017cu elektrycznego min\u0105\u0142. Bestia ponownie zamachn\u0119\u0142a si\u0119 na niego ostrymi jak szpilki pazurami, jednak ch\u0142opak zr\u0119cznie wykorzysta\u0142 moment, by schowa\u0107 si\u0119 mi\u0119dzy jego nogami.<br>To by\u0142a jego szansa na ostateczne zwyci\u0119stwo. Znalaz\u0142 wystarczaj\u0105co du\u017co miejsca, by odda\u0107 cios. Z impetem wbi\u0142 oba ostrza na raz w brzuch przeciwnika.<br>Panter\u0105 niemal natychmiast wstrz\u0105sn\u0119\u0142a ilo\u015b\u0107 energii skumulowanej w ostrzach. Wbi\u0142 ostrza do ko\u0144ca, by mie\u0107 pewno\u015b\u0107, \u017ce przez cia\u0142o wroga przep\u0142ynie dostateczna ilo\u015b\u0107 volt\u00f3w, by zmie\u015b\u0107 go z n\u00f3g.<br>Gdyby w normalnych warunkach zrobi\u0142 to samo, ju\u017c dawno mia\u0142by ochlapany sw\u00f3j czarno-\u017c\u00f3\u0142ty kombinezon szkar\u0142atn\u0105 krwi\u0105. Tak jednak si\u0119 nie sta\u0142o. W Lyoko nikt nie krwawi\u0142, jedynie rozpada\u0142 si\u0119 na wirtualne kawa\u0142ki.<br>Tak te\u017c si\u0119 sta\u0142o z Tadeuszem. Si\u0142a nat\u0119\u017cenia doprowadzi\u0142a do ostatecznej dewirtualizacji Czarnej Pantery z Xan Guldur, a sam Sequill, elektryczny samuraj, uni\u00f3s\u0142 triumfalnie bronie w ge\u015bcie zwyci\u0119stwa.<br>Tym razem mu si\u0119 uda\u0142o. Pytanie, kto nast\u0119pnym razem stanie mu na drodze do ostatecznej wygranej.<\/p>\n","protected":false},"excerpt":{"rendered":"<p>G\u00f3rski sektor.Za ka\u017cdym razem, ilekro\u0107 br\u0105zowow\u0142osy do niego trafia\u0142, mia\u0142 on nieodparte wra\u017cenie, \u017ce jest on jednym z najspokojniejszych rejon\u00f3w cyberprzestrzeni.Jego wirtualna posta\u0107 w ko\u0144cu si\u0119 zmaterializowa\u0142a i stan\u0119\u0142a na ziemi. Odk\u0105d zdecydowa\u0142 si\u0119 wzi\u0105\u0107 udzia\u0142 w walkach w Lyoko, zastanawia\u0142 si\u0119, przeciwko komu b\u0119dzie mu dane walczy\u0107. Bacznie zacz\u0105\u0142 rozgl\u0105da\u0107 si\u0119 dooko\u0142a, w celu &hellip;<br \/><a href=\"https:\/\/kodlyoko.pl\/index.php\/artykuly\/tworczosc-niekonwencjonalna\/arena\/edycja-1\/walki\/edycja-1-cwiercfinaly\/cwiercfinal-2-2-tadeusz-rozan-vs-sequill-pradd-dunbar\/\" class=\"more-link pen_button pen_element_default pen_icon_arrow_double\">Read more<\/a><\/p>\n","protected":false},"author":7,"featured_media":0,"parent":2451,"menu_order":3,"comment_status":"open","ping_status":"closed","template":"","meta":{"footnotes":""},"categories":[20],"tags":[],"class_list":["post-1367","page","type-page","status-publish","hentry","category-artykuly-areny"],"_links":{"self":[{"href":"https:\/\/kodlyoko.pl\/index.php\/wp-json\/wp\/v2\/pages\/1367","targetHints":{"allow":["GET"]}}],"collection":[{"href":"https:\/\/kodlyoko.pl\/index.php\/wp-json\/wp\/v2\/pages"}],"about":[{"href":"https:\/\/kodlyoko.pl\/index.php\/wp-json\/wp\/v2\/types\/page"}],"author":[{"embeddable":true,"href":"https:\/\/kodlyoko.pl\/index.php\/wp-json\/wp\/v2\/users\/7"}],"replies":[{"embeddable":true,"href":"https:\/\/kodlyoko.pl\/index.php\/wp-json\/wp\/v2\/comments?post=1367"}],"version-history":[{"count":2,"href":"https:\/\/kodlyoko.pl\/index.php\/wp-json\/wp\/v2\/pages\/1367\/revisions"}],"predecessor-version":[{"id":2471,"href":"https:\/\/kodlyoko.pl\/index.php\/wp-json\/wp\/v2\/pages\/1367\/revisions\/2471"}],"up":[{"embeddable":true,"href":"https:\/\/kodlyoko.pl\/index.php\/wp-json\/wp\/v2\/pages\/2451"}],"wp:attachment":[{"href":"https:\/\/kodlyoko.pl\/index.php\/wp-json\/wp\/v2\/media?parent=1367"}],"wp:term":[{"taxonomy":"category","embeddable":true,"href":"https:\/\/kodlyoko.pl\/index.php\/wp-json\/wp\/v2\/categories?post=1367"},{"taxonomy":"post_tag","embeddable":true,"href":"https:\/\/kodlyoko.pl\/index.php\/wp-json\/wp\/v2\/tags?post=1367"}],"curies":[{"name":"wp","href":"https:\/\/api.w.org\/{rel}","templated":true}]}}