{"id":1357,"date":"2019-08-13T23:07:00","date_gmt":"2019-08-13T21:07:00","guid":{"rendered":"http:\/\/kodlyoko.pl\/?page_id=1357"},"modified":"2021-05-02T02:07:04","modified_gmt":"2021-05-02T00:07:04","slug":"sequill-johannes-pradd-dunbar","status":"publish","type":"page","link":"https:\/\/kodlyoko.pl\/index.php\/artykuly\/tworczosc-niekonwencjonalna\/arena\/edycja-1\/uczestnicy\/sequill-johannes-pradd-dunbar\/","title":{"rendered":"Sequill Johannes Pradd-Dunbar"},"content":{"rendered":"\n<p><strong>__ | SEQUILL JOHANNES PRADD-DUNBAR | __<\/strong><\/p>\n\n\n\n<p><strong>Imi\u0119:<\/strong>&nbsp;Sequill Johannes<\/p>\n\n\n\n<p><strong>Nazwisko:<\/strong>&nbsp;Pradd-Dunbar<\/p>\n\n\n\n<p><strong>Wiek:<\/strong>&nbsp;15<\/p>\n\n\n\n<p><strong>Wzrost:<\/strong>&nbsp;170cm<\/p>\n\n\n\n<p><strong>Waga:<\/strong>&nbsp;ok. 59 kg<\/p>\n\n\n\n<p><strong>Strona konfliktu:<\/strong>Wojownicy Lyoko<\/p>\n\n\n\n<p><strong>DANE &#8220;Z LYOKO&#8221;<\/strong><\/p>\n\n\n\n<p><strong>Wygl\u0105d:<\/strong>&nbsp;(na zdj\u0119ciu) Elektryczny samuraj.<\/p>\n\n\n\n<p><strong>Uzbrojenie:<\/strong>&nbsp;Dwa miecze zdolne przewodzi\u0107 wy\u0142adowania elektryczne.<\/p>\n\n\n\n<p><strong>Moce:<\/strong>&nbsp;Elekryczne kule, kt\u00f3rymi ch\u0142opak strzela z otwartych d\u0142oni. Electric Sprint &#8211; odmiana Supersprintu Urlicha, jednak jest ona szybsza.<\/p>\n\n\n\n<p><strong>Styl walki:<\/strong>&nbsp;Mieszana<\/p>\n\n\n\n<p><strong>Ulubione strategie:<\/strong>&nbsp;Atak z zaskoczenia b\u0105d\u017a skok na przeciwnika z powietrza.<\/p>\n\n\n\n<p><strong>Dodatkowe informacje:<\/strong>&nbsp;Ulrich jest jego wzorem do na\u015bladowania, wi\u0119c stara si\u0119 stosowa\u0107 te same style walki co on.<\/p>\n","protected":false},"excerpt":{"rendered":"<p>__ | SEQUILL JOHANNES PRADD-DUNBAR | __ Imi\u0119:&nbsp;Sequill Johannes Nazwisko:&nbsp;Pradd-Dunbar Wiek:&nbsp;15 Wzrost:&nbsp;170cm Waga:&nbsp;ok. 59 kg Strona konfliktu:Wojownicy Lyoko DANE &#8220;Z LYOKO&#8221; Wygl\u0105d:&nbsp;(na zdj\u0119ciu) Elektryczny samuraj. Uzbrojenie:&nbsp;Dwa miecze zdolne przewodzi\u0107 wy\u0142adowania elektryczne. Moce:&nbsp;Elekryczne kule, kt\u00f3rymi ch\u0142opak strzela z otwartych d\u0142oni. Electric Sprint &#8211; odmiana Supersprintu Urlicha, jednak jest ona szybsza. Styl walki:&nbsp;Mieszana Ulubione strategie:&nbsp;Atak z zaskoczenia &hellip;<br \/><a href=\"https:\/\/kodlyoko.pl\/index.php\/artykuly\/tworczosc-niekonwencjonalna\/arena\/edycja-1\/uczestnicy\/sequill-johannes-pradd-dunbar\/\" class=\"more-link pen_button pen_element_default pen_icon_arrow_double\">Read more<\/a><\/p>\n","protected":false},"author":7,"featured_media":0,"parent":1277,"menu_order":5,"comment_status":"open","ping_status":"closed","template":"","meta":{"footnotes":""},"categories":[20],"tags":[],"class_list":["post-1357","page","type-page","status-publish","hentry","category-artykuly-areny"],"_links":{"self":[{"href":"https:\/\/kodlyoko.pl\/index.php\/wp-json\/wp\/v2\/pages\/1357","targetHints":{"allow":["GET"]}}],"collection":[{"href":"https:\/\/kodlyoko.pl\/index.php\/wp-json\/wp\/v2\/pages"}],"about":[{"href":"https:\/\/kodlyoko.pl\/index.php\/wp-json\/wp\/v2\/types\/page"}],"author":[{"embeddable":true,"href":"https:\/\/kodlyoko.pl\/index.php\/wp-json\/wp\/v2\/users\/7"}],"replies":[{"embeddable":true,"href":"https:\/\/kodlyoko.pl\/index.php\/wp-json\/wp\/v2\/comments?post=1357"}],"version-history":[{"count":1,"href":"https:\/\/kodlyoko.pl\/index.php\/wp-json\/wp\/v2\/pages\/1357\/revisions"}],"predecessor-version":[{"id":1358,"href":"https:\/\/kodlyoko.pl\/index.php\/wp-json\/wp\/v2\/pages\/1357\/revisions\/1358"}],"up":[{"embeddable":true,"href":"https:\/\/kodlyoko.pl\/index.php\/wp-json\/wp\/v2\/pages\/1277"}],"wp:attachment":[{"href":"https:\/\/kodlyoko.pl\/index.php\/wp-json\/wp\/v2\/media?parent=1357"}],"wp:term":[{"taxonomy":"category","embeddable":true,"href":"https:\/\/kodlyoko.pl\/index.php\/wp-json\/wp\/v2\/categories?post=1357"},{"taxonomy":"post_tag","embeddable":true,"href":"https:\/\/kodlyoko.pl\/index.php\/wp-json\/wp\/v2\/tags?post=1357"}],"curies":[{"name":"wp","href":"https:\/\/api.w.org\/{rel}","templated":true}]}}