{"id":1355,"date":"2019-08-13T23:07:00","date_gmt":"2019-08-13T21:07:00","guid":{"rendered":"http:\/\/kodlyoko.pl\/?page_id=1355"},"modified":"2021-05-02T02:07:04","modified_gmt":"2021-05-02T00:07:04","slug":"melanie-dunbar","status":"publish","type":"page","link":"https:\/\/kodlyoko.pl\/index.php\/artykuly\/tworczosc-niekonwencjonalna\/arena\/edycja-1\/uczestnicy\/melanie-dunbar\/","title":{"rendered":"Melanie Dunbar"},"content":{"rendered":"\n<p><strong>__ | MELANIE DUNBAR | __<\/strong><\/p>\n\n\n\n<p><strong>DANE PODSTAWOWE:<\/strong><\/p>\n\n\n\n<p><strong>Imi\u0119:<\/strong>&nbsp;Melanie<\/p>\n\n\n\n<p><strong>Nazwisko:<\/strong>&nbsp;Dunbar<\/p>\n\n\n\n<p><strong>Wiek:<\/strong>15<\/p>\n\n\n\n<p><strong>Wzrost:<\/strong>&nbsp;181 cm<\/p>\n\n\n\n<p><strong>Waga:<\/strong>&nbsp;71 kg<\/p>\n\n\n\n<p><strong>Strona konfliktu:<\/strong>&nbsp;Xana<\/p>\n\n\n\n<p><strong>DANE &#8220;Z LYOKO&#8221;:<\/strong><\/p>\n\n\n\n<p><strong>Wygl\u0105d:<\/strong>&nbsp;Melanie ma posrebrzane, buty za kolano na obcasie. Zielona sp\u00f3dniczka z lekkiego materia\u0142u z przodu zakrywa uda, a z ty\u0142u si\u0119ga do but\u00f3w. Nad ni\u0105 posiada pas z okr\u0105g\u0142ych, ma\u0142ych luster i szlachetnych kamieni. Reszta kombinezonu jest czarna, a na \u015brodkowym palcu lewej d\u0142oni widnieje sygnet. D\u0142ugie czarne w\u0142osy rozpuszczone, a g\u0142ow\u0119 zdobi bia\u0142o-zielony wianek.<\/p>\n\n\n\n<p><strong>Uzbrojenie:<\/strong>&nbsp;Melanie atakuje gar\u015bciami pn\u0105czy, kt\u00f3re pojawiaj\u0105 si\u0119 z obydwu d\u0142oni. Ataki z lewej s\u0105 wzmocnione przez sygnet. Je\u015bli skupi si\u0119 wystarczaj\u0105co mocno, atak mo\u017ce by\u0107 wzmocniony podw\u00f3jnie, co w kumulacji z sygnetem robi pot\u0119\u017cn\u0105 fal\u0119 pn\u0105czy. Moce: &#8220;Kr\u00f3lowa Cierni&#8221; &#8211; Melanie mo\u017ce tworzy\u0107 w powietrzu ma\u0142e schodki, po kt\u00f3rych tylko ona mo\u017ce si\u0119 porusza\u0107. Maksymalnie dooko\u0142a niej mog\u0105 by\u0107 trzy schodki. &#8220;Sygnet Xany&#8221; &#8211; Melanie aktywuje sygnet, kt\u00f3ry wykonuje tarcz\u0119 dooko\u0142a siebie. Uruchomienie jednak os\u0142abia si\u0142\u0119 podstawowych atak\u00f3w z lewej d\u0142oni na kilkana\u015bcie sekund.<\/p>\n\n\n\n<p><strong>Styl walki:<\/strong>&nbsp;dystansowa<\/p>\n\n\n\n<p>Ulubione strategie: Zazwyczaj atakuje poprzez iluzj\u0119 zakl\u0119\u0107 &#8211; niekt\u00f3re zadaj\u0105 olbrzymie obra\u017cenia, niekt\u00f3re standardowe, a niekt\u00f3re &#8211; wcale i s\u0105 tylko atrap\u0105.<\/p>\n\n\n\n<p><strong>Dodatkowe informacje:<\/strong>&nbsp;Jest c\u00f3rk\u0105 Williama Dunbara. Nie jest w stanie zaatakowa\u0107 w\u0142asnego przyjaciela. Denerwuje si\u0119, kiedy kto\u015b wy\u015bmiewa jej teori\u0119, \u017ce Xana nadal \u017cyje.<\/p>\n\n\n\n<p><strong>Historia:<\/strong>&nbsp;Odk\u0105d pojawi\u0142a si\u0119 w Kadic, ma przyklejon\u0105 \u0142atk\u0119 &#8220;C\u00f3rki Williama Dunbara&#8221;. Po nim jest taka ciekawska i cz\u0119sto psoci. Niewiele brakuje, a mo\u017ce zosta\u0107 wyrzucona ze szko\u0142y. Pewnego razu odkrywa notatnik swojego ojca sprzed czas\u00f3w jego m\u0142odo\u015bci i dowiaduje si\u0119 o fabryce, Lyoko i przede wszystkim &#8211; o Xanie. Zafascynowa\u0142a j\u0105 wizja walki w cyfrowym \u015bwiecie przeciwko wirusowi. Gdy ojciec odkry\u0142, co ona znalaz\u0142a i co robi, zamiast uczy\u0107 si\u0119 do poprawki, od razu zainterweniowa\u0142. &#8220;Xana nie istnieje, nie pr\u00f3buj nawet szuka\u0107 informacji o nim.&#8221; Melanie jednak nie jest w stanie uwierzy\u0107. Najwi\u0119cej informacji znajdzie w wspomnianej fabryce, a przede wszystkim &#8211; jak pojawi si\u0119 w Lyoko i stanie do walki z gro\u017anym wirusem. O ile on w og\u00f3le jeszcze istnieje&#8230;<\/p>\n","protected":false},"excerpt":{"rendered":"<p>__ | MELANIE DUNBAR | __ DANE PODSTAWOWE: Imi\u0119:&nbsp;Melanie Nazwisko:&nbsp;Dunbar Wiek:15 Wzrost:&nbsp;181 cm Waga:&nbsp;71 kg Strona konfliktu:&nbsp;Xana DANE &#8220;Z LYOKO&#8221;: Wygl\u0105d:&nbsp;Melanie ma posrebrzane, buty za kolano na obcasie. Zielona sp\u00f3dniczka z lekkiego materia\u0142u z przodu zakrywa uda, a z ty\u0142u si\u0119ga do but\u00f3w. Nad ni\u0105 posiada pas z okr\u0105g\u0142ych, ma\u0142ych luster i szlachetnych kamieni. Reszta &hellip;<br \/><a href=\"https:\/\/kodlyoko.pl\/index.php\/artykuly\/tworczosc-niekonwencjonalna\/arena\/edycja-1\/uczestnicy\/melanie-dunbar\/\" class=\"more-link pen_button pen_element_default pen_icon_arrow_double\">Read more<\/a><\/p>\n","protected":false},"author":7,"featured_media":0,"parent":1277,"menu_order":4,"comment_status":"open","ping_status":"closed","template":"","meta":{"footnotes":""},"categories":[20],"tags":[],"class_list":["post-1355","page","type-page","status-publish","hentry","category-artykuly-areny"],"_links":{"self":[{"href":"https:\/\/kodlyoko.pl\/index.php\/wp-json\/wp\/v2\/pages\/1355","targetHints":{"allow":["GET"]}}],"collection":[{"href":"https:\/\/kodlyoko.pl\/index.php\/wp-json\/wp\/v2\/pages"}],"about":[{"href":"https:\/\/kodlyoko.pl\/index.php\/wp-json\/wp\/v2\/types\/page"}],"author":[{"embeddable":true,"href":"https:\/\/kodlyoko.pl\/index.php\/wp-json\/wp\/v2\/users\/7"}],"replies":[{"embeddable":true,"href":"https:\/\/kodlyoko.pl\/index.php\/wp-json\/wp\/v2\/comments?post=1355"}],"version-history":[{"count":1,"href":"https:\/\/kodlyoko.pl\/index.php\/wp-json\/wp\/v2\/pages\/1355\/revisions"}],"predecessor-version":[{"id":1356,"href":"https:\/\/kodlyoko.pl\/index.php\/wp-json\/wp\/v2\/pages\/1355\/revisions\/1356"}],"up":[{"embeddable":true,"href":"https:\/\/kodlyoko.pl\/index.php\/wp-json\/wp\/v2\/pages\/1277"}],"wp:attachment":[{"href":"https:\/\/kodlyoko.pl\/index.php\/wp-json\/wp\/v2\/media?parent=1355"}],"wp:term":[{"taxonomy":"category","embeddable":true,"href":"https:\/\/kodlyoko.pl\/index.php\/wp-json\/wp\/v2\/categories?post=1355"},{"taxonomy":"post_tag","embeddable":true,"href":"https:\/\/kodlyoko.pl\/index.php\/wp-json\/wp\/v2\/tags?post=1355"}],"curies":[{"name":"wp","href":"https:\/\/api.w.org\/{rel}","templated":true}]}}