{"id":1349,"date":"2019-08-13T23:07:17","date_gmt":"2019-08-13T21:07:17","guid":{"rendered":"http:\/\/kodlyoko.pl\/?page_id=1349"},"modified":"2021-05-02T02:07:04","modified_gmt":"2021-05-02T00:07:04","slug":"charles-soule","status":"publish","type":"page","link":"https:\/\/kodlyoko.pl\/index.php\/artykuly\/tworczosc-niekonwencjonalna\/arena\/edycja-1\/uczestnicy\/charles-soule\/","title":{"rendered":"Charles Soule"},"content":{"rendered":"\n<p><strong>__ | CHARLES SOULE | __<\/strong><\/p>\n\n\n\n<p><strong>DANE PODSTAWOWE:<\/strong><\/p>\n\n\n\n<p><strong>Imi\u0119:<\/strong>&nbsp;Charles<\/p>\n\n\n\n<p><strong>Nazwisko:<\/strong>&nbsp;Soule<\/p>\n\n\n\n<p><strong>Wiek:<\/strong>&nbsp;21<\/p>\n\n\n\n<p><strong>Wzrost:<\/strong>&nbsp;176cm<\/p>\n\n\n\n<p><strong>Waga:<\/strong>&nbsp;65kg<\/p>\n\n\n\n<p><strong>Strona konfliktu:<\/strong>&nbsp;neutralna<\/p>\n\n\n\n<p><strong>DANE &#8220;Z LYOKO&#8221;:<\/strong><\/p>\n\n\n\n<p><strong>Wygl\u0105d<\/strong><strong>:<\/strong>&nbsp;Prosty g\u0142adki czarny kombinezon z ciemnogranatowym, niemal niewidocznym spiralnym motywem na ca\u0142ej d\u0142ugo\u015bci, pokrywaj\u0105cy ca\u0142e cia\u0142o poza d\u0142o\u0144mi i g\u0142ow\u0105. Oczy chroni\u0105 niewielkie, \u015bci\u015ble przylegaj\u0105ce gogle. Do lewego przedramienia przytroczona na sta\u0142e pochwa na n\u00f3\u017c, s\u0142u\u017c\u0105ca jednocze\u015bnie jako jedyny dost\u0119pny pancerz. Gdy n\u00f3\u017c jest schowany, r\u0119koje\u015b\u0107 wystaje nad nadgarstkiem.<\/p>\n\n\n\n<p><strong>Uzbrojenie:<\/strong>&nbsp;N\u00f3\u017c o delikatnie wygi\u0119tej r\u0119koje\u015bci i kr\u00f3ciutkim (ok. 16-18cm) szerokim ostrzu dwusiecznym. Przecina si\u0119 przez wszystko. Literalnie. Wirtualn\u0105 materi\u0119, wirtualn\u0105 energi\u0119, pola si\u0142owe itd.<\/p>\n\n\n\n<p><strong>Moce:<\/strong><\/p>\n\n\n\n<p><strong>Wymuszona Aktywacja<\/strong>&nbsp;&#8211; aktywowanie wbrew woli przeciwnika jego w\u0142asnej mocy poprzez wym\u00f3wienie jej nazwy. Dowolna ilo\u015b\u0107 u\u017cy\u0107. Styl walki: W bliskim kontakcie lub rzut no\u017cem<\/p>\n\n\n\n<p><strong>Ulubione strategie:<\/strong>&nbsp;Wykorzystanie mocy przeciwnika i modyfikowanie pola walki za pomoc\u0105 wszystko-tn\u0105cego ostrza (np. wycinanie dziur w pod\u0142o\u017cu) tak, by przeciwnik ods\u0142oni\u0142 si\u0119 na ko\u0144cz\u0105cy walk\u0119 cios lub by go rozbroi\u0107 poprzez zniszczenie jego broni.<\/p>\n\n\n\n<p><strong>Dodatkowe informacje:<\/strong>&nbsp;Brak znajomo\u015bci \u017cadnych sztuk walki, podstawowe umiej\u0119tno\u015bci szermiercze i walki na no\u017ce, doskona\u0142e rzucanie no\u017cem. Przygotowuje si\u0119 do ka\u017cdej walki studiuj\u0105c dok\u0142adnie styl walki przeciwnika, g\u0142\u00f3wnie jego moce, i pole walki. Si\u0142a, zwinno\u015b\u0107, skoczno\u015b\u0107 itd. raczej nie odstaj\u0105ce od normy, \u015brednio wysportowany. Doskona\u0142y refleks.<\/p>\n","protected":false},"excerpt":{"rendered":"<p>__ | CHARLES SOULE | __ DANE PODSTAWOWE: Imi\u0119:&nbsp;Charles Nazwisko:&nbsp;Soule Wiek:&nbsp;21 Wzrost:&nbsp;176cm Waga:&nbsp;65kg Strona konfliktu:&nbsp;neutralna DANE &#8220;Z LYOKO&#8221;: Wygl\u0105d:&nbsp;Prosty g\u0142adki czarny kombinezon z ciemnogranatowym, niemal niewidocznym spiralnym motywem na ca\u0142ej d\u0142ugo\u015bci, pokrywaj\u0105cy ca\u0142e cia\u0142o poza d\u0142o\u0144mi i g\u0142ow\u0105. Oczy chroni\u0105 niewielkie, \u015bci\u015ble przylegaj\u0105ce gogle. Do lewego przedramienia przytroczona na sta\u0142e pochwa na n\u00f3\u017c, s\u0142u\u017c\u0105ca jednocze\u015bnie &hellip;<br \/><a href=\"https:\/\/kodlyoko.pl\/index.php\/artykuly\/tworczosc-niekonwencjonalna\/arena\/edycja-1\/uczestnicy\/charles-soule\/\" class=\"more-link pen_button pen_element_default pen_icon_arrow_double\">Read more<\/a><\/p>\n","protected":false},"author":7,"featured_media":0,"parent":1277,"menu_order":1,"comment_status":"open","ping_status":"closed","template":"","meta":{"footnotes":""},"categories":[20],"tags":[],"class_list":["post-1349","page","type-page","status-publish","hentry","category-artykuly-areny"],"_links":{"self":[{"href":"https:\/\/kodlyoko.pl\/index.php\/wp-json\/wp\/v2\/pages\/1349","targetHints":{"allow":["GET"]}}],"collection":[{"href":"https:\/\/kodlyoko.pl\/index.php\/wp-json\/wp\/v2\/pages"}],"about":[{"href":"https:\/\/kodlyoko.pl\/index.php\/wp-json\/wp\/v2\/types\/page"}],"author":[{"embeddable":true,"href":"https:\/\/kodlyoko.pl\/index.php\/wp-json\/wp\/v2\/users\/7"}],"replies":[{"embeddable":true,"href":"https:\/\/kodlyoko.pl\/index.php\/wp-json\/wp\/v2\/comments?post=1349"}],"version-history":[{"count":1,"href":"https:\/\/kodlyoko.pl\/index.php\/wp-json\/wp\/v2\/pages\/1349\/revisions"}],"predecessor-version":[{"id":1350,"href":"https:\/\/kodlyoko.pl\/index.php\/wp-json\/wp\/v2\/pages\/1349\/revisions\/1350"}],"up":[{"embeddable":true,"href":"https:\/\/kodlyoko.pl\/index.php\/wp-json\/wp\/v2\/pages\/1277"}],"wp:attachment":[{"href":"https:\/\/kodlyoko.pl\/index.php\/wp-json\/wp\/v2\/media?parent=1349"}],"wp:term":[{"taxonomy":"category","embeddable":true,"href":"https:\/\/kodlyoko.pl\/index.php\/wp-json\/wp\/v2\/categories?post=1349"},{"taxonomy":"post_tag","embeddable":true,"href":"https:\/\/kodlyoko.pl\/index.php\/wp-json\/wp\/v2\/tags?post=1349"}],"curies":[{"name":"wp","href":"https:\/\/api.w.org\/{rel}","templated":true}]}}