{"id":1338,"date":"2021-04-24T22:22:10","date_gmt":"2021-04-24T20:22:10","guid":{"rendered":"http:\/\/kodlyoko.pl\/?page_id=1338"},"modified":"2021-08-08T01:22:12","modified_gmt":"2021-08-07T23:22:12","slug":"swiatelko-w-tunelu","status":"publish","type":"page","link":"https:\/\/kodlyoko.pl\/index.php\/artykuly\/redaktorskie\/felietony\/swiatelko-w-tunelu\/","title":{"rendered":"\u015awiate\u0142ko w tunelu"},"content":{"rendered":"\n<p class=\"has-drop-cap\">Ciekawy lipiec nam si\u0119 zrobi\u0142 w fandomie, kompletnie niepasuj\u0105cy do tego, do czego byli\u015bmy przyzwyczajeni. Niby to sezon og\u00f3rkowy, a jest o czym m\u00f3wi\u0107, bo i dzieje si\u0119 sporo wa\u017cnych rzeczy. Najpierw w Hiszpanii og\u0142oszono, \u017ce Code Lyoko pojawi si\u0119 w HBO Espania, co wywo\u0142a\u0142o eufori\u0119 w\u015br\u00f3d tamtejszych fan\u00f3w. Kilka dni p\u00f3\u017aniej w ameryka\u0144skim Amazon Prime Video pojawiaj\u0105 si\u0119 wszystkie animowane odcinki. Generalnie mo\u017cna si\u0119 cieszy\u0107, bo to oznacza, \u017ce jeszcze chce si\u0119 wykorzysta\u0107 potencja\u0142 CL. sprawdza si\u0119 to, o czym kierownictwo Mediatoona m\u00f3wi\u0142o ju\u017c w 2015 r. (swoj\u0105 drog\u0105 to gdyby za ka\u017cde przypomnienie tego tekstu, kt\u00f3ry wtedy opracowa\u0142em, mia\u0142bym dostawa\u0107 tantiemy, to teraz bym mia\u0142 troch\u0119 oszcz\u0119dno\u015bci \ud83d\ude42 ). Widocznym znakiem czasu jest to, \u017ce serial trafia nie do tradycyjnej telewizji, a do serwis\u00f3w oferuj\u0105cych wideo na \u017cyczenie, maj\u0105 one coraz wi\u0119ksz\u0105 rzesz\u0119 odbiorc\u00f3w. Do\u015b\u0107 powiedzie\u0107, \u017ce sam Amazon Prime w USA to 100 milion\u00f3w subskrybent\u00f3w, czyli 100 milion\u00f3w potencjalnych widz\u00f3w. Ju\u017c teraz wida\u0107 efekty popularno\u015bci serialu w Hiszpanii, tam jest to najpopularniejsza produkcja m\u0142odzie\u017cowa w serwisie HBO.<\/p>\n\n\n\n<p>Kto\u015b jednak m\u00f3g\u0142by zada\u0107 pytanie &#8220;Dlaczego wpuszcza sie odcinki CL na p\u0142atne portale, cho\u0107 s\u0105 one dost\u0119pne za darmo w internecie?&#8221;. Pierwsza odpowied\u017a nasuwa si\u0119 od razu: dla pieni\u0119dzy. I to jest dobry trop, ale nie jedyny. Chodzi tak\u017ce o kwestie techniczne.<br>Mediatoon odpali\u0142 w zesz\u0142ym roku oficjalne kana\u0142y na YouTube w r\u00f3\u017cnych j\u0119zykach, po angielsku i francusku s\u0105 wszystkie 4 serie. Szczeg\u00f3\u0142 jest jednak taki, \u017ce za darmo dost\u0119pne s\u0105 tylko odcinki w wersji SD. Wiemy natomiast, bo to odkry\u0142a mi\u0119dzynarod\u00f3wka na CodeLyoko.fr, \u017ce Amazon Prime ma te odcinki w HD, i to w prawdziwym tego s\u0142owa znaczeniu. Nie jest tak jak kto\u015b w Polsce sobie zrobi\u0142, \u017ce rozci\u0105gn\u0105\u0142 tylko obraz z 4:3 do 16:9 i sobie podpisa\u0142 jako &#8220;High Definition&#8221;, cho\u0107 nie ma to nic z tym wsp\u00f3lnego. W wersji &#8220;amazo\u0144skiej&#8221; wida\u0107, \u017ce pracowano nad obrazem, zmieniano szczeg\u00f3\u0142y, nieco to przyci\u0119to (co skrytykowali niekt\u00f3rzy widzowie w USA), przez co kresk\u00f3wka lepiej wygl\u0105da na 40-calowych i wi\u0119kszych telewizorach. Ale za to trzeba ju\u017c zap\u0142aci\u0107.<\/p>\n\n\n\n<p>Przy okazji: pami\u0119tacie pewnie, jak przy okazji obchod\u00f3w 15-lecia serialu utworzono polski oficjalny kana\u0142. Tam jest obecnie oko\u0142o 40 odcink\u00f3w, one s\u0105 w\u0142a\u015bnie w takiej wersji jak na Amazon Prime. Przez pewien czas zastanawiali\u015bmy si\u0119, czemu wstrzymano publikacj\u0119, ale kwestia z USA wyja\u015bnia temat. Najpewniej kto\u015b si\u0119 zagapi\u0142 i pu\u015bci\u0142 od razu wersj\u0119 przeznaczon\u0105 do serwis\u00f3w VOD, a dopiero po jakim\u015b czasie podj\u0119to decyzj\u0119 o niepublikowaniu. Mo\u017ce kiedy\u015b i u nas CL pojawi si\u0119 w Ipli czy innym Playerze.<\/p>\n\n\n\n<p>Ostatnie zdarzenia prowokuj\u0105 pytanie pojawiaj\u0105ce si\u0119 w fandomie od dawna, tym razem jednak jest ono solidnie umotywowane: co dalej?<br>Kilka dni po wie\u015bciach na temat Amazon Prime jeden z u\u017cytkownik\u00f3w portalu Reddit, na kt\u00f3rym jest ca\u0142kiem spora spo\u0142eczno\u015b\u0107 fan\u00f3w serialu, poinformowa\u0142 o skontaktowaniu si\u0119 z APV w sprawie kontynuacji serialu. Po kilku godzinach usuni\u0119to wpis, wiemy jednak, \u017ce odpowied\u017a brzmia\u0142a mniej wi\u0119cej tak: &#8220;Dzi\u0119ki za sugesti\u0119, rozpatrzymy i przeka\u017cemy komu trzeba&#8221;. Na ten moment nie znaczy to zbyt wiele z kilku wzgl\u0119d\u00f3w. Najwazniejszy &#8211; Amazon w tym momencie nie m\u00f3g\u0142by, cho\u0107by nawet chcia\u0142, podj\u0105\u0107 decyzji o zrobieniu czego\u015b nowego, poniewa\u017c prawa do Code Lyoko ma Mediatoon i to tam mo\u017ce ewentualnie zapa\u015b\u0107 jaka\u015b decyzja. Poza tym nie wznowionoby serialu po li\u015bcie od jednego widza. Jak na razie mamy znak, \u017ce jest oczekiwanie na to, ale o tym wiemy w sumie i bez listu, a i podobna historia mog\u0142aby si\u0119 przydarzy\u0107, gdyby prawa do zaoferowania CL abonentom swoich us\u0142ug mia\u0142, dajmy na to, Netflix.<\/p>\n\n\n\n<p>Na pocz\u0105tku roku informowali\u015bmy na stronie o 3 opcjach przysz\u0142o\u015bci serialu, przewidywanych przez redakcj\u0119 hiszpa\u0144sk\u0105: nowej serii, remake&#8217;u nagranego ju\u017c serialu oraz reboocie. Teraz wiemy, \u017ce druga opcja sta\u0142a si\u0119 faktem, co jest pozytywnym zjawiskiem, gdy\u017c niezale\u017cnie od tego, czy mieliby\u015bmy za jaki\u015b czas do czynienia z now\u0105 seri\u0105 czy te\u017c zacz\u0119ciem od zera, warto by by\u0142o przypomnie\u0107 starym widzom, a nowym pokaza\u0107 poprzedni serie. Remake jest te\u017c dobry dlatego, \u017ce likwiduje on jeden z argument\u00f3w przeciwko emisji, brzmi\u0105cy &#8220;bo ten serial jest za stary i niedostosowany technicznie&#8221;. Problem ten znika, co daje szans\u0119 na to, \u017ce za jaki\u015b czas kolejne kraje b\u0119d\u0105 mog\u0142y mie\u0107 dost\u0119p do serialu, czy to w ramach us\u0142ug VOD, czy poprzez emisj\u0119 w telewizji tradycyjnej.<br>Nie wiemy nadal, czy w og\u00f3le b\u0119dzie jaka\u015b pr\u00f3ba zrobienia czego\u015b nowego, my\u015bl\u0119 \u017ce nie bez znaczenia jest fakt, i\u017c dopiero w przysz\u0142ym roku Mediatoon uzyska prawa do Evolution. Mo\u017ce co\u015b z 5 serii b\u0119dzie wykorzystane, je\u015bli b\u0119dzie ch\u0119\u0107 dalszego dzia\u0142ania. Opinii na temat tego, jak ta kontynuacja ma wygl\u0105da\u0107, jest tyle. ilu jest fan\u00f3w. S\u0105 tacy, kt\u00f3rzy wyznaj\u0105 tu zasad\u0119 Krzysztofa Kononowicza &#8220;niech nie b\u0119dzie niczego&#8221;. S\u0105 ci, kt\u00f3rzy chcieliby skasowania Ewolucji, by\u0142a nawet robiona akcja w tym celu, ale na szcz\u0119\u015bcie sko\u0144czy\u0142a si\u0119, zanim si\u0119 zacz\u0119\u0142a. Mamy zwolennik\u00f3w opcji &#8220;reboot&#8221; oraz tych, kt\u00f3rzy woleliby obejrze\u0107 now\u0105 seri\u0119 ze znanymi bohaterami.<\/p>\n\n\n\n<p>Wydaje mi si\u0119, \u017ce opcja &#8220;reboot&#8221; by\u0142aby bardziej ryzykowna i trudniejsza. Nie to, \u017ceby wymy\u015blenie nowej serii w &#8220;starych realiach&#8221; by\u0142o \u0142atwe, bo tu trzeba by by\u0142o podomyka\u0107 w\u0105tki rozpocz\u0119te w poprzednich seriach (no, chyba \u017ce tw\u00f3rcy zrobiliby sezon na zasadzie &#8220;szpachl\u0105 na odpier&#8230;&#8221;, ale to raczej nie by\u0142oby fajne). Ale reboot jest ryzykowny pod wzgl\u0119dem tego, \u017ce jeste\u015bmy przyzwyczajeni do tych postaci, kt\u00f3re znamy od wielu lat i zapewne przy nowych szukaliby\u015bmy podobie\u0144stw do tego, co by\u0142o. To mog\u0142oby zrazi\u0107 starych fan\u00f3w. Przy nowej serii nie mieliby\u015bmy tego niebezpiecze\u0144stwa, ale te\u017c musia\u0142aby by\u0107 ona dopracowana.<\/p>\n\n\n\n<p>Niezale\u017cnie jednak od tego, co ostatecznie zrobi Mediatoon, a jest te\u017c opcja, \u017ce mo\u017ce nic nie zrobi\u0107 i realistycznie to te\u017c powinni\u015bmy bra\u0107 pod uwag\u0119, to co si\u0119 dzieje w fandomie w ostatnich dniach, daje nam pewne \u015bwiate\u0142ko w tunelu. Ca\u0142kiem mo\u017cliwe, \u017ce to jeszcze nie koniec i \u017ce jeszcze nie powiedziano ostatniego s\u0142owa.<\/p>\n","protected":false},"excerpt":{"rendered":"<p>Ciekawy lipiec nam si\u0119 zrobi\u0142 w fandomie, kompletnie niepasuj\u0105cy do tego, do czego byli\u015bmy przyzwyczajeni. Niby to sezon og\u00f3rkowy, a jest o czym m\u00f3wi\u0107, bo i dzieje si\u0119 sporo wa\u017cnych rzeczy. Najpierw w Hiszpanii og\u0142oszono, \u017ce Code Lyoko pojawi si\u0119 w HBO Espania, co wywo\u0142a\u0142o eufori\u0119 w\u015br\u00f3d tamtejszych fan\u00f3w. Kilka dni p\u00f3\u017aniej w ameryka\u0144skim Amazon &hellip;<br \/><a href=\"https:\/\/kodlyoko.pl\/index.php\/artykuly\/redaktorskie\/felietony\/swiatelko-w-tunelu\/\" class=\"more-link pen_button pen_element_default pen_icon_arrow_double\">Read more<\/a><\/p>\n","protected":false},"author":5,"featured_media":0,"parent":2587,"menu_order":0,"comment_status":"closed","ping_status":"closed","template":"","meta":{"footnotes":""},"categories":[50],"tags":[],"class_list":["post-1338","page","type-page","status-publish","hentry","category-artykuly-felietony"],"_links":{"self":[{"href":"https:\/\/kodlyoko.pl\/index.php\/wp-json\/wp\/v2\/pages\/1338","targetHints":{"allow":["GET"]}}],"collection":[{"href":"https:\/\/kodlyoko.pl\/index.php\/wp-json\/wp\/v2\/pages"}],"about":[{"href":"https:\/\/kodlyoko.pl\/index.php\/wp-json\/wp\/v2\/types\/page"}],"author":[{"embeddable":true,"href":"https:\/\/kodlyoko.pl\/index.php\/wp-json\/wp\/v2\/users\/5"}],"replies":[{"embeddable":true,"href":"https:\/\/kodlyoko.pl\/index.php\/wp-json\/wp\/v2\/comments?post=1338"}],"version-history":[{"count":1,"href":"https:\/\/kodlyoko.pl\/index.php\/wp-json\/wp\/v2\/pages\/1338\/revisions"}],"predecessor-version":[{"id":1339,"href":"https:\/\/kodlyoko.pl\/index.php\/wp-json\/wp\/v2\/pages\/1338\/revisions\/1339"}],"up":[{"embeddable":true,"href":"https:\/\/kodlyoko.pl\/index.php\/wp-json\/wp\/v2\/pages\/2587"}],"wp:attachment":[{"href":"https:\/\/kodlyoko.pl\/index.php\/wp-json\/wp\/v2\/media?parent=1338"}],"wp:term":[{"taxonomy":"category","embeddable":true,"href":"https:\/\/kodlyoko.pl\/index.php\/wp-json\/wp\/v2\/categories?post=1338"},{"taxonomy":"post_tag","embeddable":true,"href":"https:\/\/kodlyoko.pl\/index.php\/wp-json\/wp\/v2\/tags?post=1338"}],"curies":[{"name":"wp","href":"https:\/\/api.w.org\/{rel}","templated":true}]}}