{"id":1332,"date":"2021-04-24T22:18:43","date_gmt":"2021-04-24T20:18:43","guid":{"rendered":"http:\/\/kodlyoko.pl\/?page_id=1332"},"modified":"2021-04-24T22:18:59","modified_gmt":"2021-04-24T20:18:59","slug":"zle-zagranie","status":"publish","type":"page","link":"https:\/\/kodlyoko.pl\/index.php\/artykuly\/kod-lyoko\/zle-zagranie\/","title":{"rendered":"Z\u0142e zagranie"},"content":{"rendered":"\n<p class=\"has-drop-cap\">Gapi\u0142em si\u0119 w zeszyt od matmy i pr\u00f3bowa\u0142em powt\u00f3rzy\u0107 sobie twierdzenia z geometrii na jutrzejszy test. Bezskutecznie. Dzisiejszy dzie\u0144 jest beznadziejny.<\/p>\n\n\n\n<p>Yumi \u015ble mi s\u0142odkie u\u015bmieszki, a gdy tylko my\u015bli, \u017ce nie ma mnie w pobli\u017cu, migdali si\u0119 do Williama. Jak mog\u0142em by\u0107 tak \u015blepy!?<\/p>\n\n\n\n<p>Nagle rozlega si\u0119 ha\u0142as, huk, jakby odg\u0142os pracy jakich\u015b maszyn hydraulicznych. Dziwnie znajomy d\u017awi\u0119k. Po chwili jednak zag\u0142usza\u0142y go krzyki uczni\u00f3w dobiegaj\u0105ce sprzed szko\u0142y! Co si\u0119 dzieje?<\/p>\n\n\n\n<p>William zdziwiony podni\u00f3s\u0142 g\u0142ow\u0119. Jim zrzuci\u0142 nogi z sto\u0142u i skoczy\u0142 do okna.<\/p>\n\n\n\n<p>&nbsp;&#8211; Co to za ha\u0142asy? \u2013 krzykn\u0105\u0142. Nie wiem, co tam zobaczy\u0142, ale po chwili doda\u0142 \u2013 Nie ruszajcie si\u0119 st\u0105d, bo oberwiecie!<\/p>\n\n\n\n<p>Szybkim krokiem wyszed\u0142 z biblioteki, a ja i William oczywi\u015bcie od razu pognali\u015bmy do okna. Wtedy u\u015bwiadomi\u0142em sobie, sk\u0105d znam ten dziwny odg\u0142os. Z Lyoko.<\/p>\n\n\n\n<p>&nbsp;&#8211; Co to takiego? \u2013 spyta\u0142 William dziwnie wysokim, jak na niego, g\u0142osem.<\/p>\n\n\n\n<p>&nbsp;&#8211; Krab.<\/p>\n\n\n\n<p>XANA musia\u0142 go zmaterializowa\u0107, a teraz potw\u00f3r przyszed\u0142 do szko\u0142y, \u017ceby zapolowa\u0107 na mnie i reszt\u0119. Musz\u0119 ich ostrzec. Si\u0119gn\u0105\u0142em po telefon do kieszeni, ale natrafi\u0142em na pustk\u0119. Szybko przypomnia\u0142em sobie, \u017ce przecie\u017c Jim zabra\u0142 nam telefony, i ci\u0105gle ma je w kieszeni. Nie, ma telefon Williama, m\u00f3j le\u017cy na stole! Szybko zgarn\u0105\u0142em kom\u00f3rk\u0119 z blatu i natychmiast wklepa\u0142em numer Jeremy\u2019ego.<\/p>\n\n\n\n<p>&nbsp;&#8211; Jeremy?<\/p>\n\n\n\n<p>&nbsp;<em>&#8211; A, Ulrich? Nareszcie jeste\u015b.<\/em><\/p>\n\n\n\n<p>&nbsp;&#8211; Co si\u0119 dzieje?<\/p>\n\n\n\n<p>&nbsp;&#8211;&nbsp;<em>XANA zmaterializowa\u0142 trzy kraby. Jeden jest u Yumi, a Odd walczy na g\u00f3rze z drugim, \u017ceby ten nie narozrabia\u0142 w mie\u015bcie.<\/em><\/p>\n\n\n\n<p>&nbsp;&#8211; Trzeci jest w szkole. Zajm\u0119 si\u0119 nim \u2013 spojrza\u0142em na przypatruj\u0105cego si\u0119 mi Williama. \u2013 Z Williamem.<\/p>\n\n\n\n<p>Wyjrza\u0142em przez okno i zobaczy\u0142em, jak krab strzela do wszystkiego co si\u0119 rusza. W tym momencie ze szko\u0142y wyskoczy\u0142 Jim i z okrzykiem \u201eGeronimo\u201d ruszy\u0142 na kraba. Potw\u00f3r b\u0142yskawicznie si\u0119 obr\u00f3ci\u0142 o 180 stopni i wystrzeli\u0142. Jim upad\u0142 na ziemi\u0119 i z\u0142apa\u0142 si\u0119 za oparzone rami\u0119.<\/p>\n\n\n\n<p>Jednocze\u015bnie zareagowali\u015bmy i wybiegli\u015bmy w stron\u0119 kraba. Odwr\u00f3cili\u015bmy jego uwag\u0119 i natychmiast skoczyli\u015bmy w krzaki. William przej\u0105\u0142 inicjatyw\u0119 i wyskoczy\u0142 na przyn\u0119t\u0119. Dure\u0144. Nawet nie wiem, z czym walczy.<\/p>\n\n\n\n<p>Dure\u0144 czy nie, stworzy\u0142 okazj\u0119, kt\u00f3rej nie mog\u0119 nie wykorzysta\u0107. Potrzebuj\u0119 broni. W oddali zauwa\u017cam szop\u0119 ogrodnika. Miejsce, gdzie uzbroi\u0142em si\u0119 do walki z potworami, gdy XANA wys\u0142a\u0142 karaluchy. Jednak William ju\u017c prowadzi\u0142 do niej kraba. Dar\u0142 si\u0119:<\/p>\n\n\n\n<p>&nbsp;&#8211; Ulrich! Biegn\u0119 w stron\u0119 tej starej szopy! Ulrich!<\/p>\n\n\n\n<p>Lasery mija\u0142y go coraz bli\u017cej. Powinienem biec ratowa\u0107 Yumi!<\/p>\n\n\n\n<p>Zaraz, po co? Przecie\u017c ona ma mnie za idiot\u0119. R\u00f3wnie dobrze mog\u0119 za\u0142atwi\u0107 tego kraba. M\u00f3j wzrok pada na stary, pordzewia\u0142y pr\u0119t zapl\u0105tany w krzaki. Wyci\u0105gam go i szybko wdrapuj\u0119 si\u0119 na drzewo. Usadawiam si\u0119 na ga\u0142\u0119zi, \u017ceby m\u00f3c skoczy\u0107, gdy tylko trafi si\u0119 odpowiedni moment. Spogl\u0105dam w d\u00f3\u0142 i zaczyna kr\u0119ci\u0107 mi si\u0119 w g\u0142owie. Jak ja tutaj wszed\u0142em? Przecie\u017c mam l\u0119k wysoko\u015bci!<\/p>\n\n\n\n<p>Na widok kraba wyrzucam z umys\u0142u t\u0105 my\u015bl i bez wahania zeskakuj\u0119 na potwora. Wbijam pr\u0119t w oko XANY, lec\u0105 iskry. Po chwili maszyna pada na ziemi\u0119, unieszkodliwiona. Prawie jak w Lyoko.<\/p>\n\n\n\n<p>Prawie.<\/p>\n\n\n\n<p>William podni\u00f3s\u0142 si\u0119 z ziemi i ju\u017c otwiera\u0142 usta, \u017ceby co\u015b powiedzie\u0107. Ubieg\u0142em go:<\/p>\n\n\n\n<p>&nbsp;&#8211; Masz szcz\u0119\u015bcie. Nie chcia\u0142em ci\u0119 ratowa\u0107.<\/p>\n\n\n\n<p>Nie mam poj\u0119cia, po co to m\u00f3wi\u0119. Naprawd\u0119 tak my\u015bl\u0119?<\/p>\n\n\n\n<p>Oczywi\u015bcie, \u017ce tak!<\/p>\n\n\n\n<p>Tak? Skaza\u0142bym go na \u015bmier\u0107 z powodu Yumi? To faktycznie fatalny dzie\u0144.<\/p>\n\n\n\n<p>&nbsp;&#8211; No co ty?! Zwariowa\u0142e\u015b?! O co ci chodzi, stary?!<\/p>\n\n\n\n<p>&nbsp;&#8211; Trzymaj si\u0119 od nas z dala, kapujesz?<\/p>\n\n\n\n<p>Od \u201enas\u201d? Przecie\u017c ju\u017c nie ma \u201enas\u201d! Co ja wygaduj\u0119?!<\/p>\n\n\n\n<p>&nbsp;&#8211; S\u0142uchaj, kole\u015b, to ty nie kapujesz. Ja wcale nie prowadz\u0119 w wy\u015bcigu o Yumi. Chyba \u017ce nie wiesz.<\/p>\n\n\n\n<p>Zapada cisza. Mierzymy si\u0119 wzrokiem. Nikt si\u0119 nie odzywa. Bo i po co?<\/p>\n\n\n\n<p>Ale zaraz przypominam sobie, \u017ce s\u0105 wa\u017cniejsze sprawy. Jeden krab mniej \u2013 zosta\u0142y dwa. Trzeba o tym zameldowa\u0107 Jeremy\u2019emu. Wyci\u0105gam telefon.<\/p>\n\n\n\n<p>&nbsp;&#8211;&nbsp;<em>Ulrich!<\/em><\/p>\n\n\n\n<p>&nbsp;&#8211; Jeremy, wyko\u0144czyli\u015bmy jednego kraba!<\/p>\n\n\n\n<p>&nbsp;&#8211;&nbsp;<em>Wreszcie dobre wie\u015bci. Aelita robi co si\u0119 da, \u017ceby dezaktywowa\u0107 wie\u017c\u0119, ale trzeba os\u0142oni\u0107 Yumi i Odda.<\/em><\/p>\n\n\n\n<p>&nbsp;&#8211; Zajm\u0119 si\u0119 tym.<\/p>\n\n\n\n<p>&nbsp;&#8211; Razem si\u0119 zajmiemy \u2013 zaczyna William. Nie ma sensu si\u0119 z nim spiera\u0107.<\/p>\n\n\n\n<p>&nbsp;&#8211; Biegnij do fabryki \u2013 rzucam. \u2013 Tam jest Odd i drugi krab.<\/p>\n\n\n\n<p>&nbsp;&#8211; A ty dok\u0105d? St\u00f3j! \u2013 krzyczy. Ale ja go nie s\u0142ucham, tylko przeskakuj\u0119 przez mur szko\u0142y i biegn\u0119 w stron\u0119 domu Yumi. Po drodze mijam radiow\u00f3z p\u0119dz\u0105cy w stron\u0119 szko\u0142y. Ciekawe, co zrobi\u0105, jak zobacz\u0105 wrak kraba?<\/p>\n\n\n\n<p>Mijam kilka przecznic i w ko\u0144cu docieram do ulicy, przy kt\u00f3rej mieszka Yumi. Sp\u00f3\u017ani\u0142em si\u0119! Dostrzegam na ko\u0144cu drogi kraba!<\/p>\n\n\n\n<p>I\u2026 samuraja?! Niewa\u017cne, kim by\u0142. Potw\u00f3r jednym machni\u0119ciem odn\u00f3\u017ca rzuci\u0142 nim o \u015bcian\u0119 i wyrzuci\u0142 z gry. Co ja gadam, to nie Lyoko!<\/p>\n\n\n\n<p>Potw\u00f3r \u0142aduje dzia\u0142ko i staje przed jak\u0105\u015b skulon\u0105 na ziemi postaci\u0105. Yumi!<\/p>\n\n\n\n<p>W biegu przez moj\u0105 g\u0142ow\u0119 przelatuj\u0105 dziesi\u0105tki my\u015bli. Czy zd\u0105\u017c\u0119? Czy rzuci\u0107 si\u0119 na drog\u0119 strza\u0142u?<\/p>\n\n\n\n<p>Znajduj\u0119 lepsze rozwi\u0105zanie \u2013 l\u015bni\u0105cy przedmiot le\u017c\u0105cy obok nieprzytomnego wojownika. Krzyk matki Yumi dodaje mi energii i zdecydowania. Skacz\u0119 przed siebie, \u0142api\u0119 katan\u0119 i stawiam j\u0105 na linii strza\u0142u. Wszystko w ci\u0105gu u\u0142amka sekundy. Laser odbija si\u0119 od ostrza i szybuje w g\u00f3r\u0119. No, teraz to ju\u017c jest ca\u0142kiem jak w Lyoko.<\/p>\n\n\n\n<p>Yumi wyszeptuje moje imi\u0119, a ja staj\u0119 w pozycji bojowej. \u017badnych emocji. Teraz walka.<\/p>\n\n\n\n<p>&nbsp;&#8211; Tylko spr\u00f3buj, robalu! \u2013 wykrzykuj\u0119.<\/p>\n\n\n\n<p>Krab, jakby przyj\u0105\u0142 moje wyzwanie, otwiera ogie\u0144. Jest jednak jakby troch\u0119 bardziej nieporadny ni\u017c w Lyoko. Przeskakuj\u0119 mi\u0119dzy jego odn\u00f3\u017cami, omijaj\u0105c promienie kolejnych laser\u00f3w. Jednak powoli strza\u0142y staj\u0105 si\u0119 celniejsze. Jakby on si\u0119 uczy\u0142, przyzwyczaja\u0142 do nowego otoczenia. Musz\u0119 coraz cz\u0119\u015bciej odbija\u0107 pociski, bo nie mam czasu ich unika\u0107.<\/p>\n\n\n\n<p>S\u0142ysz\u0119 Hirokiego: &#8211; Ile razy mam ci powtarza\u0107, \u017ceby\u015b z nim chodzi\u0142a?!<\/p>\n\n\n\n<p>G\u0142os brata Yumi na chwil\u0119 mnie dekoncentruje, a krab oddaje strza\u0142 w moj\u0105 nog\u0119. Zaraz zdob\u0119dzie przewag\u0119!<\/p>\n\n\n\n<p>Czas na kontratak!<\/p>\n\n\n\n<p>Podskakuj\u0119 i szybkim ci\u0119ciem oddzielam jedno z odn\u00f3\u017cy od w\u0142a\u015bciciela. Hiroki, maj\u0105c chyba za nic ca\u0142\u0105 walk\u0119, wybiega i krzyczy: &#8211; Ulrich, jeste\u015b \u015bwietny!<\/p>\n\n\n\n<p>Wskakuj\u0119 na kraba i ju\u017c mam wbi\u0107 miecz w oko XANY na jego pancerzu, ale uwaga potwora zwraca si\u0119 na Hirokiego. Razem z celownikiem!<\/p>\n\n\n\n<p>&nbsp;&#8211; Hiroki, nie!<\/p>\n\n\n\n<p>Cho\u0107 pokonam kraba, zd\u0105\u017cy jeszcze wystrzeli\u0107, prosto w g\u0142ow\u0119 Hirokiego! On mo\u017ce tego nie prze\u017cy\u0107! B\u0142yskawicznie podejmuj\u0119 decyzj\u0119, upuszczam ostrze i przyjmuje na siebie strza\u0142 wymierzony w brata Yumi. Krab jednym odn\u00f3\u017ce wbija mi w rami\u0119, przygwa\u017cd\u017caj\u0105c je do ziemi, a drugie unosi do morderczego ciosu. Chyba chce si\u0119 zem\u015bci\u0107 za utrat\u0119 ko\u0144czyny. Od kiedy to maszyna mo\u017ce chcie\u0107 zemsty?<\/p>\n\n\n\n<p>Od kiedy jest pod kontrol\u0105 XANY, oczywi\u015bcie.<\/p>\n\n\n\n<p>Jak\u2026 boli\u2026<\/p>\n\n\n\n<p>Staram si\u0119 dosi\u0119gn\u0105\u0107 miecza, ale nie mog\u0119. Przez b\u00f3l zamazuje mi si\u0119 obraz, nic nie widz\u0119. Ostatkiem si\u0142 pr\u00f3buj\u0119 zrobi\u0107 co\u015b g\u0142upiego i bezsensownego \u2013 wyrwa\u0107 si\u0119 z stalowego u\u015bcisku kraba.<\/p>\n\n\n\n<p>Boli\u2026<\/p>\n\n\n\n<p>Nie\u2026 mog\u0119\u2026 Zaraz\u2026 zemdlej\u0119.<\/p>\n\n\n\n<p>Spada na mnie wielkie mechaniczne rami\u0119 kraba. Boli\u2026<\/p>\n\n\n\n<p>S\u0142ysz\u0119 jeszcze krzyk Yumi.<\/p>\n\n\n\n<p>Aaaah\u2026<\/p>\n\n\n\n<p>Koniec\u2026<\/p>\n\n\n\n<p>Otwieram oczy i widz\u0119 Odda. Rozpoznaj\u0119 nasz pok\u00f3j w internacie.<\/p>\n\n\n\n<p>&nbsp;&#8211; Hejka \u2013 zaczyna rado\u015bnie Odd.<\/p>\n\n\n\n<p>&nbsp;&#8211; Hej \u2013 szepcz\u0119 jeszcze oszo\u0142omiony.<\/p>\n\n\n\n<p>&nbsp;&#8211; Zaraz mamy jazd\u0119 z chor\u0105\u017cym Garrickiem. Hej, stary! Dobrze si\u0119 czujesz?<\/p>\n\n\n\n<p>&nbsp;&#8211; Taaa\u2026 Tak, tak.<\/p>\n\n\n\n<p>&nbsp;&#8211; To dobrze \u2013 wzrusza ramionami. \u2013 Ciesz\u0119 si\u0119, \u017ce jeste\u015b w jednym kawa\u0142ku. I Yumi pewnie te\u017c si\u0119 cieszy.<\/p>\n\n\n\n<p>&nbsp;&#8211; Yumi?<\/p>\n\n\n\n<p>Te\u017c si\u0119 ciesz\u0119, \u017ce jestem w jednym kawa\u0142ku, Odd.<\/p>\n\n\n\n<p>Te\u017c si\u0119 ciesz\u0119.<\/p>\n\n\n\n<p><em>Autor: Qazqweop<\/em><\/p>\n","protected":false},"excerpt":{"rendered":"<p>Gapi\u0142em si\u0119 w zeszyt od matmy i pr\u00f3bowa\u0142em powt\u00f3rzy\u0107 sobie twierdzenia z geometrii na jutrzejszy test. Bezskutecznie. Dzisiejszy dzie\u0144 jest beznadziejny. Yumi \u015ble mi s\u0142odkie u\u015bmieszki, a gdy tylko my\u015bli, \u017ce nie ma mnie w pobli\u017cu, migdali si\u0119 do Williama. Jak mog\u0142em by\u0107 tak \u015blepy!? Nagle rozlega si\u0119 ha\u0142as, huk, jakby odg\u0142os pracy jakich\u015b maszyn &hellip;<br \/><a href=\"https:\/\/kodlyoko.pl\/index.php\/artykuly\/kod-lyoko\/zle-zagranie\/\" class=\"more-link pen_button pen_element_default pen_icon_arrow_double\">Read more<\/a><\/p>\n","protected":false},"author":3,"featured_media":0,"parent":623,"menu_order":0,"comment_status":"closed","ping_status":"closed","template":"","meta":{"footnotes":""},"categories":[41],"tags":[],"class_list":["post-1332","page","type-page","status-publish","hentry","category-artykuly-kod-lyoko"],"_links":{"self":[{"href":"https:\/\/kodlyoko.pl\/index.php\/wp-json\/wp\/v2\/pages\/1332","targetHints":{"allow":["GET"]}}],"collection":[{"href":"https:\/\/kodlyoko.pl\/index.php\/wp-json\/wp\/v2\/pages"}],"about":[{"href":"https:\/\/kodlyoko.pl\/index.php\/wp-json\/wp\/v2\/types\/page"}],"author":[{"embeddable":true,"href":"https:\/\/kodlyoko.pl\/index.php\/wp-json\/wp\/v2\/users\/3"}],"replies":[{"embeddable":true,"href":"https:\/\/kodlyoko.pl\/index.php\/wp-json\/wp\/v2\/comments?post=1332"}],"version-history":[{"count":1,"href":"https:\/\/kodlyoko.pl\/index.php\/wp-json\/wp\/v2\/pages\/1332\/revisions"}],"predecessor-version":[{"id":1334,"href":"https:\/\/kodlyoko.pl\/index.php\/wp-json\/wp\/v2\/pages\/1332\/revisions\/1334"}],"up":[{"embeddable":true,"href":"https:\/\/kodlyoko.pl\/index.php\/wp-json\/wp\/v2\/pages\/623"}],"wp:attachment":[{"href":"https:\/\/kodlyoko.pl\/index.php\/wp-json\/wp\/v2\/media?parent=1332"}],"wp:term":[{"taxonomy":"category","embeddable":true,"href":"https:\/\/kodlyoko.pl\/index.php\/wp-json\/wp\/v2\/categories?post=1332"},{"taxonomy":"post_tag","embeddable":true,"href":"https:\/\/kodlyoko.pl\/index.php\/wp-json\/wp\/v2\/tags?post=1332"}],"curies":[{"name":"wp","href":"https:\/\/api.w.org\/{rel}","templated":true}]}}