{"id":1309,"date":"2021-04-24T22:12:00","date_gmt":"2021-04-24T20:12:00","guid":{"rendered":"http:\/\/kodlyoko.pl\/?page_id=1309"},"modified":"2021-08-08T01:16:01","modified_gmt":"2021-08-07T23:16:01","slug":"wywiad-z-immudelkim-styczen-2020","status":"publish","type":"page","link":"https:\/\/kodlyoko.pl\/index.php\/artykuly\/redaktorskie\/wywiady\/wywiad-z-immudelkim-styczen-2020\/","title":{"rendered":"Wywiad z Immudelkim &#8211; stycze\u0144 2020."},"content":{"rendered":"\n<p><strong>Czy daty w dokumentach Aelity zosta\u0142y wymy\u015blone przez Ciebie, czy gdzie\u015b je znalaz\u0142e\u015b?<\/strong><br><br>Wymy\u015bli\u0142em te daty bazuj\u0105c na linii czasowej u\u017cywanej w IFSCL (jest ona jak kanon, ale poprawi\u0142em to tak, by by\u0142o zgodne). Zazwyczaj te wskaz\u00f3wki, kt\u00f3re mamy w serialu, s\u0105 mgliste, wi\u0119c tutaj by\u0142yby one bezu\u017cyteczne.<br><br><strong>Jak wpad\u0142e\u015b na to, by doda\u0107 do IFSCL tryb fabularny?<\/strong><br><br>Zawsze chcia\u0142em opowiedzie\u0107 co\u015b w formie kampanii. W pierwszych wersjach symulatora tryb kampanii to by\u0142y tak naprawd\u0119 opowiedziane raz jeszcze niekt\u00f3re odcinki, stanowi\u0142o to swego rodzaju interaktywny samouczek.bGdy nagrywa\u0142em oficjalny g\u0142os Franza Hoppera (oko\u0142o 2016), wci\u0105\u017c skupia\u0142em si\u0119 na tym pomy\u015ble, mia\u0142em w pami\u0119ci to, \u017ce pami\u0119tniki Hoppera mog\u0105 by\u0107 zawarto\u015bci\u0105 dodatkow\u0105, kt\u00f3r\u0105 odkrywa si\u0119 podczas kolejnych retrospekcji laboratorium w 3D, nazwa\u0142em wi\u0119c to trybem fabularnych.<br>Potem, w 2018, gdy wiedzia\u0142em \u017ce ponownie mog\u0119 nagra\u0107 ten g\u0142os, postanowi\u0142em rozwin\u0105\u0107 ten tryb by by\u0142 bogatszy.<br><br><strong>Czy s\u0142ysza\u0142e\u015b o fanowskich teoriach dotycz\u0105cych fabu\u0142y tego trybu? Je\u015bli tak to, kt\u00f3ra ci si\u0119 najbardziej podoba\u0142a?<\/strong><br><br>Teorie o niebieskim powrocie do przesz\u0142o\u015bci s\u0105 oczywi\u015bcie najbardziej logiczne i jednocze\u015bnie dokuczliwie tajemnicze, fajna te\u017c jest teoria o Simone (posta\u0107 wtr\u0105caj\u0105ca si\u0119 w pami\u0119tnik Franza). My\u015bl\u0119, \u017ce najbardziej interesuj\u0105ca jest ta dotycz\u0105ca LISA, kt\u00f3r\u0105 stworzy\u0142 IcePlayer, opowiada on o zwi\u0105zkach z nieznan\u0105 matk\u0105 Elisabeth Delmas (link do video: https:\/\/youtu.be\/qVH8xl9VJKw?t=391 ). Nie mog\u0119 tego jednak skomentowa\u0107, by nie spoilerowa\u0107. On m\u00f3wi\u0142 tak\u017ce o mo\u017cliwych teoriach dotycz\u0105cych podr\u00f3\u017cy w czasie Jeremiego, klonowania i innych fajnych rzeczy (ale znowu, nie mog\u0119 tego skomentowa\u0107)<br><br><strong>Kt\u00f3ry sezon CL ci si\u0119 podoba\u0142 najbardziej?<\/strong><br><br>Pierwszy sezon mia\u0142 taki specyficzny klimat, kt\u00f3rego nie znajduj\u0119 w innych. Uwielbiam wygl\u0105d Lyoko w tym okresie. Wi\u0119c to ten sezon jest moim ulubionym, cho\u0107 paradoksalnie jest on bardzo powtarzalny i troch\u0119 nudny, jednak lubi\u0119 po prostu te bardziej stonowane kolory (wydaj\u0105 si\u0119 one nieco bardziej rozja\u015bnione w mi\u0119dzynarodowej wersji albo fanowskiej pr\u00f3bie upscalingu)<br><br>Preferuj\u0119 jednak trzy kolejne sezony za to, jak wygl\u0105da tam modeling, animacja i na\u015bwietlenie postaci w 3D, do tego jest tam bardziej zaawansowany scenariusz i poprowadzenie historii.<br><br><strong>Czy uwa\u017casz Ewolucj\u0119 za cz\u0119\u015b\u0107 kanonu?<\/strong><br><br>Osobi\u015bcie, nie. By\u0142em na pokazie prasowym w Pary\u017cu i dok\u0142adnie pami\u0119tam, jak tw\u00f3rcy, odpowiadaj\u0105c na pytanie jednego z fan\u00f3w, powiedzieli \u201eC\u00f3\u017c, to nie jest kontynuacja, nie jest to te\u017c reboot, mo\u017ce najwy\u017cej taki mi\u0119kki\u201d. Oceniaj\u0105c rezultat, dostali\u015bmy co\u015b mniej wartego ni\u017c dobre fanfiction, poniewa\u017c tw\u00f3rcy nie znali nawet materia\u0142y \u017ar\u00f3d\u0142owego (wiem, \u017ce niekt\u00f3re zmiany, jak przesuni\u0119cie chronologii czy usuni\u0119cie Kiwiego mia\u0142o sens, ale wci\u0105\u017c wiele rzeczy to efekt z\u0142ego planowania i napisania). Tak wi\u0119c, nie, to nie jest dla mnie kanon.<br><br><strong>Co motywuje Ci\u0119 do dzia\u0142ania?<\/strong><br><br>To moje marzenie z dzieci\u0144stwa. Sp\u0119dzi\u0142em nad tym zbyt du\u017co czasu, by tego nie sko\u0144czy\u0107. Jednak praca nad tym to nie tylko zabawa.Powiedzia\u0142bym, \u017ce 80% czasu to debugowanie, a to jest straszne. Ogl\u0105danie krytycznych analiz video z mojej gry to kolejne dobre \u017ar\u00f3d\u0142o motywacji<br><br><strong>Sk\u0105d pomys\u0142 na IFSCL?<\/strong><br><br>Jak wielu fan\u00f3w chcia\u0142em u\u017cywa\u0107 superkomputera. Zainspirowa\u0142a mnie praca Keuppy nad jego LyokoInterface, szybko zdecydowa\u0107, \u017ce mog\u0119 u\u017cy\u0107 Adobe Flasha do stworzenia swojej wersji, jednak bardziej dopracowanej.<br><br><strong>Miale\u015b kiedy\u015b tak\u0105 sytuacj\u0119, w kt\u00f3rej ca\u0142y projekt si\u0119 wysypa\u0142 i nie wiedzia\u0142e\u015b co robi\u0107?<\/strong><br><br>My\u015bl\u0119, \u017ce ca\u0142y czas. Mo\u017ce wci\u0105\u017c pope\u0142niam b\u0142\u0119dy, kto wie?<br>Zawsze do\u015b\u0107 szybko racjonalizuj\u0119 sobie problemy i pr\u00f3buj\u0119 minimalizowa\u0107 straty, by je jak najszybciej zniwelowa\u0107.<br>Zawsze te\u017c podejmuj\u0119 decyzje, kt\u00f3re mog\u0105 mie\u0107 spore konsekwencje w dalszych pracach i sko\u0144czy\u0107 si\u0119 tym, \u017ce b\u0119d\u0119 mia\u0142 dodatkowe lata albo miesi\u0105ce pracy.<br><br><strong>Czy pocz\u0105tki by\u0142y trudne?<\/strong><br><br>Nie a\u017c tak trudne jak to co teraz. To nie jest \u0142atwe, ale te\u017c nie jest jako\u015b mega trudne. Moje wymagania co do gry rosn\u0105 w miar\u0119 zwi\u0119kszania si\u0119 moich umiej\u0119tno\u015bci. I w przeciwie\u0144stwie do tego, co sobie my\u015bli sporo m\u0142odszych fan\u00f3w, nie jestem \u017cadnym geniuszem. Ja po prostu jestem bardzo cierpliwy i zaanga\u017cowany.<br><br><strong>Co stanowi\u0142o dla ciebie najwi\u0119ksze wyzwanie podczas tworzenia IFSCL?<\/strong><br><br>Ci\u0119\u017cko powiedzie\u0107, ta praca wci\u0105\u017c nie jest sko\u0144czona, a podczas prac nad gr\u0105 10 ostatnich procent uwa\u017ca si\u0119 za najtrudniejsze\u2026 Jednak\u017ce my\u015bl\u0119, \u017ce trudno jest zarz\u0105dza\u0107 szybo rozwijaj\u0105ca si\u0119 spo\u0142eczno\u015bci\u0105, tak\u0105 jak Discord, gdzie toksyczne zachowania kumuluj\u0105 si\u0119 sporo szybciej, dlatego te\u017c jaka\u015b cz\u0119\u015b\u0107 mnie woli stare dobre fora, gdzie znajd\u0119 wi\u0119cej konstruktywnych post\u00f3w \u2013 lecz mniej ludzi.<br><br><strong>Jakie jest twoje najmilsze wspomnienie z ostatnich 10 lat tworzenia IFSCL?<\/strong><br><br>Nagrywanie aktor\u00f3w we Francji, pisanie cz\u0119\u015bci scenariusza gdy by\u0142em na campingu w Laponii (-10 stopni w s\u0142oneczny dzie\u0144), zawi\u0105zanie przyja\u017ani z lud\u017ami, kt\u00f3rych spotka\u0142em na prapremierze CL:Evolution (na kt\u00f3r\u0105 mnie zaproszono z racji popularno\u015bci mojej gry)<br><br><strong>Jakie masz plany po IFSCL?<\/strong><br><br>Wci\u0105\u017c tworzy\u0107 gry, tak jak obecnie, jednak szczeg\u00f3lnie my\u015bl\u0119 nad stworzeniem ma\u0142ej narracyjnej gry indie na Steamie (poniewa\u017c fajnie jest jak ci czasem za t\u0119 ca\u0142\u0105 robot\u0119 zap\u0142ac\u0105) z moim w\u0142asnym \u015bwiatem. To by wiele dla mnie znaczy\u0142o.<br><br><strong>Jak d\u0142ugo planowa\u0142e\u015b tryb fabularny w IFSCL?<\/strong><br><br>Pierwsze szkice tego trybu powsta\u0142y w 2015, wtedy gdy przechodzi\u0142em z wersji 2.6.2 na 3.0.0 i zaczyna\u0142em rozwa\u017ca\u0107 \u201eodkrywanie \u015bwiata 3D\u201d.<br><br><strong>W jakim wieku zacz\u0105\u0142e\u015b prac\u0119 nad IFSCL i ile do\u015bwiadczenia zdoby\u0142e\u015b w ci\u0105gu dekady prac nad symulatorem?<\/strong><br><br>Zacz\u0105\u0142em maj\u0105c oko\u0142o 17-18 lat, zdoby\u0142em sporo do\u015bwiadczenie w wielu dziedzinach, jednak wci\u0105\u017c wielu rzeczy musz\u0119 si\u0119 nauczy\u0107.<br><br><strong>Jak zmieni\u0142o si\u0119 twoje \u017cycie po rozpocz\u0119ciu prac nad IFSCL?<\/strong><br><br>Niezbyt si\u0119 zmieni\u0142o, jednak od tego czasu przesta\u0142em tworzy\u0107 mas\u0119 projekt\u00f3w, kt\u00f3rych nie ko\u0144czy\u0142em, jak to wcze\u015bniej mia\u0142em w zwyczaju, i skupi\u0142em si\u0119 bardziej na symulatorze.<br><br><strong>Czy my\u015blisz, \u017ce twoja gra o Doktorze Who jest sukcesem?<\/strong><br><br>Dla mnie tak. To by\u0142 do\u015b\u0107 kr\u00f3tki sukces, w momencie premiery by\u0142a to najch\u0119tniej odpalana gra dnia na Newgrounds. My\u015bl\u0119, \u017ce nawet nie za bardzo pr\u00f3bowa\u0142em promowania tej produkcji. Ale by\u0142o dobrze, do tego by\u0142o kilka pozytywnych recenzji na YT, co mi si\u0119 podoba\u0142o. Jestem nieco rozczarowany, poniewa\u017c dowiedzia\u0142em si\u0119, \u017ce spo\u0142eczno\u015b\u0107 fan\u00f3w tego serialu nie jest zainteresowana w tego typu fanowskich produkcjach.<br><br><strong>Jaki\u015b czas temu odwiedzi\u0142e\u015b Lycee Lakanal (fanom CL lepiej znane jako Kadic). Jakie s\u0105 Twoje odczucia po tej wizycie? Czy jest co\u015b, co szczeg\u00f3lnie zapad\u0142o Ci w pami\u0119\u0107? I w jaki spos\u00f3b uda\u0142o Ci si\u0119 uzyska\u0107 dost\u0119p na teren szko\u0142y?<\/strong><br><br>Nie oczekiwa\u0142em, \u017ce zobacz\u0119 wszystko. Spodziewa\u0142em si\u0119, \u017ce b\u0119dziemy oprowadzani po wybranych miejscach, jednak okaza\u0142o si\u0119, \u017ce mogli\u015bmy zwiedza\u0107 ca\u0142y teren. Arkady by\u0142y bardzo spektakularne, uderzy\u0142a mnie ich wielko\u015b\u0107 (my\u015bl\u0119, \u017ce cz\u0119\u015b\u0107 z nich b\u0119dzie mo\u017cna nied\u0142ugo ujrze\u0107 w IFSCL). Fajnie by\u0142o tak\u017ce zobaczy\u0107 budynek dyrekcji szko\u0142y, gdy\u017c nigdy nie mog\u0142em zrozumie\u0107, jak to dzia\u0142a\u0142o w serialu, wi\u0119c fajnie, \u017ce dzi\u0119ki tej wizycie to te\u017c b\u0119d\u0119 m\u00f3g\u0142 odtworzy\u0107 w grze. To samo mog\u0119 powiedzie\u0107, przywo\u0142uj\u0105c jeden z korytarzy przy sali gimnastycznej, kt\u00f3ry mo\u017cemy zobaczy\u0107 w pierwszych minutach \u201eMisia Godzilli\u201d. To pi\u0119kne budynki, cieszy\u0142em si\u0119 ka\u017cd\u0105 chwil\u0105 tam sp\u0119dzon\u0105.<\/p>\n\n\n\n<p><strong>Mam nadziej\u0119, \u017ce za jaki\u015b czas znowu b\u0119dziemy mogli porozmawia\u0107.<\/strong><\/p>\n\n\n\n<p>Ja te\u017c, dzi\u0119ki.<\/p>\n\n\n\n<p class=\"has-text-align-right\"><em>Wywiad przeprowadzony przez Matrixa 14 stycznia 2020, t\u0142umaczenie z angielskiego: Jeremie_96<\/em><\/p>\n","protected":false},"excerpt":{"rendered":"<p>Czy daty w dokumentach Aelity zosta\u0142y wymy\u015blone przez Ciebie, czy gdzie\u015b je znalaz\u0142e\u015b? Wymy\u015bli\u0142em te daty bazuj\u0105c na linii czasowej u\u017cywanej w IFSCL (jest ona jak kanon, ale poprawi\u0142em to tak, by by\u0142o zgodne). Zazwyczaj te wskaz\u00f3wki, kt\u00f3re mamy w serialu, s\u0105 mgliste, wi\u0119c tutaj by\u0142yby one bezu\u017cyteczne. Jak wpad\u0142e\u015b na to, by doda\u0107 do &hellip;<br \/><a href=\"https:\/\/kodlyoko.pl\/index.php\/artykuly\/redaktorskie\/wywiady\/wywiad-z-immudelkim-styczen-2020\/\" class=\"more-link pen_button pen_element_default pen_icon_arrow_double\">Read more<\/a><\/p>\n","protected":false},"author":5,"featured_media":0,"parent":2589,"menu_order":0,"comment_status":"closed","ping_status":"closed","template":"","meta":{"footnotes":""},"categories":[41],"tags":[],"class_list":["post-1309","page","type-page","status-publish","hentry","category-artykuly-kod-lyoko"],"_links":{"self":[{"href":"https:\/\/kodlyoko.pl\/index.php\/wp-json\/wp\/v2\/pages\/1309","targetHints":{"allow":["GET"]}}],"collection":[{"href":"https:\/\/kodlyoko.pl\/index.php\/wp-json\/wp\/v2\/pages"}],"about":[{"href":"https:\/\/kodlyoko.pl\/index.php\/wp-json\/wp\/v2\/types\/page"}],"author":[{"embeddable":true,"href":"https:\/\/kodlyoko.pl\/index.php\/wp-json\/wp\/v2\/users\/5"}],"replies":[{"embeddable":true,"href":"https:\/\/kodlyoko.pl\/index.php\/wp-json\/wp\/v2\/comments?post=1309"}],"version-history":[{"count":1,"href":"https:\/\/kodlyoko.pl\/index.php\/wp-json\/wp\/v2\/pages\/1309\/revisions"}],"predecessor-version":[{"id":1310,"href":"https:\/\/kodlyoko.pl\/index.php\/wp-json\/wp\/v2\/pages\/1309\/revisions\/1310"}],"up":[{"embeddable":true,"href":"https:\/\/kodlyoko.pl\/index.php\/wp-json\/wp\/v2\/pages\/2589"}],"wp:attachment":[{"href":"https:\/\/kodlyoko.pl\/index.php\/wp-json\/wp\/v2\/media?parent=1309"}],"wp:term":[{"taxonomy":"category","embeddable":true,"href":"https:\/\/kodlyoko.pl\/index.php\/wp-json\/wp\/v2\/categories?post=1309"},{"taxonomy":"post_tag","embeddable":true,"href":"https:\/\/kodlyoko.pl\/index.php\/wp-json\/wp\/v2\/tags?post=1309"}],"curies":[{"name":"wp","href":"https:\/\/api.w.org\/{rel}","templated":true}]}}