{"id":1302,"date":"2021-04-24T22:10:50","date_gmt":"2021-04-24T20:10:50","guid":{"rendered":"http:\/\/kodlyoko.pl\/?page_id=1302"},"modified":"2021-08-08T01:21:28","modified_gmt":"2021-08-07T23:21:28","slug":"wywiad-z-absolwentka-liceum-lakanal","status":"publish","type":"page","link":"https:\/\/kodlyoko.pl\/index.php\/artykuly\/redaktorskie\/wywiady\/wywiad-z-absolwentka-liceum-lakanal\/","title":{"rendered":"Wywiad z absolwentk\u0105 Liceum Lakanal &#8211; luty 2019"},"content":{"rendered":"\n<p class=\"has-drop-cap\"><em>Wywiad przeprowadzony dla naszej redakcji na podstawie pyta\u0144 zg\u0142oszonych przez u\u017cytkownik\u00f3w serweru &#8220;Buntownicy Lyoko&#8221;.<\/em><\/p>\n\n\n\n<p><strong>Na pocz\u0105tek prosimy, przedstaw si\u0119 kr\u00f3tko naszym Czytelnikom.<\/strong><br>Mam na imi\u0119 Mathilde. Jestem Francuzk\u0105, studiuj\u0119 literatuj\u0119 (francusk\u0105, \u0142aci\u0144sk\u0105, greck\u0105 i angielsk\u0105), a przez trzy lata chodzi\u0142am do &#8220;Lyc\u00e9e Lakanal&#8221; (Liceum Lakanal). To ca\u0142kiem spora szko\u0142a, do kt\u00f3rej nale\u017cy 2500 uczni\u00f3w w wieku od 10 do 22 lat. Jest znana z &#8220;&#8221;Classes Pr\u00e9paratoires aux Grandes \u00c9coles&#8221; (Klasy przygotowawcze do wy\u017cszych szk\u00f3\u0142, we Francji po liceum wielu uczni\u00f3w nie idzie do uniwerystet\u00f3w, tylko do renomowanych szk\u00f3\u0142, s\u0105 oni gotowy by tam i\u015b\u0107 po przebyciu klas przygotowawczych, i po paru latach jedni id\u0105 w\u0142a\u015bnie do tych wy\u017cszych szk\u00f3\u0142, a inni, tak jak ja, na uniwersytety). Poza tym by\u0142am uczniem mieszkaj\u0105cym w internacie.<br><br><strong>Czy CL by\u0142o jako\u015b upami\u0119tnione przez szko\u0142\u0119? Je\u015bli tak, to w jaki spos\u00f3b?<\/strong><br>My\u015bl\u0119, \u017ce raczej nie, co najwy\u017cej jeden z moich nauczycieli raz co\u015b o serialu wspomina\u0142.<br><br><strong>Czy pokoje uczni\u00f3w w Lakanal przypominaj\u0105 te ukazane w kresk\u00f3wce? A sto\u0142\u00f3wka, sala gimnastyczna, biblioteka, klasy?<\/strong><br>Pokoje w internacie by\u0142y jaki\u015b czas temu remontowane, by\u0142o to ju\u017c po premierze serialu, wi\u0119c my\u015bl\u0119, \u017ce bardziej przypomina\u0142y przed remontem&#8230; ale na przyk\u0142ad korytarze i okna s\u0105 te same. Sala gimnastyczna jest praktycznie taka sama, tak jak boisko, od razu mo\u017cna je rozpozna\u0107. Sale lekcyjne te\u017c s\u0105 podobne, ale ju\u017c sto\u0142\u00f3wka i biblioteka, kt\u00f3re widzimy w serialu, s\u0105 wi\u0119ksze ni\u017c w rzeczywisto\u015bci.<br><br><strong>Czy s\u0142ysza\u0142a\u015b o kim\u015b, kto pr\u00f3bowa\u0142 si\u0119 wkrada\u0107 do Fabryki? A mo\u017ce sama pr\u00f3bowa\u0142a\u015b?<\/strong><br>Niestety, nie odnale\u017ali\u015bmy \u017cadnej opuszczonej fabryki niedaleko szko\u0142y \ud83d\ude09 Ale dla zabawy szukali\u015bmy sekretnej \u015bcie\u017cki w parku (do jego cz\u0119\u015bci nie mo\u017cna wej\u015b\u0107, gdy\u017c s\u0105 tam drzewa, kt\u00f3re mog\u0105 si\u0119 zwali\u0107&#8230; czy to nie jest podejrzane?<br><br><strong>W Kadic jest sporo uczni\u00f3w z zagranicy. Czy tak samo wygl\u0105da to w Lakanal? S\u0105 jacy\u015b uczniowie z Polski?<\/strong><br>Owszem, jest grupa zagranicznych uczni\u00f3w, ale nie tak sporo zapewne jak w Kadic, wi\u0119c nie za bardzo wiem, jak odpowiedzie\u0107.<br><br><strong>Czy zauwa\u017cy\u0142a\u015b w kresk\u00f3wce jakie\u015b easter eggi skierowane bezpo\u015brednio do uczni\u00f3w Lakanal?<\/strong><br>Nie ogl\u0105da\u0142am serialu a\u017c tak uwa\u017cnie od czasu, kiedy tam chodzi\u0142am, ale przyznam, \u017ce mnie to zaciekawi\u0142o, postaram si\u0119 co\u015b takiego odszuka\u0107.<br><br><strong>Czy nauczyciele w szkole s\u0105 podobni, cho\u0107by z charakter\u00f3w, do tych pokazanych w serialu?<\/strong><br>Znam tylko kilku nauczycieli, dlatego nie mog\u0119 odpowiedzie\u0107 na to pytanie.<br><br><strong>Czy s\u0105 tacy uczniowie, kt\u00f3rzy chodz\u0105 (lub chodzili) do Lakanal, ale nie mieszkaj\u0105 (lub nie mieszkali) w internacie, tak jak to mia\u0142o miejsce z Yumi?<\/strong><br>Wielu uczni\u00f3w ma tak\u0105 sytuacj\u0119 jak Yumi. Tak naprawd\u0119 niezbyt wielu mieszka w internacie (ja jestem w tym gronie). Internaty s\u0105 sporawe, ale po prostu mamy zbyt wielu&nbsp;uczni\u00f3w.<br><br><strong>Czy uczniowie Lakanal mog\u0105 nosi\u0107 to co chc\u0105, czy te\u017c obowi\u0105zuj\u0105 tam mundurki?<\/strong><br>Nie ma tam mundurk\u00f3w, za to mamy dzie\u0144 gdy mo\u017cemy przyj\u015b\u0107 przebrani.<br><br><strong>Czy uczniowie zostaj\u0105 w internacie podczas \u015bwi\u0105t, ferii i wakacji?<\/strong><br>Nie, internat jest wtedy zamkni\u0119ty, s\u0105 tam tylko pracownicy. Od kilku lat uczniowie mog\u0105 zostawa\u0107 na weekendy, ale wcze\u015bniej to by\u0142o zabronione.<br><br><strong>W Kadic pokoje dla dziewczyn i ch\u0142opc\u00f3w s\u0105 na osobnych pi\u0119trach. Czy tak samo jest w Lakanal? Co o tym my\u015bl\u0105 uczniowie?<\/strong><br>Dziewczyny i ch\u0142opcy s\u0105 na tych samych pi\u0119trach, nikomu to nie przeszkadza.<br><br><strong>Czy zdarza\u0142o Ci si\u0119 widzie\u0107 fan\u00f3w CL spoza szko\u0142y, kt\u00f3rzy czaili si\u0119 przy terenie Lakanal? Czy powodowa\u0142o to jakie\u015b problemy?<\/strong><br>Nigdy nie widzia\u0142am \u017cadnego fana pod szko\u0142\u0105. My\u015bl\u0119, \u017ce niezbyt wielu z nich czuje potrzeb\u0119, by co\u015b w Lakanal sprawdza\u0107.<br><br><strong>Co mo\u017cesz powiedzie\u0107 o kana\u0142ach? Czy istniej\u0105 one w takiej samej, b\u0105d\u017a podobnej formie, w jakiej pokazano je w CL? Czy przej\u015bcie ze szko\u0142y do fabryki istnieje?<\/strong><br>My\u015bl\u0119, \u017ce to jest wytw\u00f3r wyobra\u017ani tw\u00f3rc\u00f3w serialu.<br><br><strong>W czasie gdy uczy\u0142a\u015b si\u0119 w Lakanal, by\u0142o tam sporo takich niewiarygodnie inteligentnych uczni\u00f3w jak Jeremie?<\/strong><br>Na pewno jest tam sporo inteligentych uczni\u00f3w! W ko\u0144cu to renomowana plac\u00f3wka.<br><br><strong>Czy ka\u017cdy ucze\u0144 dostaje w\u0142asny pok\u00f3j w internacie, czy te\u017c musz\u0105 oni si\u0119 dzieli\u0107 nimi z innymi? Kt\u00f3ra opcja jest cz\u0119stsza?<\/strong><br>Wyst\u0119puj\u0105 oba warianty: starsi uczniowie dostaj\u0105 pojedyncze pokoje, m\u0142odsi dziel\u0105 je z 2 wsp\u00f3llokatorami.<br><br><strong>Czy spotka\u0142a\u015b jakiego\u015b ucznia, kt\u00f3ry zdecydowa\u0142 si\u0119 p\u00f3j\u015b\u0107 do Lakanal z powodu serialu?<\/strong><br>S\u0142ysza\u0142am, \u017ce sporo os\u00f3b wymienia\u0142o to jako dodatkowy pow\u00f3d by wybra\u0107 w\u0142a\u015bnie Lakanal. Jestem w tej w\u0142a\u015bnie grupie! Mia\u0142am do wyboru 2 szko\u0142y i my\u015bl\u0119, \u017ce w\u0142a\u015bnie ten pow\u00f3d zawa\u017cy\u0142 na mojej decyzji.<br><br><strong>Czy uciekanie z lekcji by\u0142o tak \u0142atwe, jak to pokazywano w CL? \ud83d\ude42<\/strong><br>Nie mieli\u015bmy przy sobie Jima, \u017ceby mia\u0142 na nas oko, wi\u0119c mog\u0119 powiedzie\u0107 \u017ce to by\u0142o ca\u0142kiem \u0142atwe! Cho\u0107 mo\u017ce dla m\u0142odszych uczni\u00f3w by\u0142o to nieco trudniejsze?<br><br><strong>Czy w Lakanal \u0142atwo mo\u017cna by\u0142o \u015bci\u0105ga\u0107? Jaka jest opinia uczni\u00f3w na ten temat i jak mocne konsekwencje gro\u017c\u0105 w razie przy\u0142apania na gor\u0105cym uczynku?<\/strong><br>Dla starszych uczni\u00f3w by\u0142o to do\u015b\u0107 proste, poniewa\u017c nasi nauczyciele ufali nam i m\u00f3wili, \u017ce pracujemy dla siebie, a nie dla ocen. Jednak kilku z nas \u015bci\u0105ga\u0142o, a ci kt\u00f3rzy to robili, byli zar\u00f3wno ignorowani, jak i pogardzani.<br><br><strong>Czy znasz jakie\u015b miejsce w Pary\u017cu, kt\u00f3re mog\u0142oby by\u0107 inspiracj\u0105 dla serialowej Pustelni?<\/strong><br>Nie kojarz\u0119 jednego szczeg\u00f3lnego budynku, kt\u00f3ry m\u00f3g\u0142by tak\u0105 inspiracj\u0119 stanowi\u0107, ale taki styl architektoniczny jest cz\u0119sto spotykany we Francji.<br><br><strong>Czy sporo os\u00f3b wie \u017ce Lakanal by\u0142o \u017ar\u00f3d\u0142em inspiracji dla powstania Kadic?<\/strong><br>My\u015bl\u0119, \u017ce wiedz\u0105 o tym tylko najbardziej zagorzali fani i niekt\u00f3rzy uczniowie Lakanal.<br><br><strong>Czy fakt, o kt\u00f3rym mowa w poprzednim pytaniu, mia\u0142 jaki\u015b wp\u0142yw na spo\u0142eczno\u015b\u0107 szkoln\u0105? Dla przyk\u0142adu: czy organizowano jakie\u015b imprezy zwi\u0105zane z serialem? Albo czy kto\u015b z uczni\u00f3w albo nauczycieli nosi\u0142 ksywk\u0119 po kt\u00f3rej\u015b z postaci?<\/strong><br>Niezupe\u0142nie, ale pami\u0119tam, \u017ce pewnego razu, gdy by\u0142 ten jeden dzie\u0144 w roku, w kt\u00f3rym si\u0119 przebieramy, pojawi\u0142a si\u0119 grupa uczni\u00f3w przebrana za bohater\u00f3w serialu.<br><br><strong>Czy w serialu odwzorowano dok\u0142adnie po\u0142o\u017cenie takich miejsc jak gabinet dyrektora czy sto\u0142\u00f3wka?<\/strong><br>My\u015bl\u0119, \u017ce troch\u0119 jest tu poprzestawiane wzgl\u0119dem tego, jak to wygl\u0105da w rzeczywisto\u015bci.<br><br><strong>W serialu Jim jest jedynym opiekunem internatu. Jak to wygl\u0105da w Lakanal? Czy w og\u00f3le jest kto\u015b taki jak opiekun internatu?<\/strong><br>Jest kilku nadzorc\u00f3w oraz jeden &#8220;dyrektor internatu&#8221; (o wiele bardziej sympatyczni ni\u017c Jim!). Anga\u017cowani s\u0105 tak\u017ce starsi uczniowie (zazwyczaj trzech) do pilnowania internatu w weekendy, gdy jest mniej ludzi (w\u015br\u00f3d nich byli moi przyjaciele, wi\u0119c byli oni mili wtedy, gdy przychodzili\u015bmy p\u00f3\u017ano lub urz\u0105dzali\u015bmy ma\u0142e imprezki)<br><br><strong>Czy CL:Evolution by\u0142o kr\u0119cone w Lakanal? Je\u015bli tak, to jaki to mia\u0142o wp\u0142yw na uczni\u00f3w?<\/strong><br>CL:Evolution nie kr\u0119cono w Lakanal. My\u015bl\u0119, \u017ce by\u0142by tutaj problem z uzyskaniem zgody na kr\u0119cenie.<br><br><strong>Co s\u0105dzisz o CL:Evolution? I jaka jest generalnie opinia uczni\u00f3w Lakanal na ten temat?<\/strong><br>Pami\u0119tam, \u017ce gdy og\u0142oszono powstawanie tej serii oraz wielki casting w ca\u0142ym kraju, maj\u0105cy na celu wy\u0142onienie aktor\u00f3w do poszczeg\u00f3lnych r\u00f3l, by\u0142o to wielkie wydarzenie, fani byli bardzo podekscytowani. Dosz\u0142o jednak potem to jeszcze wi\u0119kszego rozczarowania gdy ta seria by\u0142a emitowana, nie spodoba\u0142 si\u0119 generalnie we Francji z powodu z\u0142ej gry aktor\u00f3w (kt\u00f3rzy nie byli profesjonalistami).<br><br><strong>W czasie gdy chodzi\u0142a\u015b do Lakanal, czy zauwa\u017cy\u0142a\u015b \u017ce kto\u015b z uczni\u00f3w pr\u00f3bowa\u0142 udawa\u0107 bohater\u00f3w serialu (zachowywa\u0107 si\u0119 tak jak oni, ubiera\u0107 podobne ciuchy itd.)?<\/strong><br>Opr\u00f3cz dnia, w kt\u00f3rym si\u0119 przebierali\u015bmy (<em>zwanym &#8220;Mardi gras&#8221;, t\u0142usty wtorek, ostatni dzie\u0144 karnawa\u0142u, w Polsce znany jako &#8220;ostatki&#8221; &#8211; przypis od redakcji<\/em>) i sytuacji, o kt\u00f3rej wspomina\u0142am wcze\u015bniej, nie zauwa\u017cy\u0142am takich sytuacji. Ale kto wie, to jednak wielka szko\u0142a!<br><br><strong>Czy obserwujesz francuski fandom? Jak oceniasz jego kondycj\u0119?<\/strong><br>Serial jest bardzo doceniany we Francji, poniewa\u017c sporo dzieciak\u00f3w z mojego pokolenia dorasta\u0142o wraz z nim. Dlatego te\u017c fandom jest do\u015b\u0107 spory, ale my\u015bl\u0119 \u017ce sk\u0142ada si\u0119 on obecnie z p\u00f3\u017anych nastolatk\u00f3w i m\u0142odych doros\u0142ych?<br><br><strong>Czy zauwa\u017cy\u0142a\u015b jakie\u015b wady z powodu tego, \u017ce inspirowano si\u0119 Lakanal w serialu?<\/strong><br>Nie zauwa\u017cy\u0142am \u017cadnych \ud83d\ude09<br><br><strong>Og\u00f3lnie m\u00f3wi\u0105c, co s\u0105dzisz o swoim do\u015bwiadczeniu w Lakanal? Czy wybra\u0142aby\u015b t\u0119 szko\u0142\u0119 jeszcze raz?<\/strong><br>Definitywnie tak, poniewa\u017c to by\u0142o pi\u0119kne miejsce (szczeg\u00f3lnie park), niedaleko Pary\u017ca, ale nie bezpo\u015brednio w wielkim miejscie, do tego wielu nauczycieli by\u0142o dobrych.<\/p>\n\n\n\n<p><strong>Odwiedzisz nas kiedy\u015b w Polsce? \ud83d\ude42<\/strong><br>Jasne! \ud83d\ude42 Nie wiedzia\u0142am, \u017ce w Polsce s\u0105 fani CL, dzi\u0119ki temu jestem bardziej ciekawa Waszego kraju.<br><br><strong>Mo\u017ce chcia\u0142aby\u015b si\u0119 z nami czym jeszcze podzieli\u0107 na koniec? Jak\u0105\u015b anegdot\u0105, przemy\u015bleniem?<\/strong><br>Drobna rada, jak rozpozna\u0107 fan\u00f3w CL: pu\u015bci\u0107 opening serialu, po kilku minutach us\u0142yszysz ich jak \u015bpiewaj\u0105 go z ca\u0142ego serca \ud83d\ude09<\/p>\n\n\n\n<p><em>Wywiad przeprowadzi\u0142 Mayakovsky, t\u0142umaczenie z wersji angielskiej: Jeremie_96<\/em><\/p>\n","protected":false},"excerpt":{"rendered":"<p>Wywiad przeprowadzony dla naszej redakcji na podstawie pyta\u0144 zg\u0142oszonych przez u\u017cytkownik\u00f3w serweru &#8220;Buntownicy Lyoko&#8221;. Na pocz\u0105tek prosimy, przedstaw si\u0119 kr\u00f3tko naszym Czytelnikom.Mam na imi\u0119 Mathilde. Jestem Francuzk\u0105, studiuj\u0119 literatuj\u0119 (francusk\u0105, \u0142aci\u0144sk\u0105, greck\u0105 i angielsk\u0105), a przez trzy lata chodzi\u0142am do &#8220;Lyc\u00e9e Lakanal&#8221; (Liceum Lakanal). To ca\u0142kiem spora szko\u0142a, do kt\u00f3rej nale\u017cy 2500 uczni\u00f3w w wieku &hellip;<br \/><a href=\"https:\/\/kodlyoko.pl\/index.php\/artykuly\/redaktorskie\/wywiady\/wywiad-z-absolwentka-liceum-lakanal\/\" class=\"more-link pen_button pen_element_default pen_icon_arrow_double\">Read more<\/a><\/p>\n","protected":false},"author":7,"featured_media":0,"parent":2589,"menu_order":0,"comment_status":"closed","ping_status":"closed","template":"","meta":{"footnotes":""},"categories":[],"tags":[],"class_list":["post-1302","page","type-page","status-publish","hentry"],"_links":{"self":[{"href":"https:\/\/kodlyoko.pl\/index.php\/wp-json\/wp\/v2\/pages\/1302","targetHints":{"allow":["GET"]}}],"collection":[{"href":"https:\/\/kodlyoko.pl\/index.php\/wp-json\/wp\/v2\/pages"}],"about":[{"href":"https:\/\/kodlyoko.pl\/index.php\/wp-json\/wp\/v2\/types\/page"}],"author":[{"embeddable":true,"href":"https:\/\/kodlyoko.pl\/index.php\/wp-json\/wp\/v2\/users\/7"}],"replies":[{"embeddable":true,"href":"https:\/\/kodlyoko.pl\/index.php\/wp-json\/wp\/v2\/comments?post=1302"}],"version-history":[{"count":2,"href":"https:\/\/kodlyoko.pl\/index.php\/wp-json\/wp\/v2\/pages\/1302\/revisions"}],"predecessor-version":[{"id":2594,"href":"https:\/\/kodlyoko.pl\/index.php\/wp-json\/wp\/v2\/pages\/1302\/revisions\/2594"}],"up":[{"embeddable":true,"href":"https:\/\/kodlyoko.pl\/index.php\/wp-json\/wp\/v2\/pages\/2589"}],"wp:attachment":[{"href":"https:\/\/kodlyoko.pl\/index.php\/wp-json\/wp\/v2\/media?parent=1302"}],"wp:term":[{"taxonomy":"category","embeddable":true,"href":"https:\/\/kodlyoko.pl\/index.php\/wp-json\/wp\/v2\/categories?post=1302"},{"taxonomy":"post_tag","embeddable":true,"href":"https:\/\/kodlyoko.pl\/index.php\/wp-json\/wp\/v2\/tags?post=1302"}],"curies":[{"name":"wp","href":"https:\/\/api.w.org\/{rel}","templated":true}]}}