{"id":129,"date":"2019-08-27T09:44:00","date_gmt":"2019-08-27T07:44:00","guid":{"rendered":"http:\/\/kodlyoko.pl\/?page_id=129"},"modified":"2021-06-13T19:16:14","modified_gmt":"2021-06-13T17:16:14","slug":"cwiercfinal-1-2-aiyana-storm-vs-klara-andrycz","status":"publish","type":"page","link":"https:\/\/kodlyoko.pl\/index.php\/artykuly\/tworczosc-niekonwencjonalna\/arena\/edycja-1\/walki\/edycja-1-cwiercfinaly\/cwiercfinal-1-2-aiyana-storm-vs-klara-andrycz\/","title":{"rendered":"[RUNDA 1-2] Aiyana Storm kontra Klara Andrycz"},"content":{"rendered":"\n<p class=\"has-drop-cap\">Po\u015br\u00f3d g\u00f3r o niezwyk\u0142ej, fioletowej barwie panowa\u0142 kompletny bezruch. Wszechobecn\u0105 cisz\u0119 nie zm\u0105ca\u0142 \u017caden, nawet naj\u0142agodniejszy d\u017awi\u0119k. Postronny obserwator m\u00f3g\u0142by pomy\u015ble\u0107, \u017ce tak by\u0142o zawsze i na zawsze tak ju\u017c pozostanie; \u017ce na platformie o kszta\u0142cie zbli\u017conym do owalu, upstrzonej tu i \u00f3wdzie matowymi g\u0142azami, nic nigdy si\u0119 nie wydarzy\u0142o; \u017ce jedyn\u0105 zmian\u0105 w otoczeniu, jak\u0105 przez ca\u0142\u0105 wieczno\u015b\u0107 ujrzy przytulona do niej wysoka turnia, w kt\u00f3rej pochy\u0142ej \u015bcianie mo\u017cna by\u0142o dostrzec niewielkich rozmiar\u00f3w jaskini\u0119, b\u0119dzie powolne falowanie Cyfrowego Morza dziesi\u0105tki metr\u00f3w poni\u017cej.<\/p>\n\n\n\n<p>O tak, absolutnie nic nie zapowiada\u0142o, \u017ce spok\u00f3j tej wirtualnej krainy kiedykolwiek zostanie zak\u0142\u00f3cony. Wtedy jednak nad p\u0142askowy\u017cem zacz\u0119\u0142y pojawia\u0107 si\u0119 sylwetki dw\u00f3ch postaci. Pierwszy kszta\u0142t nale\u017ca\u0142 do Klary Andrycz, \u015blicznej m\u0142odziutkiej elfki o niebieskich jak niebo oczach. Spo\u015br\u00f3d grzywy w\u0142os\u00f3w o charakterystycznych ko\u0144c\u00f3wkach koloru mi\u0119ty wystawa\u0142y d\u0142ugie, spiczaste usty, przyozdobione l\u015bni\u0105cymi zielonymi kolczykami. Ju\u017c na pierwszy rzut oka mo\u017cna by\u0142o zauwa\u017cy\u0107, \u017ce dziewczyna jest przygotowana do walki; w d\u0142oni trzyma\u0142a bowiem elegancki z\u0142oty \u0142uk, a ubrana by\u0142a w b\u0142yszcz\u0105cy stalowy kirys. Przez plecy mia\u0142a przewieszony bogato zdobiony ko\u0142czan po brzegi wype\u0142niony strza\u0142ami. Drug\u0105 osob\u0105 by\u0142a Aiyana Storm &#8211; wyra\u017anie starsza od elfki bosonoga Indianka w kr\u00f3tkiej be\u017cowej sukience z ca\u0142ym mn\u00f3stwem falbanek. Jej d\u0142ugie, proste, kruczoczarne w\u0142osy podtrzymywa\u0142a opaska z pojedynczym sokolim pi\u00f3rem. Pod orzechowymi oczami, na br\u0105zowej niczym mleczna czekolada sk\u00f3rze wymalowane mia\u0142a barwy wojenne &#8211; po dwie proste czerwone linie na ka\u017cdym z policzk\u00f3w. Uzbrojona by\u0142a bardzo podobnie do swej towarzyszki, lecz jej wyposa\u017cenie by\u0142o znacznie surowsze; prosty \u0142uk o zaostrzonych ko\u0144cach upi\u0119ksza\u0142y jedynie be\u017cowe i czerwone nici, a strza\u0142y wystaj\u0105ce ze sk\u00f3rzanego ko\u0142czanu &#8211; kr\u00f3tkie jastrz\u0119bie lotki.<\/p>\n\n\n\n<p>Gdy tylko obie wojowniczki w pe\u0142ni si\u0119 zmaterializowa\u0142y, rozp\u0119ta\u0142o si\u0119 piek\u0142o. Nim stopy Klary dotkn\u0119\u0142y ziemi, w jej stron\u0119 szar\u017cowa\u0142 ju\u017c czarny nied\u017awied\u017a przywo\u0142any przez Aiyan\u0119 zaraz po wirtualizacji, a jego \u015bladem szybko pod\u0105\u017cy\u0142a wystrzelona przez Indiank\u0119 strza\u0142a. Elfka nie da\u0142a si\u0119 jednak zaskoczy\u0107; jednym p\u0142ynnym ruchem unikn\u0119\u0142a zmierzaj\u0105cej w jej stron\u0119 pocisku, jednocze\u015bnie napinaj\u0105c sw\u00f3j w\u0142asny \u0142uk i posy\u0142aj\u0105c be\u0142t w kierunku przeciwniczki. Strza\u0142a niebieskookiej wbi\u0142a si\u0119 w grunt tu\u017c przed p\u0119dz\u0105cym zwierz\u0119ciem i wybuch\u0142a jaskrawym \u015bwiat\u0142em, o\u015blepiaj\u0105c zar\u00f3wno chowa\u0144ca, jak i jego w\u0142a\u015bcicielk\u0119. Ma\u0142o brakowa\u0142o, by walka sko\u0144czy\u0142a si\u0119 r\u00f3wnie szybko, jak si\u0119 zacz\u0119\u0142a, gdy\u017c ju\u017c po sekundzie Klara by\u0142a gotowa do kolejnego strza\u0142u, lecz na szcz\u0119\u015bcie dla Aiyany dziewczyna musia\u0142a uskoczy\u0107 przed wci\u0105\u017c biegn\u0105cym \u015blepo przed siebie nied\u017awiedziem.<\/p>\n\n\n\n<p>Cho\u0107 czarnow\u0142osa nie zd\u0105\u017cy\u0142a jeszcze w pe\u0142ni odzyska\u0107 wzroku, ta kr\u00f3tka chwila pozwoli\u0142a jej na otrz\u0105\u015bni\u0119cie si\u0119 z szoku; Storm skorzysta\u0142a ze swojej drugiej umiej\u0119tno\u015bci, przemieni\u0142a si\u0119 w soko\u0142a i wzlecia\u0142a w przestworza, gdzie nie grozi\u0142o jej przypadkowe zderzenie z \u017cadn\u0105 ska\u0142\u0105. Sytuacja jednak wci\u0105\u017c nie wygl\u0105da\u0142a dla niej zbyt r\u00f3\u017cowo; Indianka by\u0142a teraz ca\u0142kowicie bezbronna, a m\u0142oda Andrycz\u00f3wna zd\u0105\u017cy\u0142a rozprawi\u0107 si\u0119 z nied\u017awiedziem trzema b\u0142yskawicznie wystrzelonymi pociskami i zacz\u0119\u0142a ju\u017c ostrzeliwa\u0107 kr\u0105\u017c\u0105c\u0105 po niebie rywalk\u0119. P\u00f3ki co \u017cadna ze strza\u0142 nie si\u0119gn\u0119\u0142a celu, ale obie strony doskonale zdawa\u0142y sobie spraw\u0119, \u017ce pr\u0119dzej czy p\u00f3\u017aniej jedna z nich przebije sokolic\u0119, je\u017celi br\u0105zowooka chcia\u0142a mie\u0107 szans\u0119 w tym starciu, musia\u0142a jak najszybciej wyl\u0105dowa\u0107. Rozejrza\u0142a si\u0119 pobie\u017cnie po p\u0142askowy\u017cu, na kt\u00f3rym toczy\u0142a si\u0119 walka, i zdecydowa\u0142a si\u0119 skry\u0107 za sporych rozmiar\u00f3w g\u0142azem nieopodal kraw\u0119dzi platformy. Rzecz jasna, elfka nie siedzia\u0142a w tym czasie bezczynnie; gdy tylko zorientowa\u0142a si\u0119, dok\u0105d zmierza jej przeciwniczka, trajektoria jej lotu sta\u0142a si\u0119 znacznie \u0142atwiejsza do przewidzenia i wystrzeliwane przez Klar\u0119 strza\u0142y zacz\u0119\u0142y przelatywa\u0107 coraz bli\u017cej Storm\u00f3wny. W tej sytuacji Aiyana nie mog\u0142a sobie pozwoli\u0107 nawet na minimalne wytracenie pr\u0119dko\u015bci, dlatego zmuszana by\u0142a wykona\u0107 twarde l\u0105dowanie &#8211; uderzenie o ziemie kosztowa\u0142o j\u0105 ca\u0142e dwadzie\u015bcia punkt\u00f3w \u017cycia.<\/p>\n\n\n\n<p>&#8211; Musz\u0119 przyzna\u0107, \u017ce jestem pod wra\u017ceniem, s\u0142odziutka &#8211; zawo\u0142a\u0142a do swojej oponentki, powoli podnosz\u0105c si\u0119 przy tym z ziemi. &#8211; Strzelasz ca\u0142kiem nie\u017ale jak na dziesi\u0119ciolatk\u0119.<\/p>\n\n\n\n<p>&#8211; Mam trzyna\u015bcie lat, nie dziesi\u0119\u0107! &#8211; odkrzykn\u0119\u0142a zirytowana Klara.<\/p>\n\n\n\n<p>S\u0142ysz\u0105c te s\u0142owa, Indianka u\u015bmiechn\u0119\u0142a si\u0119. Teraz ju\u017c wiem, w kt\u00f3r\u0105 stron\u0119 idziesz, d\u0142ugoucha. &#8211; Wybacz, kochanie, m\u00f3j b\u0142\u0105d. Masz tak\u0105 dziecinn\u0105 twarzyczk\u0119, \u017ce \u0142atwo si\u0119 pomyli\u0107 &#8211; rzuci\u0142a przes\u0142odzonym g\u0142osem Storm, pr\u00f3buj\u0105c jeszcze bardziej wyprowadzi\u0107 elfk\u0119 z r\u00f3wnowagi. W jej g\u0142owie pojawi\u0142 si\u0119 pewien plan, dzi\u0119ki kt\u00f3remu mia\u0142a nadziej\u0119 zako\u0144czy\u0107 t\u0105 walk\u0119.<\/p>\n\n\n\n<p>&#8211; Niestety dzisiaj nie mog\u0119 da\u0107 ci \u017cadnych for\u00f3w, skarbie; zwyci\u0119stwo jest mi potrzebne.<\/p>\n\n\n\n<p>&#8211; Przesta\u0144 m\u00f3wi\u0107 do mnie jak do dziecka! &#8211; warkn\u0119\u0142a mocno sfrustrowana ju\u017c Andrycz. &#8211; Mo\u017ce i jeste\u015b starsza o cztery lata, ale to ty kryjesz si\u0119 teraz za&#8230;<\/p>\n\n\n\n<p>Aiyana wypad\u0142a zza ska\u0142y z napi\u0119tym \u0142ukiem i pos\u0142a\u0142a strza\u0142\u0119 prosto w g\u0142ow\u0119 niebieskookiej. Klara nie by\u0142a w pe\u0142ni gotowa na atak i jej unik okaza\u0142 si\u0119 niewystarczaj\u0105co szybki; grot rozharata\u0142 jej policzek, przez co straci\u0142a dziesi\u0119\u0107 punkt\u00f3w \u017cycia. Cho\u0107 w Lyoko nie odczuwa\u0142o si\u0119 b\u00f3lu, trafienie i tak natychmiast j\u0105 otrze\u017awi\u0142o &#8211; na kolejny pocisk wystrzelony przez Amerykank\u0119 by\u0142a ju\u017c znacznie lepiej przygotowana i uda\u0142o jej si\u0119 przed nim uskoczy\u0107. B\u0119d\u0105c wci\u0105\u017c w powietrzu, unios\u0142a swoj\u0105 w\u0142asn\u0105 bro\u0144 i odpowiedzia\u0142a ogniem. Storm wykona\u0142a szybki piruet w prawo, ledwie omijaj\u0105c lec\u0105cy w jej stron\u0119 be\u0142t. Widz\u0105c ten manewr, przez u\u0142amek sekundy elfka rozwa\u017ca\u0142a skorzystanie z kolejnej o\u015blepiaj\u0105cej strza\u0142y; zauwa\u017cy\u0142a jednak, \u017ce Indianka trzyma si\u0119 blisko kra\u0144ca platformy i nawet je\u015bli znajdzie si\u0119 w polu ra\u017cenia, to b\u0119dzie mog\u0142a z niej zeskoczy\u0107, przemieni\u0107 w soko\u0142a i bezpiecznie odzyska\u0107 wzrok pod p\u0142askowy\u017cem. Raz jeszcze zatem skorzysta\u0142a ze zwyk\u0142ego pocisku, wystrzeliwuj\u0105c w tym samym momencie, co Aiyana. Oba strza\u0142y by\u0142y tak bliskie idea\u0142u, \u017ce groty musn\u0119\u0142y si\u0119 w powietrzu, minimalnie zmieniaj\u0105c swoje tory lotu. Zaskoczy\u0142o to obie zawodniczki, ale to czarnow\u0142osa mia\u0142a mniej szcz\u0119\u015bcia; jej strza\u0142a jedynie drasn\u0119\u0142a Klar\u0119 w przedrami\u0119, zabieraj\u0105c jej dziesi\u0119\u0107 punkt\u00f3w, podczas gdy sama oberwa\u0142a w bark i straci\u0142a a\u017c dwadzie\u015bcia pi\u0119\u0107, a w dodatku wypu\u015bci\u0142a z r\u0105k sw\u00f3j \u0142uk. Na ten widok elfka krzykn\u0119\u0142a triumfalnie; je\u017celi tylko nie da Storm szansy na podniesienie swojej broni, to zwyci\u0119stwo b\u0119dzie nale\u017ce\u0107 do niej. D\u0142ugoucha spodziewa\u0142a si\u0119, \u017ce jej rywalka natychmiast po ni\u0105 si\u0119gnie, dlatego jej kolejny pocisk pomkn\u0105\u0142 w\u0142a\u015bnie w kierunku le\u017c\u0105cego na ziemi \u0142uku. Ale Aiyana nawet nie ruszy\u0142a si\u0119 z miejsca. Zamiast tego pu\u015bci\u0142a Klarze oczko i kr\u00f3tko zagwizda\u0142a. Andrycz\u00f3wn\u0119 kompletnie zbi\u0142o to z tropu. Na\u0142o\u017cy\u0142a kolejny be\u0142t i napi\u0119\u0142a sw\u00f3j \u0142uk, ale zawaha\u0142a si\u0119 przed oddaniem strza\u0142u. Co\u015b tu by\u0142o bardzo nie tak. Indianka powinna pr\u00f3bowa\u0107 co\u015b zrobi\u0107 &#8211; czy to skoczy\u0107 po swoj\u0105 bro\u0144, czy to rzuci\u0107 si\u0119 do ucieczko, cokolwiek. Ale Storm ani nie ruszy\u0142a si\u0119 z miejsca, ani nie skorzysta\u0142a ze swojej mocy.<\/p>\n\n\n\n<p>Klara b\u0142yskawicznie odwr\u00f3ci\u0142a si\u0119 w stron\u0119 g\u0142azu, za kt\u00f3rym wcze\u015bniej kry\u0142a si\u0119 Amerykanka i ujrza\u0142a p\u0119dz\u0105cego w jej stron\u0119 kuguara; Storm musia\u0142a przywo\u0142a\u0107 go w czasie ich kr\u00f3tkiej rozmowy. Elfka od razu wystrzeli\u0142a w jego kierunku, ale cwana bestia bez trudu unikn\u0119\u0142a pocisku, a nast\u0119pnie skoczy\u0142a na dziewczyn\u0119. Klara spr\u00f3bowa\u0142a odsun\u0105\u0107 si\u0119 na bok, dzi\u0119ki czemu nie zosta\u0142a przygnieciona przez chowa\u0144ca, lecz pazury kuguara dosi\u0119g\u0142y celu, rozszarpuj\u0105c jej rami\u0119 (straci\u0142a kolejne pi\u0119tna\u015bcie punkt\u00f3w \u017cycia) i wytr\u0105caj\u0105c j\u0105 z r\u00f3wnowagi. Niebieskooka upad\u0142a na ziemi\u0119. Wiedzia\u0142a, \u017ce nie zd\u0105\u017cy wystrzeli\u0107 po raz kolejny przed kolejnym atakiem; zamiast tego wyci\u0105gn\u0119\u0142a wi\u0119c o\u015blepiaj\u0105c\u0105 strza\u0142\u0119, odwr\u00f3ci\u0142a wzrok i z ca\u0142ej si\u0142y wbi\u0142a j\u0105 w ziemi\u0119. Gdy jaskrawe \u015bwiat\u0142o drugi raz w tym meczu rozb\u0142ys\u0142o na p\u0142askowy\u017cu, przetoczy\u0142a si\u0119 na bok i ponownie si\u0119gn\u0119\u0142a do ko\u0142czanu. Zdezorientowane zwierz\u0119 cicho skomla\u0142o w miejscu, gdzie znajdowa\u0142a si\u0119 ledwie chwil\u0119 wcze\u015bniej, dlatego tym razem to ona rzuci\u0142a si\u0119 na drapie\u017cnika i d\u017agn\u0119\u0142a be\u0142tem w jedno z jego \u015bwiec\u0105cych \u015blepi, skutecznie wyeliminowuj\u0105c kuguara z gry. Wtedy jednak jej udo przebi\u0142a strza\u0142a wystrzelona przez Aiyan\u0119, kt\u00f3ra w mi\u0119dzyczasie zd\u0105\u017cy\u0142a podnie\u015b\u0107 z ziemi swoj\u0105 bro\u0144. Klara straci\u0142a kolejne trzydzie\u015bci punkt\u00f3w i nie pozosta\u0142o jej ju\u017c nic innego, jak tylko ponownie skorzysta\u0107 ze swojego o\u015blepiaj\u0105cego pocisku, by zmusi\u0107 w ten spos\u00f3b Indiank\u0119 do zrobienia dw\u00f3ch krok\u00f3w w ty\u0142, zeskoczenia z p\u0142askowy\u017cu i przemienienia si\u0119 w soko\u0142a. By\u0142o to jednak jedynie tymczasowe rozwi\u0105zanie; a\u017c do samego ko\u0144ca meczu nie b\u0119dzie bowiem w pe\u0142ni sprawna, co czyni\u0142o j\u0105 \u0142atwym celem. Andrycz wyrwa\u0142a stercz\u0105ce z jej nogi drzewce i zacz\u0119\u0142a rozgl\u0105da\u0107 si\u0119 po arenie, szukaj\u0105c sposobu na wyr\u00f3wnanie szans. Jej wzrok przyku\u0142o wej\u015bcie do jaskini znajduj\u0105ce si\u0119 w pobliskiej turni; grota by\u0142a prawdopodobnie najlepsz\u0105 pozycj\u0105 obronn\u0105 w okolicy, gdy\u017c os\u0142ania\u0142aby j\u0105 przed atakami z powietrza ze strony Amerykanki i jej ostatniego chowa\u0144ca: jastrz\u0119bia. Elfka zacz\u0119\u0142a po\u015bpiesznie ku\u015btyka\u0107 w stron\u0119 g\u00f3ry, nerwowo rozgl\u0105daj\u0105c si\u0119 na boki. Zosta\u0142o jej tylko czterdzie\u015bci pi\u0119\u0107 punkt\u00f3w \u017cycia; o dziesi\u0119\u0107 mniej od swojej rywalki. Nawet najmniejszy b\u0142\u0105d m\u00f3g\u0142 teraz dla niej oznacza\u0107 wypadni\u0119cie z turnieju; nie mog\u0142a dopu\u015bci\u0107 do tego, by czarnow\u0142osa wypu\u015bci\u0142a cho\u0107 jedn\u0105 strza\u0142\u0119 w jej kierunku. Gdy tylko zauwa\u017ca\u0142a kr\u0105\u017c\u0105c\u0105 po niebie sokolic\u0119, zaczyna\u0142a szy\u0107 do niego ze swojego \u0142uku, a gdy ta pr\u00f3bowa\u0142a l\u0105dowa\u0107, wykorzystywa\u0142a jeden ze swoich pozosta\u0142ych o\u015blepiaj\u0105cych pocisk\u00f3w.<\/p>\n\n\n\n<p>W ten spos\u00f3b, po czterech najd\u0142u\u017cszych minutach jej \u017cycia i ca\u0142kowicie pozbawiona swych specjalnych strza\u0142, dziewczyna dotar\u0142a wreszcie do jaskini. Okaza\u0142o si\u0119, \u017ce jest p\u0142ytsza, ni\u017c na to liczy\u0142a, ale przynajmniej nie by\u0142o z niej innego wyj\u015bcia; Aiyana nie da rady zaj\u015b\u0107 jej od ty\u0142u. Wygl\u0105da\u0142o jednak na to, \u017ce Indianka wcale nie zamierza\u0142a zakra\u015b\u0107 si\u0119 do Klary od ty\u0142u. Sokolica lecia\u0142a teraz z ogromn\u0105 pr\u0119dko\u015bci\u0105 prosto w stron\u0119 wej\u015bcia do groty. Przez moment niebieskooka wierzy\u0142a, \u017ce to tylko podpucha, ale Storm wcale nie zwalnia\u0142a; wr\u0119cz przeciwnie, z ka\u017cd\u0105 chwil\u0105 zdawa\u0142a si\u0119 p\u0119dzi\u0107 coraz szybciej. Andrycz nie zwleka\u0142a ju\u017c ani chwili d\u0142u\u017cej i zacz\u0119\u0142a strzela\u0107 do przeciwniczki, ale pierwsza strza\u0142a min\u0119\u0142a Aiyan\u0119 o w\u0142os, druga przebi\u0142a jastrz\u0119bia, kt\u00f3ry zmaterializowa\u0142 si\u0119 tu\u017c przed sokolic\u0105, a trzeciej wypu\u015bci\u0107 ju\u017c nie zd\u0105\u017cy\u0142a. P\u0119dz\u0105ca w jej stron\u0119 Indianka w locie przemieni\u0142a si\u0119 z powrotem w cz\u0142owieka, wystawi\u0142a do przodu naostrzony koniec swego \u0142uku i z ogromnym impetem hukn\u0119\u0142a w elfk\u0119, przebijaj\u0105c j\u0105 na wylot i posy\u0142aj\u0105c j\u0105 ku skalnej \u015bcianie. Cho\u0107 sama te\u017c straci\u0142a troch\u0119 punkt\u00f3w, nie mia\u0142o to ju\u017c wielkiego znaczenia; na jej oczach Klara Andrycz rozpad\u0142a si\u0119 w wirtualny py\u0142 i wr\u00f3ci\u0142a do prawdziwego \u015bwiata. Lekko otumaniona po zderzeniu Aiyana stan\u0119\u0142a na nogi, wyprostowa\u0142a si\u0119 dumnie i w triumfalnym ge\u015bcie unios\u0142a nad g\u0142ow\u0119 swoj\u0105 bro\u0144, salutuj\u0105c wszystkim widzom ogl\u0105daj\u0105cym to starcie. A potem sama znikn\u0119\u0142a i do wirtualnej krainy powr\u00f3ci\u0142 spok\u00f3j.<\/p>\n\n\n\n<p><\/p>\n","protected":false},"excerpt":{"rendered":"<p>Po\u015br\u00f3d g\u00f3r o niezwyk\u0142ej, fioletowej barwie panowa\u0142 kompletny bezruch. Wszechobecn\u0105 cisz\u0119 nie zm\u0105ca\u0142 \u017caden, nawet naj\u0142agodniejszy d\u017awi\u0119k. Postronny obserwator m\u00f3g\u0142by pomy\u015ble\u0107, \u017ce tak by\u0142o zawsze i na zawsze tak ju\u017c pozostanie; \u017ce na platformie o kszta\u0142cie zbli\u017conym do owalu, upstrzonej tu i \u00f3wdzie matowymi g\u0142azami, nic nigdy si\u0119 nie wydarzy\u0142o; \u017ce jedyn\u0105 zmian\u0105 w otoczeniu, &hellip;<br \/><a href=\"https:\/\/kodlyoko.pl\/index.php\/artykuly\/tworczosc-niekonwencjonalna\/arena\/edycja-1\/walki\/edycja-1-cwiercfinaly\/cwiercfinal-1-2-aiyana-storm-vs-klara-andrycz\/\" class=\"more-link pen_button pen_element_default pen_icon_arrow_double\">Read more<\/a><\/p>\n","protected":false},"author":1,"featured_media":0,"parent":2451,"menu_order":1,"comment_status":"open","ping_status":"closed","template":"","meta":{"footnotes":""},"categories":[20],"tags":[],"class_list":["post-129","page","type-page","status-publish","hentry","category-artykuly-areny"],"_links":{"self":[{"href":"https:\/\/kodlyoko.pl\/index.php\/wp-json\/wp\/v2\/pages\/129","targetHints":{"allow":["GET"]}}],"collection":[{"href":"https:\/\/kodlyoko.pl\/index.php\/wp-json\/wp\/v2\/pages"}],"about":[{"href":"https:\/\/kodlyoko.pl\/index.php\/wp-json\/wp\/v2\/types\/page"}],"author":[{"embeddable":true,"href":"https:\/\/kodlyoko.pl\/index.php\/wp-json\/wp\/v2\/users\/1"}],"replies":[{"embeddable":true,"href":"https:\/\/kodlyoko.pl\/index.php\/wp-json\/wp\/v2\/comments?post=129"}],"version-history":[{"count":7,"href":"https:\/\/kodlyoko.pl\/index.php\/wp-json\/wp\/v2\/pages\/129\/revisions"}],"predecessor-version":[{"id":2468,"href":"https:\/\/kodlyoko.pl\/index.php\/wp-json\/wp\/v2\/pages\/129\/revisions\/2468"}],"up":[{"embeddable":true,"href":"https:\/\/kodlyoko.pl\/index.php\/wp-json\/wp\/v2\/pages\/2451"}],"wp:attachment":[{"href":"https:\/\/kodlyoko.pl\/index.php\/wp-json\/wp\/v2\/media?parent=129"}],"wp:term":[{"taxonomy":"category","embeddable":true,"href":"https:\/\/kodlyoko.pl\/index.php\/wp-json\/wp\/v2\/categories?post=129"},{"taxonomy":"post_tag","embeddable":true,"href":"https:\/\/kodlyoko.pl\/index.php\/wp-json\/wp\/v2\/tags?post=129"}],"curies":[{"name":"wp","href":"https:\/\/api.w.org\/{rel}","templated":true}]}}