{"id":1270,"date":"2021-04-24T21:47:39","date_gmt":"2021-04-24T19:47:39","guid":{"rendered":"http:\/\/kodlyoko.pl\/?page_id=1270"},"modified":"2021-08-08T01:22:23","modified_gmt":"2021-08-07T23:22:23","slug":"rzecz-o-starzejacym-sie-fandomie","status":"publish","type":"page","link":"https:\/\/kodlyoko.pl\/index.php\/artykuly\/redaktorskie\/felietony\/rzecz-o-starzejacym-sie-fandomie\/","title":{"rendered":"Rzecz o starzej\u0105cym si\u0119 fandomie"},"content":{"rendered":"\n<p class=\"has-drop-cap\">Nie b\u0119dzie \u017cadnym zaskoczeniem ani odkryciem stwierdzenie faktu, i\u017c nasz fandom si\u0119 starzeje. To w sumie naturalna kolej rzeczy, szczeg\u00f3lnie w przypadku takim jak nasz, gdzie nowych ludzi przybywa mniej (z r\u00f3\u017cnych przyczyn), a jak ju\u017c s\u0105, to g\u0142\u00f3wnie ci bardziej, powiedzmy mo\u017ce nieco zbyt g\u00f3rnolotnie, &#8220;wiekowi&#8221;. Oczywi\u015bcie \u017ceby nie by\u0142o tutaj jakiego\u015b strachu &#8211; nie mam na my\u015bli tego, \u017ce przychodz\u0105 do nas 80-latkowie. Ale prawda jest taka, \u017ce ca\u0142kiem spory odsetek ludzi w naszym fandomie jest ju\u017c grubo po osiemnastce. To te\u017c nie jest jakie\u015b kolosalne odkrycie, bo w zasadzie od samego pocz\u0105tku funkcjonowania byli w\u015br\u00f3d nas doro\u015bli. Po prostu teraz jest ich wi\u0119cej.<\/p>\n\n\n\n<p>Oczywist\u0105 rzecz\u0105 jest, \u017ce starzeje si\u0119 zar\u00f3wno ta bardziej widoczna cz\u0119\u015b\u0107 fandomu, mo\u017cna by rzec, aktyw, jak i ci, kt\u00f3rzy raczej wol\u0105 czyta\u0107, obserwowa\u0107, s\u0105 tym bierniejszym od\u0142amem. A skoro odbiorcy fandomowego kontentu staj\u0105 si\u0119 bardziej dojrzali, to te\u017c trzeba ten kontent dostosowa\u0107 nieco do grupy docelowej. O ile na przyk\u0142ad we Francji czy w angloj\u0119zycznej cz\u0119\u015bci naszego \u015brodowiska nie ma z tym \u017cadnego problemu, doro\u015bli znajd\u0105 tam rzeczy dla nich interesuj\u0105ce, to ju\u017c w polskim fandomie nie za bardzo jest to zauwa\u017calne. Wydaje mi si\u0119, \u017ce to z powodu pewnego przekonania, panuj\u0105cego od dos\u0107 dawna u nas. Niekt\u00f3rym wci\u0105\u017c si\u0119 wydaje, \u017ce jeste\u015bmy w 2009 roku, \u017ce wi\u0119kszo\u015b\u0107 fandomu to jeszcze dzieci, wi\u0119c nie mo\u017cna za bardzo przesadza\u0107 i wykracza\u0107 poza to, co pokazano w serialu. Nie m\u00f3wi\u0119 ju\u017c o preferowaniu sztampowego podej\u015bcia, wed\u0142ug kt\u00f3rego ka\u017cdy fanfick musi opiera\u0107 si\u0119 na schemacie &#8220;akcja na Ziemi-atak Xany-walka w Lyoko-powr\u00f3t do przesz\u0142o\u015bci&#8221; i tak doko\u0142a Wojtek. Wiem, na tym opiera&nbsp; si\u0119 ca\u0142y serial, ale nawet to mo\u017cna nieco uatrakcyjni\u0107.<br>Ale dobra, wracaj\u0105c do kwestii wieku i dojrza\u0142o\u015bci&#8230; wci\u0105\u017c spotykam si\u0119 z opini\u0105, \u017ce pewnych rzeczy nie wolno umieszcza\u0107 w opowiadaniach. \u017be napisanie one-shota o Aelicie jako dilerce narkotyk\u00f3w albo z lekko upitym Oddem jest od razu bezczeszczeniem serialu i rzecz\u0105 niewyobra\u017calna oraz propagowaniem u\u017cywek. To swoj\u0105 drog\u0105 jest czym\u015b bardzo g\u0142upim. Samo napisanie nie jest \u017cadnym propagowaniem. Ba, nawet jak nie b\u0119dzie tam komentarza, \u017ce to jest z\u0142e, to te\u017c nie jest to propagowanie. No, chyba \u017ce traktujemy odbiorc\u00f3w jak idiot\u00f3w i musimy im wyk\u0142ada\u0107 jak dzieciom w przedszkolu, co jest dobre, a co z\u0142e.<br>Za granic\u0105 ju\u017c od dawna uznano, \u017ce mo\u017cna pisa\u0107 rzeczy przeznaczone tylko dla danej grupy wiekowej, \u017ce mo\u017cna tam zamieszcza\u0107 w\u0105tki z przemoc\u0105, czy te\u017c nawet erotyczne. I nikt tego nie ma nikomu za z\u0142e, po prostu taka jest kolej rzeczy. Ten nurt nie zast\u0119puje pozosta\u0142ych, to jest zwyczajne tworzenie kolejnej ga\u0142\u0119zi, dzi\u0119ki kt\u00f3rej fandom nie jest przeznaczony tylko dla nastolatk\u00f3w.<\/p>\n\n\n\n<p>W\u0142a\u015bnie&#8230;skoro pad\u0142o s\u0142owo o erotycznych, bardzo straszne, co\u015b, czego si\u0119 wiele os\u00f3b boi. Tutaj musz\u0119 niejako odnie\u015b\u0107 si\u0119 do pewnych k\u0142amliwych stwierdze\u0144, jakie niekiedy kr\u0105\u017c\u0105. My w Centrum nigdy nie opublikujemy opowiadania pornograficznego, takiego jak kiedy\u015b by\u0142o z Oddem. Ale jednoczesnie warto tu zaznaczy\u0107, \u017ce czym innym jest pornografia, a czym innym erotyka. I je\u015bli w opowiadaniu dla doros\u0142ych pojawia si\u0119 w\u0105tek erotyczny, to jest on do zaakceptowania, a oceni\u0107 tam mo\u017cna spos\u00f3b jego opisania.<br>S\u0142ysz\u0119 ju\u017c te g\u0142osy, m\u00f3wi\u0105ce &#8220;nie ma miejsca w tym fandomie na 18+&#8221;. C\u00f3\u017c&#8230; na szcz\u0119\u015bcie panuje pluralizm, wi\u0119c mo\u017cna sobie postanowi\u0107, \u017ce albo si\u0119 nie b\u0119dzie samemu pisa\u0107 takich rzeczy, bo si\u0119 kto\u015b po prostu nie czuje w takiej konwencji dobrze, albo te\u017c, je\u015bli si\u0119 ma takie mo\u017cliwo\u015bci, mo\u017cna pewnych rzeczy nie publikowa\u0107 (cho\u0107 to ju\u017c jest ocieranie si\u0119 o zarzut cenzury prewencyjnej). Ale miejsce jest, a m\u00f3wienie, \u017ce nie ma i nie b\u0119dzie takich opowiada\u0144, to zaklinanie rzeczywisto\u015bci.<\/p>\n\n\n\n<p>Co prawda, jak ju\u017c pisa\u0142em, mamy pewien problem z bardziej dojrza\u0142ymi opowiadaniami w polskim fandomie, ale jest pewien chlubny, cho\u0107 jak na razie rzadki, wyj\u0105tek od tej regu\u0142y. Jest nim &#8220;Incorrect Code&#8221; autorstwa Shikari. Jak na razie wydano 5 rozdzia\u0142\u00f3w tego fanficka, wida\u0107, \u017ce pisany on jest z dobrym zamys\u0142em, nie opiera si\u0119 on o sztamp\u0119, do tego wida\u0107, \u017ce jest to skierowane do dojrzalszego odbiorcy. Tak wi\u0119c, jak si\u0119 chce, to potrafi co\u015b \u015bwie\u017cego w fandomie napisa\u0107. A \u017ce rozdzia\u0142y pojawiaj\u0105 si\u0119 do\u015b\u0107 nieregularnie&#8230; no, c\u00f3\u017c, to jest jeden z aspekt\u00f3w bycia doros\u0142ym. Nie zawsze ma si\u0119 czas na to, by pisa\u0107, bo s\u0105 r\u00f3\u017cne inne sprawy: praca, studia, zak\u0142adanie w\u0142asnej rodziny. To jednak niekiedy istotniejsze rzeczy ni\u017c fanfiction, nie\u0142atwo to wszystko pogodzi\u0107. Chocia\u017c&#8230; jak kto\u015b np. potrafi dobrze si\u0119 uczy\u0107 na studiach i zalicza\u0107 egzaminy terminie, godz\u0105c to z fandomem, to te\u017c fajnie \ud83d\ude09<\/p>\n","protected":false},"excerpt":{"rendered":"<p>Nie b\u0119dzie \u017cadnym zaskoczeniem ani odkryciem stwierdzenie faktu, i\u017c nasz fandom si\u0119 starzeje. To w sumie naturalna kolej rzeczy, szczeg\u00f3lnie w przypadku takim jak nasz, gdzie nowych ludzi przybywa mniej (z r\u00f3\u017cnych przyczyn), a jak ju\u017c s\u0105, to g\u0142\u00f3wnie ci bardziej, powiedzmy mo\u017ce nieco zbyt g\u00f3rnolotnie, &#8220;wiekowi&#8221;. Oczywi\u015bcie \u017ceby nie by\u0142o tutaj jakiego\u015b strachu &#8211; &hellip;<br \/><a href=\"https:\/\/kodlyoko.pl\/index.php\/artykuly\/redaktorskie\/felietony\/rzecz-o-starzejacym-sie-fandomie\/\" class=\"more-link pen_button pen_element_default pen_icon_arrow_double\">Read more<\/a><\/p>\n","protected":false},"author":5,"featured_media":0,"parent":2587,"menu_order":0,"comment_status":"closed","ping_status":"closed","template":"","meta":{"footnotes":""},"categories":[50],"tags":[],"class_list":["post-1270","page","type-page","status-publish","hentry","category-artykuly-felietony"],"_links":{"self":[{"href":"https:\/\/kodlyoko.pl\/index.php\/wp-json\/wp\/v2\/pages\/1270","targetHints":{"allow":["GET"]}}],"collection":[{"href":"https:\/\/kodlyoko.pl\/index.php\/wp-json\/wp\/v2\/pages"}],"about":[{"href":"https:\/\/kodlyoko.pl\/index.php\/wp-json\/wp\/v2\/types\/page"}],"author":[{"embeddable":true,"href":"https:\/\/kodlyoko.pl\/index.php\/wp-json\/wp\/v2\/users\/5"}],"replies":[{"embeddable":true,"href":"https:\/\/kodlyoko.pl\/index.php\/wp-json\/wp\/v2\/comments?post=1270"}],"version-history":[{"count":1,"href":"https:\/\/kodlyoko.pl\/index.php\/wp-json\/wp\/v2\/pages\/1270\/revisions"}],"predecessor-version":[{"id":1272,"href":"https:\/\/kodlyoko.pl\/index.php\/wp-json\/wp\/v2\/pages\/1270\/revisions\/1272"}],"up":[{"embeddable":true,"href":"https:\/\/kodlyoko.pl\/index.php\/wp-json\/wp\/v2\/pages\/2587"}],"wp:attachment":[{"href":"https:\/\/kodlyoko.pl\/index.php\/wp-json\/wp\/v2\/media?parent=1270"}],"wp:term":[{"taxonomy":"category","embeddable":true,"href":"https:\/\/kodlyoko.pl\/index.php\/wp-json\/wp\/v2\/categories?post=1270"},{"taxonomy":"post_tag","embeddable":true,"href":"https:\/\/kodlyoko.pl\/index.php\/wp-json\/wp\/v2\/tags?post=1270"}],"curies":[{"name":"wp","href":"https:\/\/api.w.org\/{rel}","templated":true}]}}