{"id":127,"date":"2019-08-27T09:44:00","date_gmt":"2019-08-27T07:44:00","guid":{"rendered":"http:\/\/kodlyoko.pl\/?page_id=127"},"modified":"2021-06-13T19:16:29","modified_gmt":"2021-06-13T17:16:29","slug":"cwiercfinal-1-1-aiyana-storm-vs-klara-andrycz","status":"publish","type":"page","link":"https:\/\/kodlyoko.pl\/index.php\/artykuly\/tworczosc-niekonwencjonalna\/arena\/edycja-1\/walki\/edycja-1-cwiercfinaly\/cwiercfinal-1-1-aiyana-storm-vs-klara-andrycz\/","title":{"rendered":"[RUNDA 1-1] Aiyana Storm vs Klara Andrycz"},"content":{"rendered":"\n<p class=\"has-drop-cap\">Walka potoczy si\u0119 tak:<\/p>\n\n\n\n<p>Klara idzie przez g\u00f3ry i przed sob\u0105 zobaczy swojego przeciwnika (Aiane), patrz\u0105 na siebie i Klara m\u00f3wi:<\/p>\n\n\n\n<p>-Czego szukasz.<\/p>\n\n\n\n<p>Aiana: Bitwy.<\/p>\n\n\n\n<p>Klara patrzy na Aiane i Klara m\u00f3wi: na 3<\/p>\n\n\n\n<p>Aiana:1<\/p>\n\n\n\n<p>Klara:2<\/p>\n\n\n\n<p>Razem:3!<\/p>\n\n\n\n<p>Klara i Aiana biegn\u0105 na siebie, Klara wyjmuje sw\u00f3j \u0142uk, tak samo jak Aiana (bo te\u017c mia\u0142a \u0142uk).Aiana skacze i naci\u0105ga ci\u0119ciwe \u0142uku i strzela ale Klara robi fiko\u0142ka i unika. Klara robi to samo co Aiana (czyli naciaga cieciwe i strzela) i trafia w Aiane i Aiana ma 80hp.<\/p>\n\n\n\n<p>Klara dalej strzela strza\u0142ami, ale Aiana zmienia si\u0119 w soko\u0142a i unika i leci do g\u00f3ry a Klara dalej strzela ale nie trafia. Klarze sko\u0144czy\u0142y sie strzaly i Aiana wykorzystuje to i leci do Klary.Klara naladowa\u0142a strza\u0142y i u\u017cywa swojej mocy (czyli strza\u0142y o\u015blepiaj\u0105ce).Aiana jest blisko Klary i Klara strzela w Aiane strza\u0142\u0105 o\u015blepiaj\u0105c\u0105.Aiana zmienia si\u0119 w siebie i nic nie widzi. Klara strzela w ni\u0105 (Aiana ma 70hp).Aiana szybko odzyskuje wzrok i strzela do Klary dwoma strza\u0142ami (Klara ma 70hp).Aiana przywo\u0142uje nied\u017awiedzia.Klara atakuje nied\u017awiedzia a nied\u017awied\u017a atakuje Klare tak jak Aiana, nied\u017awied\u017a uderzy\u0142 Klare i Aiana jedn\u0105 strza\u0142a (Klara ma 40hp).<\/p>\n\n\n\n<p>Klara le\u017cy na ziemi i wystrzelila trzy strza\u0142y (jedna jest strza\u0142\u0105 o\u015blepiaj\u0105c\u0105 a dwie zwyczajne) dwie strza\u0142y trafi\u0142y w niedzwiedzia.Nied\u017awied\u017a umar\u0142 ale ten w ostatniej chwili wywalil luk Klary.Klara chce wsta\u0107 ale Aiana podchodzi do niej z \u0142ukiem i Aiana m\u00f3wi:<\/p>\n\n\n\n<p>Poddajesz si\u0119?<\/p>\n\n\n\n<p>Klara: Nigdy!<\/p>\n\n\n\n<p>Aiana: Trudno, ale ju\u017c przegra\u0142a\u015b.<\/p>\n\n\n\n<p>Aiana naciaga ci\u0119ciwe, chce ju\u017c strzeli\u0107, ale jedna strza\u0142a Klary spad\u0142a na ni\u0105 (bo wcze\u015bniej strzeli\u0142a do misia dwoma i t\u0105 jedn\u0105 polecia\u0142a do g\u00f3ry i spadla ta strza\u0142a byla o\u015blepiaj\u0105ca).Klara spycha Aiane do morza cyfrowego, ju\u017c jest blisko ale Aiana zmienia si\u0119 w soko\u0142a, ale Klara bierze \u0142uk Aiany i strzela w soko\u0142a i sok\u00f3\u0142 zmienia sie w Aian\u0119. Aiana spada do morza, Klara wygra\u0142a.<\/p>\n\n\n\n<p><\/p>\n\n\n\n<p><\/p>\n","protected":false},"excerpt":{"rendered":"<p>Walka potoczy si\u0119 tak: Klara idzie przez g\u00f3ry i przed sob\u0105 zobaczy swojego przeciwnika (Aiane), patrz\u0105 na siebie i Klara m\u00f3wi: -Czego szukasz. Aiana: Bitwy. Klara patrzy na Aiane i Klara m\u00f3wi: na 3 Aiana:1 Klara:2 Razem:3! Klara i Aiana biegn\u0105 na siebie, Klara wyjmuje sw\u00f3j \u0142uk, tak samo jak Aiana (bo te\u017c mia\u0142a \u0142uk).Aiana &hellip;<br \/><a href=\"https:\/\/kodlyoko.pl\/index.php\/artykuly\/tworczosc-niekonwencjonalna\/arena\/edycja-1\/walki\/edycja-1-cwiercfinaly\/cwiercfinal-1-1-aiyana-storm-vs-klara-andrycz\/\" class=\"more-link pen_button pen_element_default pen_icon_arrow_double\">Read more<\/a><\/p>\n","protected":false},"author":1,"featured_media":0,"parent":2451,"menu_order":0,"comment_status":"open","ping_status":"closed","template":"","meta":{"footnotes":""},"categories":[20],"tags":[],"class_list":["post-127","page","type-page","status-publish","hentry","category-artykuly-areny"],"_links":{"self":[{"href":"https:\/\/kodlyoko.pl\/index.php\/wp-json\/wp\/v2\/pages\/127","targetHints":{"allow":["GET"]}}],"collection":[{"href":"https:\/\/kodlyoko.pl\/index.php\/wp-json\/wp\/v2\/pages"}],"about":[{"href":"https:\/\/kodlyoko.pl\/index.php\/wp-json\/wp\/v2\/types\/page"}],"author":[{"embeddable":true,"href":"https:\/\/kodlyoko.pl\/index.php\/wp-json\/wp\/v2\/users\/1"}],"replies":[{"embeddable":true,"href":"https:\/\/kodlyoko.pl\/index.php\/wp-json\/wp\/v2\/comments?post=127"}],"version-history":[{"count":15,"href":"https:\/\/kodlyoko.pl\/index.php\/wp-json\/wp\/v2\/pages\/127\/revisions"}],"predecessor-version":[{"id":2469,"href":"https:\/\/kodlyoko.pl\/index.php\/wp-json\/wp\/v2\/pages\/127\/revisions\/2469"}],"up":[{"embeddable":true,"href":"https:\/\/kodlyoko.pl\/index.php\/wp-json\/wp\/v2\/pages\/2451"}],"wp:attachment":[{"href":"https:\/\/kodlyoko.pl\/index.php\/wp-json\/wp\/v2\/media?parent=127"}],"wp:term":[{"taxonomy":"category","embeddable":true,"href":"https:\/\/kodlyoko.pl\/index.php\/wp-json\/wp\/v2\/categories?post=127"},{"taxonomy":"post_tag","embeddable":true,"href":"https:\/\/kodlyoko.pl\/index.php\/wp-json\/wp\/v2\/tags?post=127"}],"curies":[{"name":"wp","href":"https:\/\/api.w.org\/{rel}","templated":true}]}}