{"id":1243,"date":"2021-04-24T21:22:23","date_gmt":"2021-04-24T19:22:23","guid":{"rendered":"http:\/\/kodlyoko.pl\/?page_id=1243"},"modified":"2021-04-24T21:22:42","modified_gmt":"2021-04-24T19:22:42","slug":"nastepca-zdrajcy","status":"publish","type":"page","link":"https:\/\/kodlyoko.pl\/index.php\/artykuly\/kod-lyoko\/nastepca-zdrajcy\/","title":{"rendered":"Nast\u0119pca Zdrajcy"},"content":{"rendered":"\n<p class=\"has-drop-cap\"><em>Zostajesz wykluczony z Wojownik\u00f3w Lyoko. Nie mo\u017cemy ci ufa\u0107.<\/em><\/p>\n\n\n\n<p>Ci\u0105gle s\u0142yszy ten g\u0142os Jeremiego w swojej g\u0142owie. Kopie kolejny kamie\u0144 od niechcenia na pustej \u015bcie\u017cce pe\u0142nej wielu zakr\u0119t\u00f3w, gdzie ka\u017cdy z nich ma osobn\u0105 tajemnic\u0119 do odkrycia. Ch\u0119tnie by ka\u017cd\u0105 z nich przeszed\u0142 wzd\u0142u\u017c i wszerz. Jednak nie dzisiaj. Nie w chwili, gdy straci\u0142 wszystko.<\/p>\n\n\n\n<p>Co zrobi\u0142 nie tak? Musia\u0142 zabra\u0107 t\u0119 strachliw\u0105 Sissi, inaczej nie wyszed\u0142by ze szko\u0142y! Dlaczego nikt go nie rozumie? Inaczej zostaliby pokonani\u2026<\/p>\n\n\n\n<p>Przegrana jest jego wrogiem wi\u0119kszym ni\u017c nauczycielka fizyki oraz w\u0142asny ojciec. Nie lubi tej \u015bwiadomo\u015bci. Zawsze wtedy czuje si\u0119, jakby by\u0142 nikim.<\/p>\n\n\n\n<p><em>Zostajesz wykluczony z Wojownik\u00f3w Lyoko.<\/em><\/p>\n\n\n\n<p>Walki by\u0142y jego domen\u0105. Kocha\u0142 rywalizacj\u0119, a jeszcze bardziej, kiedy zwyci\u0119\u017ca\u0142. Zawsze najlepszy w dru\u017cynie pi\u0142ki no\u017cnej, najlepszy w pencat silat. Po prostu \u2013 najlepszy.<\/p>\n\n\n\n<p><em>Nie mo\u017cemy ci ufa\u0107.<\/em><\/p>\n\n\n\n<p>Czym zawini\u0142? Wyja\u015bnienia i tak niewiele mu pomaga\u0142y. Mieli oni racj\u0119 \u2013 zrobi\u0142 ogromny b\u0142\u0105d. Tylko jeden. A\u017c o jeden b\u0142\u0105d za du\u017co.<\/p>\n\n\n\n<p>Zdradzi\u0142 swoich najlepszych przyjaci\u00f3\u0142, \u017ceby uratowa\u0107 swoj\u0105 sk\u00f3r\u0119. Zachowa\u0142 si\u0119 okropnie. Chocia\u017c oni te\u017c nie s\u0105 bez winy. Kto\u015b musia\u0142 ich nakr\u0119ci\u0107 na decyzj\u0119.<\/p>\n\n\n\n<p>Sissi? W \u017cyciu \u2013 ona boi si\u0119 myszy.<\/p>\n\n\n\n<p>Odd? Co to za pomys\u0142?! To jego najlepszy przyjaciel\u2026 dawny. Teraz ju\u017c dawny.<\/p>\n\n\n\n<p>William. To musia\u0142 by\u0107 on. Nikt inny go tak nie znosi, jak on sam.<\/p>\n\n\n\n<p>&#8211; Zabij\u0119 tego gnojka.&nbsp;<em>Oko za oko, z\u0105b za z\u0105b.<\/em><\/p>\n\n\n\n<p>Tylko otwarty, poz\u0142acany skaner z ra\u017c\u0105cym \u015bwiat\u0142em w \u015brodku dzieli go od spotkania ze swoim wrogiem. Serce bije mu coraz szybciej. Czuje narastaj\u0105c\u0105 w sobie z\u0142o\u015b\u0107, zmieszan\u0105 z furi\u0105, kt\u00f3r\u0105 \u015bwiat\u0142o z\u0142otej tuby zza karku stara si\u0119 z\u0142agodzi\u0107, a jednocze\u015bnie pilnuje si\u0119 przed \u0142zami, zbieraj\u0105cymi si\u0119 w oczach. Jak m\u00f3g\u0142 mu to zrobi\u0107? Nie lubi\u0142 go, to prawda. Jednak nigdy nie dzia\u0142a\u0142 mu na szkod\u0119.<\/p>\n\n\n\n<p>&#8211;&nbsp;<em>Krew jego dawne bohatery\u2026<\/em><\/p>\n\n\n\n<p>Bierze g\u0142\u0119boki wdech i wchodzi do \u015brodka. Kapsu\u0142a zamyka si\u0119, a przez sekund\u0119 trwaj\u0105 egipskie ciemno\u015bci.<\/p>\n\n\n\n<p>&#8211; Ulrich? Co ty wyrabiasz?<\/p>\n\n\n\n<p>Cholera, nakry\u0142 go. Niech nic nie robi, niech nic nie robi\u2026<\/p>\n\n\n\n<p>&#8211; Wirtuzalizacja.<\/p>\n\n\n\n<p>Sektor pustynny \u2013 zawsze s\u0142o\u0144ce w samo po\u0142udnie i tony cyfrowego piasku, kt\u00f3rych nie jeden arabski w\u0119drownik nie da\u0142by rady z jednym wielb\u0142\u0105dem przej\u015b\u0107. Czu\u0107 kadzid\u0142a, przemieszane z sypi\u0105cymi si\u0119 ziarenkami, kt\u00f3re ka\u017ce w\u0119druje w swoj\u0105 stron\u0119.<\/p>\n\n\n\n<p>Nigdy nie lubi\u0142 tego miejsca. Do dzi\u015b wspomina, jak walczy\u0142 przeciwko Yumi\u2026 jego przyjaci\u00f3\u0142ce.&nbsp;<em>Dawnej przyjaci\u00f3\u0142ce.<\/em><\/p>\n\n\n\n<p>&#8211; W tej chwili ci\u0119 dewirutalizuj\u0119.<\/p>\n\n\n\n<p>&#8211; Nie b\u0119dziesz mi m\u00f3wi\u0107, co mam robi\u0107 \u2013 odpowiada ci\u0119to.<\/p>\n\n\n\n<p>&#8211; Ale\u2026<\/p>\n\n\n\n<p>&#8211; \u017badnego \u201eale\u201d! Jestem zdrajc\u0105, nie mo\u017cesz mnie ju\u017c kontrolowa\u0107. Koniec! \u2013 odpowiada samuraj, kt\u00f3rego str\u00f3j wtapia si\u0119 w otoczenie. Biegnie szuka\u0107 swojego celu. Dorwie go. Nikt go nie powstrzyma. Nawet Yumi\u2026 jego najlepsza\u2026 przyjaci\u00f3\u0142ka.<\/p>\n\n\n\n<p>&#8211; Ulrich.<\/p>\n\n\n\n<p>&#8211; William.<\/p>\n\n\n\n<p>&#8211; Mi\u0142o ci\u0119 widzie\u0107.<\/p>\n\n\n\n<p>&#8211; A mi wcale.<\/p>\n\n\n\n<p>&#8211; Jak mog\u0142e\u015b?<\/p>\n\n\n\n<p>&#8211; Ale\u2026<\/p>\n\n\n\n<p>&#8211; Pytam si\u0119! \u2013 po tych s\u0142owach rzuca pierwsz\u0105 szabl\u0119. Dunbar odpycha go swoim. Brunet rozp\u0119dza si\u0119 i skacze na drugiego Wojownika. Upadaj\u0105 razem, a piach ta\u0144czy ka\u017cdemu na sk\u00f3rze, kt\u00f3rego koloru zazdro\u015bci\u0142by ka\u017cdy Egipcja\u0144ski skryba.<\/p>\n\n\n\n<p>&#8211; Nie wiem, o czym m\u00f3wisz!<\/p>\n\n\n\n<p>&#8211; K\u0142amiesz! \u2013 rzuca drug\u0105 bro\u0144. William broni si\u0119, staj\u0105c si\u0119 czarnym smogiem dymu, kt\u00f3ry szybko ucieka obok swojego m\u0142odszego kolegi.<\/p>\n\n\n\n<p>&#8211; Powiesz mi, dzieciaku, o co ci do jasnej cholery chodzi?! Rzucasz si\u0119 na mnie, jakbym co najmniej ci rodzic\u00f3w wymordowa\u0142!<\/p>\n\n\n\n<p>&#8211; Tym bym akurat nie pogardzi\u0142.<\/p>\n\n\n\n<p>&#8211; No to wiem, jakbym ci Yumi odebra\u0142.<\/p>\n\n\n\n<p>&#8211; To jest moja&#8230; przyjaci\u00f3\u0142ka\u2026 tak. Przyjaci\u00f3\u0142ka.<\/p>\n\n\n\n<p>Dooko\u0142a Wojownik\u00f3w ju\u017c nic nie lata. Zm\u0119czony piach opad\u0142 do snu, jednak \u017car s\u0142o\u0144ca nadal pozosta\u0142 i tworzy\u0142 coraz d\u0142u\u017csze cienie.<\/p>\n\n\n\n<p>&#8211; Co si\u0119 sta\u0142o, m\u0142ody? \u2013 pyta z trosk\u0105 William. Widzi zmartwienie samuraja, wyj\u0105tkowo mocne.<\/p>\n\n\n\n<p>Po tym zapytaniu Ulricha zatka\u0142o. To nie by\u0142 on. Nie spyta\u0142by w ten spos\u00f3b go o sytuacj\u0119.<\/p>\n\n\n\n<p>Chowa jedn\u0105 szabl\u0119 do pochwy, a nast\u0119pnie drug\u0105. Odchodzi kilka krok\u00f3w od Dunbara. Dziesi\u0119\u0107. Dwana\u015bcie. Czterna\u015bcie. Pi\u0119tna\u015bcie.<\/p>\n\n\n\n<p>Odwraca si\u0119 i po g\u0142\u0119bokim wdechu odpowiada:<\/p>\n\n\n\n<p>&#8211; Zosta\u0142em zdrajc\u0105. Nie jestem ju\u017c Wojownikiem Lyoko.<\/p>\n\n\n\n<p>Cisza. Wida\u0107 tylko faluj\u0105ce cyfrowe powietrze od promieni. Ch\u0142opiec, pomimo fali nienawi\u015bci do Williama, czuje si\u0119 du\u017co lepiej, gdy wydusi\u0142 t\u0119 brutaln\u0105 prawd\u0119. On jednak nic nie m\u00f3wi.&nbsp;<em>B\u0142\u0105d?<\/em><\/p>\n\n\n\n<p>&#8211; Przepraszam. My\u015bla\u0142em, \u017ce to twoja sprawka. P\u00f3jd\u0119 ju\u017c.<\/p>\n\n\n\n<p>Chce i\u015b\u0107 dalej, jednak Dunbar \u0142apie go za nadgarstek.<\/p>\n\n\n\n<p>&#8211; Zaczekaj.<\/p>\n\n\n\n<p>Odwraca si\u0119, zaskoczony reakcj\u0105.&nbsp;<em>Czy on ma jednak jakie\u015b zalety?<\/em><\/p>\n\n\n\n<p>&#8211; Wiem, co czujesz. Chod\u017a. Opowiem ci wszystko.<\/p>\n\n\n\n<p>&#8211; Dlaczego chcesz mi pom\u00f3c?<\/p>\n\n\n\n<p>&#8211; Jeszcze do nich wr\u00f3cisz.<\/p>\n\n\n\n<p>&#8211; Akurat\u2026<\/p>\n\n\n\n<p>&#8211; Zobaczysz. To b\u0119dzie jednak d\u0142uga i daleka droga.<\/p>\n\n\n\n<p>Spogl\u0105da na Dunbara z coraz bardziej ufnym podej\u015bciem.&nbsp;<em>Carpe diem.<\/em><\/p>\n\n\n\n<p>Ch\u0142opcy id\u0105 obok siebie. Jak zdrajca ze zdrajc\u0105. Wida\u0107 ich jeszcze przez chwil\u0119, zanim burza piaskowa nie zas\u0142ania dw\u00f3ch postawnych sylwetek.<\/p>\n\n\n\n<p class=\"has-text-align-right\"><em>Autorka: Azize<\/em><\/p>\n","protected":false},"excerpt":{"rendered":"<p>Zostajesz wykluczony z Wojownik\u00f3w Lyoko. Nie mo\u017cemy ci ufa\u0107. Ci\u0105gle s\u0142yszy ten g\u0142os Jeremiego w swojej g\u0142owie. Kopie kolejny kamie\u0144 od niechcenia na pustej \u015bcie\u017cce pe\u0142nej wielu zakr\u0119t\u00f3w, gdzie ka\u017cdy z nich ma osobn\u0105 tajemnic\u0119 do odkrycia. Ch\u0119tnie by ka\u017cd\u0105 z nich przeszed\u0142 wzd\u0142u\u017c i wszerz. Jednak nie dzisiaj. Nie w chwili, gdy straci\u0142 wszystko. &hellip;<br \/><a href=\"https:\/\/kodlyoko.pl\/index.php\/artykuly\/kod-lyoko\/nastepca-zdrajcy\/\" class=\"more-link pen_button pen_element_default pen_icon_arrow_double\">Read more<\/a><\/p>\n","protected":false},"author":4,"featured_media":0,"parent":623,"menu_order":0,"comment_status":"closed","ping_status":"closed","template":"","meta":{"footnotes":""},"categories":[41],"tags":[],"class_list":["post-1243","page","type-page","status-publish","hentry","category-artykuly-kod-lyoko"],"_links":{"self":[{"href":"https:\/\/kodlyoko.pl\/index.php\/wp-json\/wp\/v2\/pages\/1243","targetHints":{"allow":["GET"]}}],"collection":[{"href":"https:\/\/kodlyoko.pl\/index.php\/wp-json\/wp\/v2\/pages"}],"about":[{"href":"https:\/\/kodlyoko.pl\/index.php\/wp-json\/wp\/v2\/types\/page"}],"author":[{"embeddable":true,"href":"https:\/\/kodlyoko.pl\/index.php\/wp-json\/wp\/v2\/users\/4"}],"replies":[{"embeddable":true,"href":"https:\/\/kodlyoko.pl\/index.php\/wp-json\/wp\/v2\/comments?post=1243"}],"version-history":[{"count":1,"href":"https:\/\/kodlyoko.pl\/index.php\/wp-json\/wp\/v2\/pages\/1243\/revisions"}],"predecessor-version":[{"id":1244,"href":"https:\/\/kodlyoko.pl\/index.php\/wp-json\/wp\/v2\/pages\/1243\/revisions\/1244"}],"up":[{"embeddable":true,"href":"https:\/\/kodlyoko.pl\/index.php\/wp-json\/wp\/v2\/pages\/623"}],"wp:attachment":[{"href":"https:\/\/kodlyoko.pl\/index.php\/wp-json\/wp\/v2\/media?parent=1243"}],"wp:term":[{"taxonomy":"category","embeddable":true,"href":"https:\/\/kodlyoko.pl\/index.php\/wp-json\/wp\/v2\/categories?post=1243"},{"taxonomy":"post_tag","embeddable":true,"href":"https:\/\/kodlyoko.pl\/index.php\/wp-json\/wp\/v2\/tags?post=1243"}],"curies":[{"name":"wp","href":"https:\/\/api.w.org\/{rel}","templated":true}]}}