{"id":1237,"date":"2021-04-24T21:16:53","date_gmt":"2021-04-24T19:16:53","guid":{"rendered":"http:\/\/kodlyoko.pl\/?page_id=1237"},"modified":"2021-08-08T01:12:10","modified_gmt":"2021-08-07T23:12:10","slug":"kilka-slow-o-fanfikach","status":"publish","type":"page","link":"https:\/\/kodlyoko.pl\/index.php\/artykuly\/redaktorskie\/felietony\/kilka-slow-o-fanfikach\/","title":{"rendered":"Kilka s\u0142\u00f3w o fanfikach"},"content":{"rendered":"\n<p class=\"has-drop-cap\">Siedzia\u0142em sobie razu pewnego i my\u015bla\u0142em, o czym tu napisa\u0107 tekst. Przy tym my\u015bleniu zauwa\u017cy\u0142em pewien trend: obecnie coraz wi\u0119cej opowiada\u0144 pojawiaj\u0105cych si\u0119 w fandomie opiera si\u0119 na &#8220;beyond Lyoko&#8221;. Co to jest? Ano, takim okre\u015bleniem opisuje si\u0119 te teksty fabularne, w kt\u00f3rych w\u0105tek walki w Lyoko jest albo na drugim planie, albo nie pojawia si\u0119 wcale. OK, mo\u017ce jeszcze nie ma co m\u00f3wi\u0107 o wi\u0119kszym nurcie, skoro teraz mamy mo\u017ce trzy-cztery takie teksty, ale&#8230; z tak\u0105 liczebno\u015bci\u0105 fandomu, jak\u0105 mamy, to i tak ju\u017c co\u015b.<\/p>\n\n\n\n<p>Pocz\u0105tkowo my\u015bla\u0142em, \u017ce ten tekst b\u0119dzie bardzo \u0142atwy do napisania, bo po raz kolejny wychodzi na to, \u017ce my\u015bmy zacz\u0119li robi\u0107 co\u015b, co we Francji czy w cz\u0119\u015bci pisz\u0105cej po angielsku jest znane od dawna, tylko po prostu nie by\u0142o komu w Polsce tego robi\u0107. Ale jako \u017ce swoje lata mam, to wylecia\u0142o mi z g\u0142owy, \u017ce to si\u0119 nie zacz\u0119\u0142o od &#8220;After Lyoko&#8221; Magdy, &#8220;Incorrect Code&#8221; Shikari czy mojego &#8220;Bez Lyoko&#8221;, \u017ce tego typu teksty, w kt\u00f3rych nie by\u0142o nacisku na walk\u0119 z Xan\u0105, pojawia\u0142y si\u0119 ju\u017c wcze\u015bniej.<br>Dobrych kilka lat temu pojawi\u0142o si\u0119 kr\u00f3tkie opowiadanie &#8220;Bo \u017cycie kabaretem jest&#8221; autorstwa Dragona. O samych potyczkach z wrogiem nie by\u0142o tam praktycznie nic, bo przedstawiono zwyczajne \u017cycie nastolatk\u00f3w w krzywym zwierciadle. Odd co\u015b wypi\u0142, Jeremie ogl\u0105da\u0142 go\u0142e panienki, ot, codzienno\u015b\u0107. Tyle tylko, \u017ce zrobi\u0142a si\u0119 drobna burza po publikacji, pad\u0142 nawet argument o profanacji kresk\u00f3wki (wtedy nikt nie my\u015blal, \u017ce mo\u017cna przegina\u0107 jeszcze bardziej, cho\u0107by poprzez robione na si\u0142\u0119 crossovery). Specjalistk\u0105 od bardziej obyczajowych fanfick\u00f3w by\u0142a Brie, tak mniej wi\u0119cej w okresie 2014-16 opublikowa\u0142a kilka blog\u00f3w, cho\u0107by &#8220;Dalsze losy Yumi&#8221; (tu z tytu\u0142u wr\u0119cz wynika\u0142o, o czym ma by\u0107), opowiadaj\u0105ce o \u017cyciu &#8220;po Lyoko&#8221; czy te\u017c &#8220;Pani Ishiyama&#8221;, w kt\u00f3rej akcja przeniesiona zosta\u0142a o par\u0119 lat do przodu. Wraz z og\u00f3ln\u0105 posuch\u0105 w fandomie znikn\u0119\u0142y tak\u017ce tego typu teksty. A teraz si\u0119 do tego wraca.<\/p>\n\n\n\n<p>Czemu to wraca? C\u00f3\u017c, moim zdaniem pow\u00f3d jest prosty. Pisa\u0142em swego czasu ca\u0142y artyku\u0142 o starzeniu si\u0119 fandomu, tu bym przyczyny upatrywa\u0142. W fandomie zostaj\u0105 osoby bardziej do\u015bwiadczone \u017cyciowo, kt\u00f3re wiedz\u0105, jak dane sprawy opisa\u0107 nieco bardziej psychologicznie. Na dobr\u0105 spraw\u0119 to by\u0142o nieuniknione, mo\u017cna by\u0142o si\u0119 spodziewa\u0107, \u017ce pr\u0119dzej czy p\u00f3\u017aniej tego typu teksty si\u0119 u nas pojawi\u0105, bo w sumie ile mo\u017cna pisa\u0107 tylko kolejne kontynuacje po 4 serii, w kt\u00f3rych Xana si\u0119 magicznie odradza. Oczywi\u015bcie nie zale\u017cy oczekiwa\u0107, \u017ce wszyscy b\u0119d\u0105 pisa\u0107 tylko w nurcie &#8220;beyond Lyoko&#8221;, bo tak si\u0119 nie stanie, ale my\u015bl\u0119, \u017ce coraz wi\u0119cej tekst\u00f3w powstaj\u0105cych w naszej spo\u0142eczno\u015bci b\u0119dzie sz\u0142o w tym kierunku. Mo\u017ce to by\u0107 chocia\u017c tak zrealizowane jak w &#8220;Fake Love&#8221; autorstwa Azize, gdzie tego w\u0105tku &#8220;lyokonistycznego&#8221; nie ma w og\u00f3le, a bardziej skupiamy si\u0119 na psychologicznym aspekcie, i moim zdaniem to wysz\u0142o bardzo dobrze.<\/p>\n\n\n\n<p>Skoro ju\u017c jeste\u015bmy przy opowiadaniach&#8230; gdy jest podejmowana kwestia &#8220;beyond Lyoko&#8221; (cho\u0107 to, o czym teraz chc\u0119 wspomnie\u0107, dotyczy tw\u00f3rczo\u015bci fanowskiej w og\u00f3le), pojawia si\u0119 problem kanoniczno\u015bci. Niekt\u00f3rzy maj\u0105 obawy, by zmienia\u0107 co\u015b w charakterach bohater\u00f3w, \u017ceby tylko kanonu nie naruszy\u0107, z kolei inni w\u0142a\u015bnie kanon bior\u0105 jako podstawowe kryterium decyduj\u0105ce o opinii na temat danego tekstu. Wydaje mi si\u0119, \u017ce w tw\u00f3rczo\u015bci fanowskiej nie trzeba si\u0119 tak kurczowo kanonu trzyma\u0107. OK, je\u015bli komu\u015b jest tak wygodniej, czemu nie, mo\u017ce pisa\u0107 &#8220;kanonicznie&#8221;. Ale jak kto\u015b chce si\u0119 tym bawi\u0107, zmienia\u0107, modyfikowa\u0107 dla swoich potrzeb &#8211; droga wolna, w ko\u0144cu istnieje co\u015b takiego jak wolno\u015b\u0107 tw\u00f3rcza. Zreszt\u0105&#8230; jak kto\u015b czyta\u0142 opublikowan\u0105 niedawno w polskiej wersji j\u0119zykowej bibli\u0119 koncepcyjn\u0105 (mo\u017cna powiedzie\u0107, taki kanon spisany w dokument oficjalny) i por\u00f3wna\u0142 j\u0105 z serialem, to wie, \u017ce nawet kanon opracowany przez tw\u00f3rc\u00f3w mo\u017cna zmienia\u0107. Wi\u0119c czemu by fani nie mogli? \ud83d\ude09 Szczerze m\u00f3wi\u0105c to bardziej ni\u017c zabawy z kanonem mierzwi mnie, gdy kto\u015b umieszcza w\u0105tki, o kt\u00f3rych nie ma poj\u0119cia. O co mi chodzi? Ot\u00f3\u017c: w takich opowiadaniach zdarza si\u0119, \u017ce s\u0105 poruszane tematy powa\u017cniejsze (cho\u0107by polityczne albo religijne). Je\u015bli jest to umiej\u0119tnie wpisane w fanfick, to mo\u017ce stanowi\u0107 to jego dodatkowy walor. Ale je\u015bli jest to wklepane bez znajomo\u015bci tematu, albo, co w sumie nawet gorsze, tylko po to, by uprawia\u0107 \u0142opatologiczn\u0105 pr\u00f3b\u0119 wkr\u0119cania ideologii, no to mo\u017ce to szkodzi\u0107, je\u015bli pozosta\u0142e aspekty artystyczne tego nie nadrabiaj\u0105.<\/p>\n\n\n\n<p>To, czego mi osobi\u015bcie brakuje w opowiadaniach, teraz m\u00f3wi\u0105c ju\u017c nieco bardziej og\u00f3lnie, nie tylko w nurcie &#8220;beyond Lyoko&#8221; (cho\u0107 na dobr\u0105 spraw\u0119 chocia\u017cby to co ja pisz\u0119 w &#8220;Bez Lyoko&#8221; albo Magda Lena w &#8220;After Lyoko&#8221; mo\u017cna nazwa\u0107 po w\u0142osku &#8220;dopo Lyoko&#8221;), to niekiedy taki brak humorystycznych tekst\u00f3w. Wi\u0119kszo\u015b\u0107 tak jakby upar\u0142a si\u0119 na to, aby pisa\u0107 wszystko na powa\u017cnie, \u017cadnej parodii, \u017cadnych \u017cart\u00f3w i innych tego typu rzeczy, tak jakby si\u0119 ba\u0142a. Nie ma czego, w fandomie te\u017c potrzebujemy si\u0119 po\u015bmia\u0107. Nie b\u00f3jmy si\u0119 parodii i groteski. to nie jest profanacja, a mo\u017ce by\u0107 z tego niez\u0142a zabawa \ud83d\ude09<\/p>\n","protected":false},"excerpt":{"rendered":"<p>Siedzia\u0142em sobie razu pewnego i my\u015bla\u0142em, o czym tu napisa\u0107 tekst. Przy tym my\u015bleniu zauwa\u017cy\u0142em pewien trend: obecnie coraz wi\u0119cej opowiada\u0144 pojawiaj\u0105cych si\u0119 w fandomie opiera si\u0119 na &#8220;beyond Lyoko&#8221;. Co to jest? Ano, takim okre\u015bleniem opisuje si\u0119 te teksty fabularne, w kt\u00f3rych w\u0105tek walki w Lyoko jest albo na drugim planie, albo nie pojawia &hellip;<br \/><a href=\"https:\/\/kodlyoko.pl\/index.php\/artykuly\/redaktorskie\/felietony\/kilka-slow-o-fanfikach\/\" class=\"more-link pen_button pen_element_default pen_icon_arrow_double\">Read more<\/a><\/p>\n","protected":false},"author":5,"featured_media":0,"parent":2587,"menu_order":0,"comment_status":"closed","ping_status":"closed","template":"","meta":{"footnotes":""},"categories":[50],"tags":[],"class_list":["post-1237","page","type-page","status-publish","hentry","category-artykuly-felietony"],"_links":{"self":[{"href":"https:\/\/kodlyoko.pl\/index.php\/wp-json\/wp\/v2\/pages\/1237","targetHints":{"allow":["GET"]}}],"collection":[{"href":"https:\/\/kodlyoko.pl\/index.php\/wp-json\/wp\/v2\/pages"}],"about":[{"href":"https:\/\/kodlyoko.pl\/index.php\/wp-json\/wp\/v2\/types\/page"}],"author":[{"embeddable":true,"href":"https:\/\/kodlyoko.pl\/index.php\/wp-json\/wp\/v2\/users\/5"}],"replies":[{"embeddable":true,"href":"https:\/\/kodlyoko.pl\/index.php\/wp-json\/wp\/v2\/comments?post=1237"}],"version-history":[{"count":1,"href":"https:\/\/kodlyoko.pl\/index.php\/wp-json\/wp\/v2\/pages\/1237\/revisions"}],"predecessor-version":[{"id":1238,"href":"https:\/\/kodlyoko.pl\/index.php\/wp-json\/wp\/v2\/pages\/1237\/revisions\/1238"}],"up":[{"embeddable":true,"href":"https:\/\/kodlyoko.pl\/index.php\/wp-json\/wp\/v2\/pages\/2587"}],"wp:attachment":[{"href":"https:\/\/kodlyoko.pl\/index.php\/wp-json\/wp\/v2\/media?parent=1237"}],"wp:term":[{"taxonomy":"category","embeddable":true,"href":"https:\/\/kodlyoko.pl\/index.php\/wp-json\/wp\/v2\/categories?post=1237"},{"taxonomy":"post_tag","embeddable":true,"href":"https:\/\/kodlyoko.pl\/index.php\/wp-json\/wp\/v2\/tags?post=1237"}],"curies":[{"name":"wp","href":"https:\/\/api.w.org\/{rel}","templated":true}]}}