{"id":123,"date":"2021-02-25T18:40:22","date_gmt":"2021-02-25T18:40:22","guid":{"rendered":"http:\/\/kodlyoko.pl\/?page_id=123"},"modified":"2021-02-25T18:48:21","modified_gmt":"2021-02-25T18:48:21","slug":"artykuly","status":"publish","type":"page","link":"https:\/\/kodlyoko.pl\/index.php\/artykuly\/","title":{"rendered":"Artyku\u0142y"},"content":{"rendered":"\n\n<!-- Page-list plugin v.5.6 wordpress.org\/plugins\/page-list\/ -->\n<ul class=\"page-list subpages-page-list page-list-cols-2\">\n<li class=\"page_item page-item-3499 page_item_has_children\"><a href=\"https:\/\/kodlyoko.pl\/index.php\/artykuly\/encyklopedia\/\">Encyklopedia<\/a><\/li>\n<li class=\"page_item page-item-623 page_item_has_children\"><a href=\"https:\/\/kodlyoko.pl\/index.php\/artykuly\/kod-lyoko\/\">Kod Lyoko<\/a><\/li>\n<li class=\"page_item page-item-3385 page_item_has_children\"><a href=\"https:\/\/kodlyoko.pl\/index.php\/artykuly\/opowiadania\/\">Opowiadania<\/a><\/li>\n<li class=\"page_item page-item-3495 page_item_has_children\"><a href=\"https:\/\/kodlyoko.pl\/index.php\/artykuly\/poradniki\/\">Poradniki<\/a><\/li>\n<li class=\"page_item page-item-3391 page_item_has_children\"><a href=\"https:\/\/kodlyoko.pl\/index.php\/artykuly\/redaktorskie\/\">Redaktorskie<\/a><\/li>\n<li class=\"page_item page-item-3393 page_item_has_children\"><a href=\"https:\/\/kodlyoko.pl\/index.php\/artykuly\/tworczosc-niekonwencjonalna\/\">Tw\u00f3rczo\u015b\u0107 niekonwencjonalna<\/a><\/li>\n\n<\/ul>\n","protected":false},"excerpt":{"rendered":"","protected":false},"author":1,"featured_media":0,"parent":0,"menu_order":0,"comment_status":"closed","ping_status":"closed","template":"","meta":{"footnotes":""},"categories":[],"tags":[],"class_list":["post-123","page","type-page","status-publish","hentry"],"_links":{"self":[{"href":"https:\/\/kodlyoko.pl\/index.php\/wp-json\/wp\/v2\/pages\/123","targetHints":{"allow":["GET"]}}],"collection":[{"href":"https:\/\/kodlyoko.pl\/index.php\/wp-json\/wp\/v2\/pages"}],"about":[{"href":"https:\/\/kodlyoko.pl\/index.php\/wp-json\/wp\/v2\/types\/page"}],"author":[{"embeddable":true,"href":"https:\/\/kodlyoko.pl\/index.php\/wp-json\/wp\/v2\/users\/1"}],"replies":[{"embeddable":true,"href":"https:\/\/kodlyoko.pl\/index.php\/wp-json\/wp\/v2\/comments?post=123"}],"version-history":[{"count":2,"href":"https:\/\/kodlyoko.pl\/index.php\/wp-json\/wp\/v2\/pages\/123\/revisions"}],"predecessor-version":[{"id":131,"href":"https:\/\/kodlyoko.pl\/index.php\/wp-json\/wp\/v2\/pages\/123\/revisions\/131"}],"wp:attachment":[{"href":"https:\/\/kodlyoko.pl\/index.php\/wp-json\/wp\/v2\/media?parent=123"}],"wp:term":[{"taxonomy":"category","embeddable":true,"href":"https:\/\/kodlyoko.pl\/index.php\/wp-json\/wp\/v2\/categories?post=123"},{"taxonomy":"post_tag","embeddable":true,"href":"https:\/\/kodlyoko.pl\/index.php\/wp-json\/wp\/v2\/tags?post=123"}],"curies":[{"name":"wp","href":"https:\/\/api.w.org\/{rel}","templated":true}]}}