{"id":1214,"date":"2021-04-24T20:40:10","date_gmt":"2021-04-24T18:40:10","guid":{"rendered":"http:\/\/kodlyoko.pl\/?page_id=1214"},"modified":"2021-05-03T20:51:37","modified_gmt":"2021-05-03T18:51:37","slug":"code-lyoko-project-lyoko-prolog","status":"publish","type":"page","link":"https:\/\/kodlyoko.pl\/index.php\/artykuly\/kod-lyoko\/code-lyoko-project-lyoko-prolog\/","title":{"rendered":"Code Lyoko &#8211; Project Lyoko: prolog"},"content":{"rendered":"\n<p class=\"has-drop-cap\"><em>[Pok\u00f3j Jeremiego &#8211; Kadic &#8211; 22:40]<\/em><br><br>???: Jeremy&#8230; &#8211; Powiedzia\u0142a tajemnicza posta\u0107.<br>Jeremy: Co do&#8230;<br>???: Jeremy tutaj&#8230;<br>Jeremy: Kim ty jeste\u015b? &#8211; Zapyta\u0142<br>???: Nied\u0142ugo sam si\u0119 przekonasz &#8211; Powiedzia\u0142a tajemnicza posta\u0107 u\u015bmiechajac si\u0119 z\u0142owrogo.<br><br><em>*Jeremy si\u0119 obudzi\u0142*<\/em><br><br>Jeremy: Co to by\u0142o? Czy\u017cby to by\u0142&#8230; Nie, to niemo\u017cliwe, pokonali\u015bmy go. To pewnie skutki siedzenia przed komputerem. &#8211; powiedzia\u0142 zasypiaj\u0105c.<br><br><em>*Przez reszt\u0119 nocy pada\u0142 deszcz a Jeremiemu dalej przeszkadza\u0142o to co mu si\u0119 przy\u015bni\u0142o*<\/em><br><br><em>[Nazajutrz &#8211; Automaty &#8211; 7:40]<\/em><br><br><em>*Odd razem z Ulrichem i Yumi gadali o wszystkim co si\u0119 im do tej pory przydarz\u0142o kiedy nagle niespodziewanie&nbsp;<\/em><em>przyszed\u0142 Jeremy*<\/em><br><br>Odd: Witaj Einsteinie, jak tam noc? Wygl\u0105dasz jakby\u015b nie spa\u0142 z tydzie\u0144.<br>Jeremy: Tak w\u0142a\u015bciwie to nie spa\u0142em ca\u0142\u0105 noc &#8211; odpowiedzia\u0142 wyko\u0144czony blondyn.<br>Ulrich: Co\u015b si\u0119 sta\u0142o \u017ce nie spa\u0142e\u015b ca\u0142\u0105 noc? Czy pracowa\u0142e\u015b nad czym\u015b? &#8211; zapyta\u0142<br>Jeremy: Mia\u0142em sen, a raczej koszmar kto\u015b do mnie m\u00f3wi\u0142 ale nie wiedzia\u0142em kto. &#8211; odpowiedzia\u0142.<br>Yumi: My\u015blisz \u017ce to XANA?<br>Jeremy:W\u0105tpie, je\u015bli XANA by \u017cy\u0142, musia\u0142by aktywowa\u0107 wie\u017c\u0119 \u017ceby co\u015b mi zrobi\u0107&#8230; a poza tym gdzie Aelita?<br>Ulrich: Bodaj\u017ce siedzi z Williamem w bibliotece.<br>Jeremy: Z Williamem? &#8211; zapyta\u0142 wkurzony.<br>Odd: Ooo nasz Einstein si\u0119 zakocha\u0142! Znowu ahhh ta mi\u0142o\u015b\u0107<br>Jeremy: Ta&#8230;. tak sobie to t\u0142umacz&#8230;. id\u0119 do Aelity, narazie.<br><br><em>*Ca\u0142a tr\u00f3jka po\u017cegna\u0142a si\u0119 i zaczeli znowu rozmawia\u0107*<\/em><br><br>[Biblioteka &#8211; Kadic &#8211; 7:43]<br><br><em>*Jeremy kiedy wchodzi\u0142 do biblioteki zauwa\u017cy\u0142 ch\u0142opca kt\u00f3rego nigdy w \u017cyciu nie widzia\u0142*<\/em><br><br>(To pewnie jaki\u015b nowy) &#8211; Pomy\u015bla\u0142<br><br><em>*Nagle ch\u0142opak upada i Jeremy postanawia mu pom\u00f3c*<\/em><br><br>Jeremy: Hej, wszystko dobrze?<br>???: Tak, wielkie dzi\u0119ki&#8230; eee&#8230;.<br>Jeremy: Jeremy. M\u00f3w mi Jeremy<br>???: Wielkie dzi\u0119ki, Jeremy. Ja jestem Anton.<br>Jeremy: Nie ma sprawy, Anton.<br><br><em>*Nagle Jeremy zauwa\u017ca co\u015b dziwnego w Antonie &#8211; oczy mia\u0142 ciemniejsze od jego*<\/em><br><br>Jeremy: Hej, czy wszystko dobrze z twoim okiem?<br>Anton: C\u00f3\u017c, wiec jestem niewidomy. &#8211; Odpowiedzia\u0142<br>Jeremy: Czy dyrektor o tym wie?<br>Anton: Ka\u017cdy w szkole to wie ale nie ma sposobu \u017cebym chocia\u017c raz co\u015b widzia\u0142. S\u0142uchaj musze lecie\u0107 i&#8230;<br><br><em>*Nagle nieznana posta\u0107 wchodzi do biblioteki*<\/em><br><br>???: Anton tu jeste\u015b! Wsz\u0119dzie ci\u0119 szukam. Chod\u017a, lekarz ju\u017c czeka.<br>Anton: Dobra, to ja lec\u0119, narazie.<br>Jeremy: Cze\u015b\u0107 Anton.<br><br><em>*Jeremy w ko\u0144cu m\u00f3g\u0142 w spokoju poszuka\u0107 Aelity i Williama*<\/em><br><br>Jeremy: To niemo\u017cliwe, przeszuka\u0142em ca\u0142\u0105 bibliotek\u0119 i ich nigdzie nie ma.<br><br><em>*Jeremy wko\u0144cu wyci\u0105gn\u0105 kom\u00f3rke i postanawia zadzwoni\u0107 do Aelity*<\/em><br><br>{Jeremy: Halo Aelita? S\u0142yszysz mnie?}<br>{Aelita: Tak. Czemu dzwonisz?} &#8211; zapyta\u0142a<br>{Jeremy: Szuka\u0142em ci\u0119, Ulrich powiedzia\u0142 \u017ce jeste\u015b w bibliotece z Williamem ale nigdzie cie nie ma}<br>{Aelita: Poniewa\u017c jestem z nim na sto\u0142\u00f3wce. A co, chcia\u0142e\u015b do nas do\u0142\u0105czy\u0107?<br>{Jeremy: Nie nie&#8230; Chcia\u0142em sprawdzi\u0107 czy wszystko jest okej}<br>{Aelita: S\u0142uchaj, musze ko\u0144czy\u0107 je\u015bli chcesz wpadnij do nas do sto\u0142\u00f3wki}<br>{Jeremy: Okej, mo\u017ce wpadne. Narazie}<br>&#8212;Po\u0142\u0105czenie zako\u0144czone&#8212;<br><br><em>*Jeremy cho\u0107 z ni\u0119ch\u0119ci\u0105 &#8211; nie chcia\u0142 znowu spotka\u0107 si\u0119 z Williamem &#8211; postanowi\u0142 p\u00f3j\u015b\u0107 do sto\u0142\u00f3wki*<\/em><br><br>[Sto\u0142\u00f3wka &#8211; Kadic &#8211; 7:50]<br><br>William: Wi\u0119c&#8230; ehhh&#8230;<br>Aelita: O co chodzi?<br>William: Mam do ciebie takie pytanie.<br>Aelita: No to zamieniam si\u0119 w s\u0142uch.<br>William: Dobra s\u0142uchaj, wi\u0119c&#8230; Nie tesknisz za Lyoko?<br>Aelita: C\u00f3\u017c&#8230; Lyoko by\u0142o przez chwil\u0119 moim domem &#8211; odpowiedzia\u0142a r\u00f3\u017c\u00f3wow\u0142osa.<br><br><em>*Nagle w ko\u0144cu zjawi\u0142 si\u0119 wkurzony blondyn*<\/em><\/p>\n\n\n\n<p><br>Jeremy: Aelita, mo\u017cemy pogada\u0107 na osobno\u015bci?<br>Aelita: Jasne &#8211; odpowiedzia\u0142a udaj\u0105c si\u0119 razem z nim przed sto\u0142\u00f3wk\u0119.<br><br>Aelita: Wiec o co chodzi?<br>Jeremy: Mia\u0142em dzi\u015b sen, by\u0142a tam tajemnicza posta\u0107, kt\u00f3ra co\u015b do mnie m\u00f3wi\u0142a.<br>Aelita: My\u015blisz \u017ce&#8230;<br>Jeremy: Mo\u017cemy nie wymawia\u0107 jego imienia?<br><br><em>*Nagle do gadaj\u0105cej dw\u00f3jki do\u0142\u0105cza si\u0119 William*<\/em><br><br>William: Hej co\u015b si\u0119 dzieje?<br>Jeremy: Nic specjalnego i nic istotnego dla ciebie.<br>Aelita: Jeremy!<br><br><em>*Nagle co\u015b dziwnego zaczyna si\u0119 dzia\u0107, z nieba prosto w Kadic uderzy\u0142 laser*<\/em><br><br>Jim: Wszyscy do budynku ale ju\u017c!!!!!!!!!<br>William: Szy&#8230;<br><br><em>*Czarnow\u0142osy nie zd\u0105\u017cy\u0142 nic powiedzie\u0107 poniewa\u017c laser waln\u0105\u0142 tu\u017c obok nich*<\/em><br><br><em>[Kilka godzin p\u00f3\u017cniej&#8230; &#8211; Szpital &#8211; Miasto &#8211; 19:24]<\/em><br><br>Jeremy: Co, gdzie ja&#8230;<br>Lekarz: Spokojnie, ruszaj si\u0119 powoli&#8230; jeste\u015b w szpitalu, zosta\u0142e\u015b zraniony przez ogromny wybuch.<br>Jeremy: Chwila&#8230; gdzie Aelita i William?<br>Lekarz: Je\u015bli chodzi ci o t\u0105 dw\u00f3jke to dziewczyna jest w dobrym stanie a ten ch\u0142opak&#8230;<br>Jeremy: Co z nim?<br>Lekarz: Podczas wybuchu zas\u0142oni\u0142 ciebie i dziewczyne swoim cia\u0142em&#8230; niestety ch\u0142opak straci\u0142 praw\u0105 d\u0142o\u0144<br><br><em>*Do Jeremiego dosz\u0142a w\u0142asnie jedna wiadomo\u015b\u0107 \u017ce cz\u0142owiek kt\u00f3rego nienawidzi\u0142, kt\u00f3rego nie chcia\u0142 widzie\u0107,&nbsp;uratowa\u0142 go od powa\u017cniejszych ran*<\/em><br><br><em>-Kilka tygodni p\u00f3\u017aniej tr\u00f3jka bohater\u00f3w wr\u00f3ci\u0142a do Kadic jednak co\u015b zwr\u00f3ci\u0142o ich uwag\u0119-<\/em><br><br>William: Ej, widzicie to?<br>Aelita: Co takiego? &#8211; Zapyta\u0142a Aelita<br>William: Tak jakby co\u015b zosta\u0142o wypalone w miejscu eksplozji.<br>Jeremy: Faktycznie co\u015b tam jest.<br><br>-Ca\u0142a tr\u00f3jka postanowi\u0142a sprawdzi\u0107 to zjawisko&#8230; kiedy byli ju\u017c w miejscu wybuchu zobaczyli co\u015b co rozwia\u0142o ich&nbsp;w\u0105tpliwo\u015bci-<br><br>Jeremy: To&#8230;to to nie mo\u017cliwe<br>William: To nie mo\u017ce si\u0119 dzia\u0107<br><br>-Ca\u0142a tr\u00f3jka by\u0142a zszokowana ale wiedzieli co to oznacza na samym \u015brodku zosta\u0142 wypalony symbol XANY to nie&nbsp;by\u0142 przypadek to oznacza \u017ce&#8230; Wojownicy musz\u0105 si\u0119 zjednoczy\u0107.<br><br><br><em>Autor: MrSmalec<\/em><\/p>\n","protected":false},"excerpt":{"rendered":"<p>[Pok\u00f3j Jeremiego &#8211; Kadic &#8211; 22:40] ???: Jeremy&#8230; &#8211; Powiedzia\u0142a tajemnicza posta\u0107.Jeremy: Co do&#8230;???: Jeremy tutaj&#8230;Jeremy: Kim ty jeste\u015b? &#8211; Zapyta\u0142???: Nied\u0142ugo sam si\u0119 przekonasz &#8211; Powiedzia\u0142a tajemnicza posta\u0107 u\u015bmiechajac si\u0119 z\u0142owrogo. *Jeremy si\u0119 obudzi\u0142* Jeremy: Co to by\u0142o? Czy\u017cby to by\u0142&#8230; Nie, to niemo\u017cliwe, pokonali\u015bmy go. To pewnie skutki siedzenia przed komputerem. &#8211; powiedzia\u0142 &hellip;<br \/><a href=\"https:\/\/kodlyoko.pl\/index.php\/artykuly\/kod-lyoko\/code-lyoko-project-lyoko-prolog\/\" class=\"more-link pen_button pen_element_default pen_icon_arrow_double\">Read more<\/a><\/p>\n","protected":false},"author":2,"featured_media":0,"parent":623,"menu_order":0,"comment_status":"open","ping_status":"closed","template":"","meta":{"footnotes":""},"categories":[41],"tags":[],"class_list":["post-1214","page","type-page","status-publish","hentry","category-artykuly-kod-lyoko"],"_links":{"self":[{"href":"https:\/\/kodlyoko.pl\/index.php\/wp-json\/wp\/v2\/pages\/1214","targetHints":{"allow":["GET"]}}],"collection":[{"href":"https:\/\/kodlyoko.pl\/index.php\/wp-json\/wp\/v2\/pages"}],"about":[{"href":"https:\/\/kodlyoko.pl\/index.php\/wp-json\/wp\/v2\/types\/page"}],"author":[{"embeddable":true,"href":"https:\/\/kodlyoko.pl\/index.php\/wp-json\/wp\/v2\/users\/2"}],"replies":[{"embeddable":true,"href":"https:\/\/kodlyoko.pl\/index.php\/wp-json\/wp\/v2\/comments?post=1214"}],"version-history":[{"count":1,"href":"https:\/\/kodlyoko.pl\/index.php\/wp-json\/wp\/v2\/pages\/1214\/revisions"}],"predecessor-version":[{"id":1217,"href":"https:\/\/kodlyoko.pl\/index.php\/wp-json\/wp\/v2\/pages\/1214\/revisions\/1217"}],"up":[{"embeddable":true,"href":"https:\/\/kodlyoko.pl\/index.php\/wp-json\/wp\/v2\/pages\/623"}],"wp:attachment":[{"href":"https:\/\/kodlyoko.pl\/index.php\/wp-json\/wp\/v2\/media?parent=1214"}],"wp:term":[{"taxonomy":"category","embeddable":true,"href":"https:\/\/kodlyoko.pl\/index.php\/wp-json\/wp\/v2\/categories?post=1214"},{"taxonomy":"post_tag","embeddable":true,"href":"https:\/\/kodlyoko.pl\/index.php\/wp-json\/wp\/v2\/tags?post=1214"}],"curies":[{"name":"wp","href":"https:\/\/api.w.org\/{rel}","templated":true}]}}