{"id":108,"date":"2021-02-24T19:15:19","date_gmt":"2021-02-24T19:15:19","guid":{"rendered":"http:\/\/kodlyoko.pl\/?page_id=108"},"modified":"2021-04-19T16:03:19","modified_gmt":"2021-04-19T16:03:19","slug":"inne-postacie","status":"publish","type":"page","link":"https:\/\/kodlyoko.pl\/index.php\/kod-lyoko-ewolucja-2\/inne-postacie\/","title":{"rendered":"Inne Postacie"},"content":{"rendered":"\n<div class=\"wp-block-image\"><figure class=\"alignleft size-large\"><img decoding=\"async\" src=\"https:\/\/encrypted-tbn2.gstatic.com\/images?q=tbn:ANd9GcTpiQMMACo2B29bdQGXKa32hZY8f9y0HQdFl_uC_zvcyioPULJhHQ\" alt=\"\"\/><\/figure><\/div>\n\n\n\n<p class=\"has-text-align-left\"><strong>Anthea Hopper-Schaeffer<\/strong><\/p>\n\n\n\n<p>Jest zaginion\u0105 matk\u0105 Aelity i \u017con\u0105 Franza Hoppera. W retrospekcjach Aelity w odcinku 52, &#8220;Klucze&#8221;, zosta\u0142a przedstawiona jako m\u0142oda kobieta z w\u0142osami do ramion w kolorze jasnego r\u00f3\u017cu, mia\u0142a czarne oczy i jasnobr\u0105zow\u0105 sk\u00f3r\u0119 .<\/p>\n\n\n\n<p>Po porwaniu (pokazanym w odcinku 82, &#8220;Odleg\u0142e wspomnienia&#8221; przez agent\u00f3w ubranych na czarno podczas wakacji w Mountain Cabin, Aelita i Franz Hopper przenie\u015bli si\u0119 do pustelni, a p\u00f3\u017aniej zwirtualizowali si\u0119 w Lyoko.<\/p>\n\n\n\n<p>Jej panie\u0144skie nazwisko to Hopper. Gdy Waldo Schaeffer (aka Franz Hopper) zmieni\u0142 nazwisko, wzi\u0105\u0142 jej panie\u0144skie nazwisko, aby ukry\u0107 si\u0119 przed wrogami. Folder projektu Kartagina zawiera r\u00f3wnie\u017c zdj\u0119cie Anthei podczas ci\u0105\u017cy z Aelita. To daje wyobra\u017cenie o d\u0142ugo\u015bci projektu Kartagina.<\/p>\n\n\n\n<p>W pi\u0105tym sezonie, Anthea zosta\u0142a przedstawiona jak posta\u0107 z w\u0142osami koloru blond zamiast jasnego r\u00f3\u017cu, kt\u00f3ry odziedziczy\u0142a Aelita. Nie wiadomo, dlaczego jej kolor w\u0142os\u00f3w zosta\u0142 zmieniony. Wed\u0142ug informacji podanych w Ewolucji, Anthea wysz\u0142a za m\u0105\u017c za Lowella Tyrona.<\/p>\n\n\n\n<div class=\"wp-block-image\"><figure class=\"alignleft size-large\"><img decoding=\"async\" src=\"https:\/\/encrypted-tbn1.gstatic.com\/images?q=tbn:ANd9GcSNg-SZ_ZxKh-0f-7FgeAheOwHcwK0mtySWAgKzcnrOCEsvcdFM\" alt=\"\"\/><\/figure><\/div>\n\n\n\n<p><strong>Profesor Lowell Tyron<\/strong><\/p>\n\n\n\n<p>Lowell Tyron jest nowym i g\u0142\u00f3wnym wrogiem wojownik\u00f3w Lyoko w Code Lyoko Evolution. Pracowa\u0142 z Franzem Hopperem, co wida\u0107 w jednym z odcink\u00f3w, ale zosta\u0142 wyrzucony z zespo\u0142u, gdy\u017c nie s\u0142ucha\u0142 instrukcji Hoppera i chcia\u0142 wykorzysta\u0107 wszystko co razem opracowali tylko dla w\u0142asnych cel\u00f3w. Zdradzi\u0142 Franza, a w latach 2003 &#8211; 2006 zbudowa\u0142 sw\u00f3j w\u0142asny superkomputer i stworzy\u0142 replik\u0119 Cortexu. Doprowadzi\u0142o to do odrodzenia Xany. Walka Tyrona przeciwko wojownikom Lyoko polega na wysy\u0142aniu swych ludzkich \u017co\u0142nierzy zwanych ninja do rdzenia Cortexu. Istnieje pewne prawdopodobie\u0144stwo, \u017ce Tyron m\u00f3g\u0142 by\u0107 zaanga\u017cowany w Projekt Kartagina. Pracuje z nim matka Aelity, kt\u00f3ra jest nie\u015bwiadoma tego, \u017ce walczy ze swoj\u0105 c\u00f3rk\u0105 i jej przyjaci\u00f3\u0142mi. Tyron nie wie, \u017ce XANA jest w jego superkomputerze. Wys\u0142a\u0142 jednego ze swoich pracownik\u00f3w &#8211; Gravena by odkry\u0142 superkomputer dzi\u0119ki nadajnik, jaki ninja zostawi\u0142 w Kartaginie (sektor V). Nadajnik zosta\u0142 usuni\u0119ty, lecz Tyron wie, \u017ce superkomputer jest w pobl\u017cu szko\u0142y Kadic. Wiadomo, \u017ce Graven zn\u00f3w tam przyb\u0119dzie wraz z Tyronem, kt\u00f3rzy z\u0142api\u0105 Yumi.<\/p>\n","protected":false},"excerpt":{"rendered":"<p>Anthea Hopper-Schaeffer Jest zaginion\u0105 matk\u0105 Aelity i \u017con\u0105 Franza Hoppera. W retrospekcjach Aelity w odcinku 52, &#8220;Klucze&#8221;, zosta\u0142a przedstawiona jako m\u0142oda kobieta z w\u0142osami do ramion w kolorze jasnego r\u00f3\u017cu, mia\u0142a czarne oczy i jasnobr\u0105zow\u0105 sk\u00f3r\u0119 . Po porwaniu (pokazanym w odcinku 82, &#8220;Odleg\u0142e wspomnienia&#8221; przez agent\u00f3w ubranych na czarno podczas wakacji w Mountain Cabin, &hellip;<br \/><a href=\"https:\/\/kodlyoko.pl\/index.php\/kod-lyoko-ewolucja-2\/inne-postacie\/\" class=\"more-link pen_button pen_element_default pen_icon_arrow_double\">Read more<\/a><\/p>\n","protected":false},"author":1,"featured_media":0,"parent":113,"menu_order":0,"comment_status":"closed","ping_status":"closed","template":"","meta":{"footnotes":""},"categories":[36],"tags":[],"class_list":["post-108","page","type-page","status-publish","hentry","category-menu-kod-lyoko-ewolucja"],"_links":{"self":[{"href":"https:\/\/kodlyoko.pl\/index.php\/wp-json\/wp\/v2\/pages\/108","targetHints":{"allow":["GET"]}}],"collection":[{"href":"https:\/\/kodlyoko.pl\/index.php\/wp-json\/wp\/v2\/pages"}],"about":[{"href":"https:\/\/kodlyoko.pl\/index.php\/wp-json\/wp\/v2\/types\/page"}],"author":[{"embeddable":true,"href":"https:\/\/kodlyoko.pl\/index.php\/wp-json\/wp\/v2\/users\/1"}],"replies":[{"embeddable":true,"href":"https:\/\/kodlyoko.pl\/index.php\/wp-json\/wp\/v2\/comments?post=108"}],"version-history":[{"count":3,"href":"https:\/\/kodlyoko.pl\/index.php\/wp-json\/wp\/v2\/pages\/108\/revisions"}],"predecessor-version":[{"id":120,"href":"https:\/\/kodlyoko.pl\/index.php\/wp-json\/wp\/v2\/pages\/108\/revisions\/120"}],"up":[{"embeddable":true,"href":"https:\/\/kodlyoko.pl\/index.php\/wp-json\/wp\/v2\/pages\/113"}],"wp:attachment":[{"href":"https:\/\/kodlyoko.pl\/index.php\/wp-json\/wp\/v2\/media?parent=108"}],"wp:term":[{"taxonomy":"category","embeddable":true,"href":"https:\/\/kodlyoko.pl\/index.php\/wp-json\/wp\/v2\/categories?post=108"},{"taxonomy":"post_tag","embeddable":true,"href":"https:\/\/kodlyoko.pl\/index.php\/wp-json\/wp\/v2\/tags?post=108"}],"curies":[{"name":"wp","href":"https:\/\/api.w.org\/{rel}","templated":true}]}}